{"id":9283,"date":"2022-08-22T15:47:42","date_gmt":"2022-08-22T13:47:42","guid":{"rendered":"https:\/\/www.begenat.com\/?post_type=product&#038;p=9283"},"modified":"2025-08-14T09:50:28","modified_gmt":"2025-08-14T07:50:28","slug":"ec-1001-pol-d","status":"publish","type":"product","link":"https:\/\/www.begenat.com\/en\/produit\/ec-1001-pol-d\/","title":{"rendered":"EC.1001-POL-D"},"content":{"rendered":"<p>Oculaires Grand champ WF10x\/18mm, s\u00e9curis\u00e9 et \u00e9quip\u00e9 d\u0092un pointeur, Tube monoculaire inclin\u00e9 \u00e0 30\u00b0, T\u00eate tournante \u00e0 discussion sur 360\u00b0, Tourelle Pour 4 objectifs, Objectifs Achromatiques DIN 4x\/ 0.10, 10x\/0.25, S40x\/0.65, Mise au point Ajustements macro et microm\u00e9trique coaxiales avec graduations 0.002 mm, Condenseur Abbe O.N. 1.25 r\u00e9glable en hauteur et \u00e9quip\u00e9 d\u0092un diaphragme \u00e0 iris et porte fi ltre, P latine Ronde 129 mm de diam\u00e8tre avec deux valets, tournante sur 360\u00b0, Filtre de polarisation escamotable mont\u00e9 sur le collecteur de lumi\u00e8re, rotation et graduation sur 360\u00b0. L\u0092analyseur escamotable par tirette est mont\u00e9 dans la t\u00eate du microscope, \u00c9clairage halog\u00e8ne avec intensit\u00e9 r\u00e9glable et avec alimentation int\u00e9gr\u00e9e au socle pour tensions de 85 \u00e0 230 V.<\/p>\n","protected":false},"excerpt":{"rendered":"<p>Oculaires Grand champ WF10x\/18mm, s\u00e9curis\u00e9 et \u00e9quip\u00e9 d\u0092un pointeur, Tube monoculaire inclin\u00e9 \u00e0 30\u00b0, T\u00eate tournante \u00e0 discussion sur 360\u00b0, Tourelle Pour 4 objectifs, Objectifs Achromatiques DIN 4x\/ 0.10, 10x\/0.25, S40x\/0.65, Mise au point Ajustements macro et microm\u00e9trique coaxiales avec graduations 0.002 mm, Condenseur Abbe O.N. 1.25 r\u00e9glable en hauteur et \u00e9quip\u00e9 d\u0092un diaphragme \u00e0 [&hellip;]<\/p>\n","protected":false},"featured_media":101787,"comment_status":"closed","ping_status":"closed","template":"","meta":{"_acf_changed":false},"product_brand":[],"product_cat":[100421,100361,100422],"product_tag":[],"class_list":{"0":"post-9283","1":"product","2":"type-product","3":"status-publish","4":"has-post-thumbnail","6":"product_cat-microscope-tete-a-discussion","7":"product_cat-microscopes-et-lames","8":"product_cat-microscopes-polarisants","10":"first","11":"instock","12":"taxable","13":"shipping-taxable","14":"purchasable","15":"product-type-simple"},"acf":[],"yoast_head":"<!-- This site is optimized with the Yoast SEO plugin v27.4 - https:\/\/yoast.com\/product\/yoast-seo-wordpress\/ -->\n<title>EC.1001-POL-D pour SVT - Coll\u00e8ge, Lyc\u00e9e, Universit\u00e9 - B\u00e9g\u00e9nat<\/title>\n<meta name=\"description\" content=\"EC.1001-POL-D pour enseignement SVT. Livraison sous 48h en France m\u00e9tropolitaine !\" \/>\n<meta name=\"robots\" content=\"index, follow, max-snippet:-1, max-image-preview:large, max-video-preview:-1\" \/>\n<link rel=\"canonical\" href=\"https:\/\/www.begenat.com\/en\/produit\/ec-1001-pol-d\/\" \/>\n<meta property=\"og:locale\" content=\"en_US\" \/>\n<meta property=\"og:type\" content=\"article\" \/>\n<meta property=\"og:title\" content=\"EC.1001-POL-D pour SVT - Coll\u00e8ge, Lyc\u00e9e, Universit\u00e9 - B\u00e9g\u00e9nat\" \/>\n<meta property=\"og:description\" content=\"EC.1001-POL-D pour enseignement SVT. Livraison sous 48h en France m\u00e9tropolitaine !\" \/>\n<meta property=\"og:url\" content=\"https:\/\/www.begenat.com\/en\/produit\/ec-1001-pol-d\/\" \/>\n<meta property=\"og:site_name\" content=\"www.begenat.com\" \/>\n<meta property=\"article:modified_time\" content=\"2025-08-14T07:50:28+00:00\" \/>\n<meta name=\"twitter:card\" content=\"summary_large_image\" \/>\n<meta name=\"twitter:label1\" content=\"Est. reading time\" \/>\n\t<meta name=\"twitter:data1\" content=\"1 minute\" \/>\n<script type=\"application\/ld+json\" class=\"yoast-schema-graph\">{\"@context\":\"https:\\\/\\\/schema.org\",\"@graph\":[{\"@type\":\"WebPage\",\"@id\":\"https:\\\/\\\/www.begenat.com\\\/en\\\/produit\\\/ec-1001-pol-d\\\/\",\"url\":\"https:\\\/\\\/www.begenat.com\\\/en\\\/produit\\\/ec-1001-pol-d\\\/\",\"name\":\"EC.1001-POL-D pour SVT - Coll\u00e8ge, Lyc\u00e9e, Universit\u00e9 - B\u00e9g\u00e9nat\",\"isPartOf\":{\"@id\":\"https:\\\/\\\/www.begenat.com\\\/en\\\/#website\"},\"primaryImageOfPage\":{\"@id\":\"https:\\\/\\\/www.begenat.com\\\/en\\\/produit\\\/ec-1001-pol-d\\\/#primaryimage\"},\"image\":{\"@id\":\"https:\\\/\\\/www.begenat.com\\\/en\\\/produit\\\/ec-1001-pol-d\\\/#primaryimage\"},\"thumbnailUrl\":\"https:\\\/\\\/www.begenat.com\\\/wp-content\\\/uploads\\\/2025\\\/08\\\/EC.2001_POL_2.png\",\"datePublished\":\"2022-08-22T13:47:42+00:00\",\"dateModified\":\"2025-08-14T07:50:28+00:00\",\"description\":\"EC.1001-POL-D pour enseignement SVT. Livraison sous 48h en France m\u00e9tropolitaine !\",\"breadcrumb\":{\"@id\":\"https:\\\/\\\/www.begenat.com\\\/en\\\/produit\\\/ec-1001-pol-d\\\/#breadcrumb\"},\"inLanguage\":\"en-US\",\"potentialAction\":[{\"@type\":\"ReadAction\",\"target\":[\"https:\\\/\\\/www.begenat.com\\\/en\\\/produit\\\/ec-1001-pol-d\\\/\"]}]},{\"@type\":\"ImageObject\",\"inLanguage\":\"en-US\",\"@id\":\"https:\\\/\\\/www.begenat.com\\\/en\\\/produit\\\/ec-1001-pol-d\\\/#primaryimage\",\"url\":\"https:\\\/\\\/www.begenat.com\\\/wp-content\\\/uploads\\\/2025\\\/08\\\/EC.2001_POL_2.png\",\"contentUrl\":\"https:\\\/\\\/www.begenat.com\\\/wp-content\\\/uploads\\\/2025\\\/08\\\/EC.2001_POL_2.png\",\"width\":563,\"height\":750,\"caption\":\"EC.2001_POL_2\"},{\"@type\":\"BreadcrumbList\",\"@id\":\"https:\\\/\\\/www.begenat.com\\\/en\\\/produit\\\/ec-1001-pol-d\\\/#breadcrumb\",\"itemListElement\":[{\"@type\":\"ListItem\",\"position\":1,\"name\":\"Home\",\"item\":\"https:\\\/\\\/www.begenat.com\\\/en\\\/\"},{\"@type\":\"ListItem\",\"position\":2,\"name\":\"Shop\",\"item\":\"https:\\\/\\\/www.begenat.com\\\/en\\\/shop\\\/\"},{\"@type\":\"ListItem\",\"position\":3,\"name\":\"EC.1001-POL-D\"}]},{\"@type\":\"WebSite\",\"@id\":\"https:\\\/\\\/www.begenat.com\\\/en\\\/#website\",\"url\":\"https:\\\/\\\/www.begenat.com\\\/en\\\/\",\"name\":\"www.begenat.com\",\"description\":\"\",\"publisher\":{\"@id\":\"https:\\\/\\\/www.begenat.com\\\/en\\\/#organization\"},\"potentialAction\":[{\"@type\":\"SearchAction\",\"target\":{\"@type\":\"EntryPoint\",\"urlTemplate\":\"https:\\\/\\\/www.begenat.com\\\/en\\\/?s={search_term_string}\"},\"query-input\":{\"@type\":\"PropertyValueSpecification\",\"valueRequired\":true,\"valueName\":\"search_term_string\"}}],\"inLanguage\":\"en-US\"},{\"@type\":\"Organization\",\"@id\":\"https:\\\/\\\/www.begenat.com\\\/en\\\/#organization\",\"name\":\"www.begenat.com\",\"url\":\"https:\\\/\\\/www.begenat.com\\\/en\\\/\",\"logo\":{\"@type\":\"ImageObject\",\"inLanguage\":\"en-US\",\"@id\":\"https:\\\/\\\/www.begenat.com\\\/en\\\/#\\\/schema\\\/logo\\\/image\\\/\",\"url\":\"https:\\\/\\\/www.begenat.com\\\/wp-content\\\/uploads\\\/2026\\\/01\\\/logo-petit-1.png\",\"contentUrl\":\"https:\\\/\\\/www.begenat.com\\\/wp-content\\\/uploads\\\/2026\\\/01\\\/logo-petit-1.png\",\"width\":140,\"height\":86,\"caption\":\"www.begenat.com\"},\"image\":{\"@id\":\"https:\\\/\\\/www.begenat.com\\\/en\\\/#\\\/schema\\\/logo\\\/image\\\/\"}}]}<\/script>\n<!-- \/ Yoast SEO plugin. -->","yoast_head_json":{"title":"EC.1001-POL-D pour SVT - Coll\u00e8ge, Lyc\u00e9e, Universit\u00e9 - B\u00e9g\u00e9nat","description":"EC.1001-POL-D pour enseignement SVT. Livraison sous 48h en France m\u00e9tropolitaine !","robots":{"index":"index","follow":"follow","max-snippet":"max-snippet:-1","max-image-preview":"max-image-preview:large","max-video-preview":"max-video-preview:-1"},"canonical":"https:\/\/www.begenat.com\/en\/produit\/ec-1001-pol-d\/","og_locale":"en_US","og_type":"article","og_title":"EC.1001-POL-D pour SVT - Coll\u00e8ge, Lyc\u00e9e, Universit\u00e9 - B\u00e9g\u00e9nat","og_description":"EC.1001-POL-D pour enseignement SVT. Livraison sous 48h en France m\u00e9tropolitaine !","og_url":"https:\/\/www.begenat.com\/en\/produit\/ec-1001-pol-d\/","og_site_name":"www.begenat.com","article_modified_time":"2025-08-14T07:50:28+00:00","twitter_card":"summary_large_image","twitter_misc":{"Est. reading time":"1 minute"},"schema":{"@context":"https:\/\/schema.org","@graph":[{"@type":"WebPage","@id":"https:\/\/www.begenat.com\/en\/produit\/ec-1001-pol-d\/","url":"https:\/\/www.begenat.com\/en\/produit\/ec-1001-pol-d\/","name":"EC.1001-POL-D pour SVT - Coll\u00e8ge, Lyc\u00e9e, Universit\u00e9 - B\u00e9g\u00e9nat","isPartOf":{"@id":"https:\/\/www.begenat.com\/en\/#website"},"primaryImageOfPage":{"@id":"https:\/\/www.begenat.com\/en\/produit\/ec-1001-pol-d\/#primaryimage"},"image":{"@id":"https:\/\/www.begenat.com\/en\/produit\/ec-1001-pol-d\/#primaryimage"},"thumbnailUrl":"https:\/\/www.begenat.com\/wp-content\/uploads\/2025\/08\/EC.2001_POL_2.png","datePublished":"2022-08-22T13:47:42+00:00","dateModified":"2025-08-14T07:50:28+00:00","description":"EC.1001-POL-D pour enseignement SVT. Livraison sous 48h en France m\u00e9tropolitaine !","breadcrumb":{"@id":"https:\/\/www.begenat.com\/en\/produit\/ec-1001-pol-d\/#breadcrumb"},"inLanguage":"en-US","potentialAction":[{"@type":"ReadAction","target":["https:\/\/www.begenat.com\/en\/produit\/ec-1001-pol-d\/"]}]},{"@type":"ImageObject","inLanguage":"en-US","@id":"https:\/\/www.begenat.com\/en\/produit\/ec-1001-pol-d\/#primaryimage","url":"https:\/\/www.begenat.com\/wp-content\/uploads\/2025\/08\/EC.2001_POL_2.png","contentUrl":"https:\/\/www.begenat.com\/wp-content\/uploads\/2025\/08\/EC.2001_POL_2.png","width":563,"height":750,"caption":"EC.2001_POL_2"},{"@type":"BreadcrumbList","@id":"https:\/\/www.begenat.com\/en\/produit\/ec-1001-pol-d\/#breadcrumb","itemListElement":[{"@type":"ListItem","position":1,"name":"Home","item":"https:\/\/www.begenat.com\/en\/"},{"@type":"ListItem","position":2,"name":"Shop","item":"https:\/\/www.begenat.com\/en\/shop\/"},{"@type":"ListItem","position":3,"name":"EC.1001-POL-D"}]},{"@type":"WebSite","@id":"https:\/\/www.begenat.com\/en\/#website","url":"https:\/\/www.begenat.com\/en\/","name":"www.begenat.com","description":"","publisher":{"@id":"https:\/\/www.begenat.com\/en\/#organization"},"potentialAction":[{"@type":"SearchAction","target":{"@type":"EntryPoint","urlTemplate":"https:\/\/www.begenat.com\/en\/?s={search_term_string}"},"query-input":{"@type":"PropertyValueSpecification","valueRequired":true,"valueName":"search_term_string"}}],"inLanguage":"en-US"},{"@type":"Organization","@id":"https:\/\/www.begenat.com\/en\/#organization","name":"www.begenat.com","url":"https:\/\/www.begenat.com\/en\/","logo":{"@type":"ImageObject","inLanguage":"en-US","@id":"https:\/\/www.begenat.com\/en\/#\/schema\/logo\/image\/","url":"https:\/\/www.begenat.com\/wp-content\/uploads\/2026\/01\/logo-petit-1.png","contentUrl":"https:\/\/www.begenat.com\/wp-content\/uploads\/2026\/01\/logo-petit-1.png","width":140,"height":86,"caption":"www.begenat.com"},"image":{"@id":"https:\/\/www.begenat.com\/en\/#\/schema\/logo\/image\/"}}]}},"_links":{"self":[{"href":"https:\/\/www.begenat.com\/en\/wp-json\/wp\/v2\/product\/9283","targetHints":{"allow":["GET"]}}],"collection":[{"href":"https:\/\/www.begenat.com\/en\/wp-json\/wp\/v2\/product"}],"about":[{"href":"https:\/\/www.begenat.com\/en\/wp-json\/wp\/v2\/types\/product"}],"replies":[{"embeddable":true,"href":"https:\/\/www.begenat.com\/en\/wp-json\/wp\/v2\/comments?post=9283"}],"wp:featuredmedia":[{"embeddable":true,"href":"https:\/\/www.begenat.com\/en\/wp-json\/wp\/v2\/media\/101787"}],"wp:attachment":[{"href":"https:\/\/www.begenat.com\/en\/wp-json\/wp\/v2\/media?parent=9283"}],"wp:term":[{"taxonomy":"product_brand","embeddable":true,"href":"https:\/\/www.begenat.com\/en\/wp-json\/wp\/v2\/product_brand?post=9283"},{"taxonomy":"product_cat","embeddable":true,"href":"https:\/\/www.begenat.com\/en\/wp-json\/wp\/v2\/product_cat?post=9283"},{"taxonomy":"product_tag","embeddable":true,"href":"https:\/\/www.begenat.com\/en\/wp-json\/wp\/v2\/product_tag?post=9283"}],"curies":[{"name":"wp","href":"https:\/\/api.w.org\/{rel}","templated":true}]}}