{"id":9177,"date":"2022-06-20T14:04:11","date_gmt":"2022-06-20T12:04:11","guid":{"rendered":"https:\/\/www.begenat.com\/?post_type=product&#038;p=9177"},"modified":"2026-02-24T11:56:36","modified_gmt":"2026-02-24T10:56:36","slug":"boite-de-rangement-doccasion","status":"publish","type":"product","link":"https:\/\/www.begenat.com\/en\/produit\/boite-de-rangement-doccasion\/","title":{"rendered":"MT200 &#8211; Bo\u00eete de rangement d&#8217;occasion"},"content":{"rendered":"<p>Bo\u00eete de rangement index\u00e9e en plastique pour 100 pr\u00e9parations de biologie (76&#215;26 mm).<\/p>\n<p>Dimensions : Largeurs 16.3cm (17cm avec les charni\u00e8res), Longueur 20cm et Hauteur 3.2cm<\/p>\n<p>Dans la limite des stocks disponibles.<\/p>\n","protected":false},"excerpt":{"rendered":"<p>Bo\u00eete de rangement index\u00e9e en plastique pour 100 pr\u00e9parations de biologie (76&#215;26 mm). Dimensions : Largeurs 16.3cm (17cm avec les charni\u00e8res), Longueur 20cm et Hauteur 3.2cm Dans la limite des stocks disponibles.<\/p>\n","protected":false},"featured_media":101783,"comment_status":"closed","ping_status":"closed","template":"","meta":{"_acf_changed":false},"product_brand":[],"product_cat":[100407,100408,100362],"product_tag":[],"class_list":{"0":"post-9177","1":"product","2":"type-product","3":"status-publish","4":"has-post-thumbnail","6":"product_cat-coffrets-de-rangement","7":"product_cat-lames-de-biologie-76x26mm","8":"product_cat-materiels-de-laboratoire","10":"first","11":"instock","12":"taxable","13":"shipping-taxable","14":"purchasable","15":"product-type-simple"},"acf":[],"yoast_head":"<!-- This site is optimized with the Yoast SEO plugin v27.4 - https:\/\/yoast.com\/product\/yoast-seo-wordpress\/ -->\n<title>MT200 - Bo\u00eete de rangement d&#039;occasion pour SVT - Coll\u00e8ge, Lyc\u00e9e, Universit\u00e9 - B\u00e9g\u00e9nat<\/title>\n<meta name=\"description\" content=\"MT200 - Bo\u00eete de rangement d&#039;occasion pour enseignement SVT. Livraison sous 48h en France m\u00e9tropolitaine !\" \/>\n<meta name=\"robots\" content=\"index, follow, max-snippet:-1, max-image-preview:large, max-video-preview:-1\" \/>\n<link rel=\"canonical\" href=\"https:\/\/www.begenat.com\/en\/produit\/boite-de-rangement-doccasion\/\" \/>\n<meta property=\"og:locale\" content=\"en_US\" \/>\n<meta property=\"og:type\" content=\"article\" \/>\n<meta property=\"og:title\" content=\"MT200 - Bo\u00eete de rangement d&#039;occasion pour SVT - Coll\u00e8ge, Lyc\u00e9e, Universit\u00e9 - B\u00e9g\u00e9nat\" \/>\n<meta property=\"og:description\" content=\"MT200 - Bo\u00eete de rangement d&#039;occasion pour enseignement SVT. Livraison sous 48h en France m\u00e9tropolitaine !\" \/>\n<meta property=\"og:url\" content=\"https:\/\/www.begenat.com\/en\/produit\/boite-de-rangement-doccasion\/\" \/>\n<meta property=\"og:site_name\" content=\"www.begenat.com\" \/>\n<meta property=\"article:modified_time\" content=\"2026-02-24T10:56:36+00:00\" \/>\n<meta property=\"og:image\" content=\"https:\/\/www.begenat.com\/wp-content\/uploads\/2025\/08\/boite-occaz-scaled-1.jpg\" \/>\n\t<meta property=\"og:image:width\" content=\"2560\" \/>\n\t<meta property=\"og:image:height\" content=\"2037\" \/>\n\t<meta property=\"og:image:type\" content=\"image\/jpeg\" \/>\n<meta name=\"twitter:card\" content=\"summary_large_image\" \/>\n<meta name=\"twitter:label1\" content=\"Est. reading time\" \/>\n\t<meta name=\"twitter:data1\" content=\"1 minute\" \/>\n<script type=\"application\/ld+json\" class=\"yoast-schema-graph\">{\"@context\":\"https:\\\/\\\/schema.org\",\"@graph\":[{\"@type\":\"WebPage\",\"@id\":\"https:\\\/\\\/www.begenat.com\\\/en\\\/produit\\\/boite-de-rangement-doccasion\\\/\",\"url\":\"https:\\\/\\\/www.begenat.com\\\/en\\\/produit\\\/boite-de-rangement-doccasion\\\/\",\"name\":\"MT200 - Bo\u00eete de rangement d'occasion pour SVT - Coll\u00e8ge, Lyc\u00e9e, Universit\u00e9 - B\u00e9g\u00e9nat\",\"isPartOf\":{\"@id\":\"https:\\\/\\\/www.begenat.com\\\/en\\\/#website\"},\"primaryImageOfPage\":{\"@id\":\"https:\\\/\\\/www.begenat.com\\\/en\\\/produit\\\/boite-de-rangement-doccasion\\\/#primaryimage\"},\"image\":{\"@id\":\"https:\\\/\\\/www.begenat.com\\\/en\\\/produit\\\/boite-de-rangement-doccasion\\\/#primaryimage\"},\"thumbnailUrl\":\"https:\\\/\\\/www.begenat.com\\\/wp-content\\\/uploads\\\/2025\\\/08\\\/boite-occaz-scaled-1.jpg\",\"datePublished\":\"2022-06-20T12:04:11+00:00\",\"dateModified\":\"2026-02-24T10:56:36+00:00\",\"description\":\"MT200 - Bo\u00eete de rangement d'occasion pour enseignement SVT. Livraison sous 48h en France m\u00e9tropolitaine !\",\"breadcrumb\":{\"@id\":\"https:\\\/\\\/www.begenat.com\\\/en\\\/produit\\\/boite-de-rangement-doccasion\\\/#breadcrumb\"},\"inLanguage\":\"en-US\",\"potentialAction\":[{\"@type\":\"ReadAction\",\"target\":[\"https:\\\/\\\/www.begenat.com\\\/en\\\/produit\\\/boite-de-rangement-doccasion\\\/\"]}]},{\"@type\":\"ImageObject\",\"inLanguage\":\"en-US\",\"@id\":\"https:\\\/\\\/www.begenat.com\\\/en\\\/produit\\\/boite-de-rangement-doccasion\\\/#primaryimage\",\"url\":\"https:\\\/\\\/www.begenat.com\\\/wp-content\\\/uploads\\\/2025\\\/08\\\/boite-occaz-scaled-1.jpg\",\"contentUrl\":\"https:\\\/\\\/www.begenat.com\\\/wp-content\\\/uploads\\\/2025\\\/08\\\/boite-occaz-scaled-1.jpg\",\"width\":2560,\"height\":2037},{\"@type\":\"BreadcrumbList\",\"@id\":\"https:\\\/\\\/www.begenat.com\\\/en\\\/produit\\\/boite-de-rangement-doccasion\\\/#breadcrumb\",\"itemListElement\":[{\"@type\":\"ListItem\",\"position\":1,\"name\":\"Home\",\"item\":\"https:\\\/\\\/www.begenat.com\\\/en\\\/\"},{\"@type\":\"ListItem\",\"position\":2,\"name\":\"Shop\",\"item\":\"https:\\\/\\\/www.begenat.com\\\/en\\\/shop\\\/\"},{\"@type\":\"ListItem\",\"position\":3,\"name\":\"MT200 &#8211; Bo\u00eete de rangement d&rsquo;occasion\"}]},{\"@type\":\"WebSite\",\"@id\":\"https:\\\/\\\/www.begenat.com\\\/en\\\/#website\",\"url\":\"https:\\\/\\\/www.begenat.com\\\/en\\\/\",\"name\":\"www.begenat.com\",\"description\":\"\",\"publisher\":{\"@id\":\"https:\\\/\\\/www.begenat.com\\\/en\\\/#organization\"},\"potentialAction\":[{\"@type\":\"SearchAction\",\"target\":{\"@type\":\"EntryPoint\",\"urlTemplate\":\"https:\\\/\\\/www.begenat.com\\\/en\\\/?s={search_term_string}\"},\"query-input\":{\"@type\":\"PropertyValueSpecification\",\"valueRequired\":true,\"valueName\":\"search_term_string\"}}],\"inLanguage\":\"en-US\"},{\"@type\":\"Organization\",\"@id\":\"https:\\\/\\\/www.begenat.com\\\/en\\\/#organization\",\"name\":\"www.begenat.com\",\"url\":\"https:\\\/\\\/www.begenat.com\\\/en\\\/\",\"logo\":{\"@type\":\"ImageObject\",\"inLanguage\":\"en-US\",\"@id\":\"https:\\\/\\\/www.begenat.com\\\/en\\\/#\\\/schema\\\/logo\\\/image\\\/\",\"url\":\"https:\\\/\\\/www.begenat.com\\\/wp-content\\\/uploads\\\/2026\\\/01\\\/logo-petit-1.png\",\"contentUrl\":\"https:\\\/\\\/www.begenat.com\\\/wp-content\\\/uploads\\\/2026\\\/01\\\/logo-petit-1.png\",\"width\":140,\"height\":86,\"caption\":\"www.begenat.com\"},\"image\":{\"@id\":\"https:\\\/\\\/www.begenat.com\\\/en\\\/#\\\/schema\\\/logo\\\/image\\\/\"}}]}<\/script>\n<!-- \/ Yoast SEO plugin. -->","yoast_head_json":{"title":"MT200 - Bo\u00eete de rangement d'occasion pour SVT - Coll\u00e8ge, Lyc\u00e9e, Universit\u00e9 - B\u00e9g\u00e9nat","description":"MT200 - Bo\u00eete de rangement d'occasion pour enseignement SVT. Livraison sous 48h en France m\u00e9tropolitaine !","robots":{"index":"index","follow":"follow","max-snippet":"max-snippet:-1","max-image-preview":"max-image-preview:large","max-video-preview":"max-video-preview:-1"},"canonical":"https:\/\/www.begenat.com\/en\/produit\/boite-de-rangement-doccasion\/","og_locale":"en_US","og_type":"article","og_title":"MT200 - Bo\u00eete de rangement d'occasion pour SVT - Coll\u00e8ge, Lyc\u00e9e, Universit\u00e9 - B\u00e9g\u00e9nat","og_description":"MT200 - Bo\u00eete de rangement d'occasion pour enseignement SVT. Livraison sous 48h en France m\u00e9tropolitaine !","og_url":"https:\/\/www.begenat.com\/en\/produit\/boite-de-rangement-doccasion\/","og_site_name":"www.begenat.com","article_modified_time":"2026-02-24T10:56:36+00:00","og_image":[{"width":2560,"height":2037,"url":"https:\/\/www.begenat.com\/wp-content\/uploads\/2025\/08\/boite-occaz-scaled-1.jpg","type":"image\/jpeg"}],"twitter_card":"summary_large_image","twitter_misc":{"Est. reading time":"1 minute"},"schema":{"@context":"https:\/\/schema.org","@graph":[{"@type":"WebPage","@id":"https:\/\/www.begenat.com\/en\/produit\/boite-de-rangement-doccasion\/","url":"https:\/\/www.begenat.com\/en\/produit\/boite-de-rangement-doccasion\/","name":"MT200 - Bo\u00eete de rangement d'occasion pour SVT - Coll\u00e8ge, Lyc\u00e9e, Universit\u00e9 - B\u00e9g\u00e9nat","isPartOf":{"@id":"https:\/\/www.begenat.com\/en\/#website"},"primaryImageOfPage":{"@id":"https:\/\/www.begenat.com\/en\/produit\/boite-de-rangement-doccasion\/#primaryimage"},"image":{"@id":"https:\/\/www.begenat.com\/en\/produit\/boite-de-rangement-doccasion\/#primaryimage"},"thumbnailUrl":"https:\/\/www.begenat.com\/wp-content\/uploads\/2025\/08\/boite-occaz-scaled-1.jpg","datePublished":"2022-06-20T12:04:11+00:00","dateModified":"2026-02-24T10:56:36+00:00","description":"MT200 - Bo\u00eete de rangement d'occasion pour enseignement SVT. Livraison sous 48h en France m\u00e9tropolitaine !","breadcrumb":{"@id":"https:\/\/www.begenat.com\/en\/produit\/boite-de-rangement-doccasion\/#breadcrumb"},"inLanguage":"en-US","potentialAction":[{"@type":"ReadAction","target":["https:\/\/www.begenat.com\/en\/produit\/boite-de-rangement-doccasion\/"]}]},{"@type":"ImageObject","inLanguage":"en-US","@id":"https:\/\/www.begenat.com\/en\/produit\/boite-de-rangement-doccasion\/#primaryimage","url":"https:\/\/www.begenat.com\/wp-content\/uploads\/2025\/08\/boite-occaz-scaled-1.jpg","contentUrl":"https:\/\/www.begenat.com\/wp-content\/uploads\/2025\/08\/boite-occaz-scaled-1.jpg","width":2560,"height":2037},{"@type":"BreadcrumbList","@id":"https:\/\/www.begenat.com\/en\/produit\/boite-de-rangement-doccasion\/#breadcrumb","itemListElement":[{"@type":"ListItem","position":1,"name":"Home","item":"https:\/\/www.begenat.com\/en\/"},{"@type":"ListItem","position":2,"name":"Shop","item":"https:\/\/www.begenat.com\/en\/shop\/"},{"@type":"ListItem","position":3,"name":"MT200 &#8211; Bo\u00eete de rangement d&rsquo;occasion"}]},{"@type":"WebSite","@id":"https:\/\/www.begenat.com\/en\/#website","url":"https:\/\/www.begenat.com\/en\/","name":"www.begenat.com","description":"","publisher":{"@id":"https:\/\/www.begenat.com\/en\/#organization"},"potentialAction":[{"@type":"SearchAction","target":{"@type":"EntryPoint","urlTemplate":"https:\/\/www.begenat.com\/en\/?s={search_term_string}"},"query-input":{"@type":"PropertyValueSpecification","valueRequired":true,"valueName":"search_term_string"}}],"inLanguage":"en-US"},{"@type":"Organization","@id":"https:\/\/www.begenat.com\/en\/#organization","name":"www.begenat.com","url":"https:\/\/www.begenat.com\/en\/","logo":{"@type":"ImageObject","inLanguage":"en-US","@id":"https:\/\/www.begenat.com\/en\/#\/schema\/logo\/image\/","url":"https:\/\/www.begenat.com\/wp-content\/uploads\/2026\/01\/logo-petit-1.png","contentUrl":"https:\/\/www.begenat.com\/wp-content\/uploads\/2026\/01\/logo-petit-1.png","width":140,"height":86,"caption":"www.begenat.com"},"image":{"@id":"https:\/\/www.begenat.com\/en\/#\/schema\/logo\/image\/"}}]}},"_links":{"self":[{"href":"https:\/\/www.begenat.com\/en\/wp-json\/wp\/v2\/product\/9177","targetHints":{"allow":["GET"]}}],"collection":[{"href":"https:\/\/www.begenat.com\/en\/wp-json\/wp\/v2\/product"}],"about":[{"href":"https:\/\/www.begenat.com\/en\/wp-json\/wp\/v2\/types\/product"}],"replies":[{"embeddable":true,"href":"https:\/\/www.begenat.com\/en\/wp-json\/wp\/v2\/comments?post=9177"}],"wp:featuredmedia":[{"embeddable":true,"href":"https:\/\/www.begenat.com\/en\/wp-json\/wp\/v2\/media\/101783"}],"wp:attachment":[{"href":"https:\/\/www.begenat.com\/en\/wp-json\/wp\/v2\/media?parent=9177"}],"wp:term":[{"taxonomy":"product_brand","embeddable":true,"href":"https:\/\/www.begenat.com\/en\/wp-json\/wp\/v2\/product_brand?post=9177"},{"taxonomy":"product_cat","embeddable":true,"href":"https:\/\/www.begenat.com\/en\/wp-json\/wp\/v2\/product_cat?post=9177"},{"taxonomy":"product_tag","embeddable":true,"href":"https:\/\/www.begenat.com\/en\/wp-json\/wp\/v2\/product_tag?post=9177"}],"curies":[{"name":"wp","href":"https:\/\/api.w.org\/{rel}","templated":true}]}}