{"id":8638,"date":"2021-10-12T15:04:34","date_gmt":"2021-10-12T13:04:34","guid":{"rendered":"https:\/\/www.begenat.com\/?post_type=product&#038;p=8638"},"modified":"2026-01-28T13:59:34","modified_gmt":"2026-01-28T12:59:34","slug":"anatomie-dune-fleur-2","status":"publish","type":"product","link":"https:\/\/www.begenat.com\/en\/produit\/anatomie-dune-fleur-2\/","title":{"rendered":"MB002 &#8211; Anatomie d&#8217;une fleur"},"content":{"rendered":"<p>Anatomie d&#8217;une fleur<\/p>\n<p>Dimension 33x23x5cm, poids : 850g<\/p>\n","protected":false},"excerpt":{"rendered":"<p>Anatomie d&#8217;une fleur Dimension 33x23x5cm, poids : 850g<\/p>\n","protected":false},"featured_media":101773,"comment_status":"closed","ping_status":"closed","template":"","meta":{"_acf_changed":false},"product_brand":[],"product_cat":[100416,100369],"product_tag":[100765],"class_list":{"0":"post-8638","1":"product","2":"type-product","3":"status-publish","4":"has-post-thumbnail","6":"product_cat-anatomie-college-lycee","7":"product_cat-modeles-anatomiques-et-posters","8":"product_tag-dida","10":"first","11":"instock","12":"taxable","13":"shipping-taxable","14":"purchasable","15":"product-type-simple"},"acf":[],"yoast_head":"<!-- This site is optimized with the Yoast SEO plugin v27.4 - https:\/\/yoast.com\/product\/yoast-seo-wordpress\/ -->\n<title>Anatomie d&#039;une fleur - 33x23x5cm, 850g - B\u00e9g\u00e9nat<\/title>\n<meta name=\"description\" content=\"Mod\u00e8le anatomique d&#039;une fleur : dimension de 33x23x5cm, et poids 850g, pour \u00e9tudier la reproduction et la structure des fleurs. Ce support p\u00e9dagogique est fiable et complet.\" \/>\n<meta name=\"robots\" content=\"index, follow, max-snippet:-1, max-image-preview:large, max-video-preview:-1\" \/>\n<link rel=\"canonical\" href=\"https:\/\/www.begenat.com\/en\/produit\/anatomie-dune-fleur-2\/\" \/>\n<meta property=\"og:locale\" content=\"en_US\" \/>\n<meta property=\"og:type\" content=\"article\" \/>\n<meta property=\"og:title\" content=\"Anatomie d&#039;une fleur - 33x23x5cm, 850g - B\u00e9g\u00e9nat\" \/>\n<meta property=\"og:description\" content=\"Mod\u00e8le anatomique d&#039;une fleur : dimension de 33x23x5cm, et poids 850g, pour \u00e9tudier la reproduction et la structure des fleurs. Ce support p\u00e9dagogique est fiable et complet.\" \/>\n<meta property=\"og:url\" content=\"https:\/\/www.begenat.com\/en\/produit\/anatomie-dune-fleur-2\/\" \/>\n<meta property=\"og:site_name\" content=\"www.begenat.com\" \/>\n<meta property=\"article:modified_time\" content=\"2026-01-28T12:59:34+00:00\" \/>\n<meta property=\"og:image\" content=\"https:\/\/www.begenat.com\/wp-content\/uploads\/2025\/08\/anatomie-dune-fleur.jpg\" \/>\n\t<meta property=\"og:image:width\" content=\"387\" \/>\n\t<meta property=\"og:image:height\" content=\"480\" \/>\n\t<meta property=\"og:image:type\" content=\"image\/jpeg\" \/>\n<meta name=\"twitter:card\" content=\"summary_large_image\" \/>\n<meta name=\"twitter:label1\" content=\"Est. reading time\" \/>\n\t<meta name=\"twitter:data1\" content=\"1 minute\" \/>\n<script type=\"application\/ld+json\" class=\"yoast-schema-graph\">{\"@context\":\"https:\\\/\\\/schema.org\",\"@graph\":[{\"@type\":\"WebPage\",\"@id\":\"https:\\\/\\\/www.begenat.com\\\/en\\\/produit\\\/anatomie-dune-fleur-2\\\/\",\"url\":\"https:\\\/\\\/www.begenat.com\\\/en\\\/produit\\\/anatomie-dune-fleur-2\\\/\",\"name\":\"Anatomie d'une fleur - 33x23x5cm, 850g - B\u00e9g\u00e9nat\",\"isPartOf\":{\"@id\":\"https:\\\/\\\/www.begenat.com\\\/en\\\/#website\"},\"primaryImageOfPage\":{\"@id\":\"https:\\\/\\\/www.begenat.com\\\/en\\\/produit\\\/anatomie-dune-fleur-2\\\/#primaryimage\"},\"image\":{\"@id\":\"https:\\\/\\\/www.begenat.com\\\/en\\\/produit\\\/anatomie-dune-fleur-2\\\/#primaryimage\"},\"thumbnailUrl\":\"https:\\\/\\\/www.begenat.com\\\/wp-content\\\/uploads\\\/2025\\\/08\\\/anatomie-dune-fleur.jpg\",\"datePublished\":\"2021-10-12T13:04:34+00:00\",\"dateModified\":\"2026-01-28T12:59:34+00:00\",\"description\":\"Mod\u00e8le anatomique d'une fleur : dimension de 33x23x5cm, et poids 850g, pour \u00e9tudier la reproduction et la structure des fleurs. Ce support p\u00e9dagogique est fiable et complet.\",\"breadcrumb\":{\"@id\":\"https:\\\/\\\/www.begenat.com\\\/en\\\/produit\\\/anatomie-dune-fleur-2\\\/#breadcrumb\"},\"inLanguage\":\"en-US\",\"potentialAction\":[{\"@type\":\"ReadAction\",\"target\":[\"https:\\\/\\\/www.begenat.com\\\/en\\\/produit\\\/anatomie-dune-fleur-2\\\/\"]}]},{\"@type\":\"ImageObject\",\"inLanguage\":\"en-US\",\"@id\":\"https:\\\/\\\/www.begenat.com\\\/en\\\/produit\\\/anatomie-dune-fleur-2\\\/#primaryimage\",\"url\":\"https:\\\/\\\/www.begenat.com\\\/wp-content\\\/uploads\\\/2025\\\/08\\\/anatomie-dune-fleur.jpg\",\"contentUrl\":\"https:\\\/\\\/www.begenat.com\\\/wp-content\\\/uploads\\\/2025\\\/08\\\/anatomie-dune-fleur.jpg\",\"width\":387,\"height\":480,\"caption\":\"Anatomie d'une fleur\"},{\"@type\":\"BreadcrumbList\",\"@id\":\"https:\\\/\\\/www.begenat.com\\\/en\\\/produit\\\/anatomie-dune-fleur-2\\\/#breadcrumb\",\"itemListElement\":[{\"@type\":\"ListItem\",\"position\":1,\"name\":\"Home\",\"item\":\"https:\\\/\\\/www.begenat.com\\\/en\\\/\"},{\"@type\":\"ListItem\",\"position\":2,\"name\":\"Shop\",\"item\":\"https:\\\/\\\/www.begenat.com\\\/en\\\/shop\\\/\"},{\"@type\":\"ListItem\",\"position\":3,\"name\":\"Anatomie d&rsquo;une fleur\"}]},{\"@type\":\"WebSite\",\"@id\":\"https:\\\/\\\/www.begenat.com\\\/en\\\/#website\",\"url\":\"https:\\\/\\\/www.begenat.com\\\/en\\\/\",\"name\":\"www.begenat.com\",\"description\":\"\",\"publisher\":{\"@id\":\"https:\\\/\\\/www.begenat.com\\\/en\\\/#organization\"},\"potentialAction\":[{\"@type\":\"SearchAction\",\"target\":{\"@type\":\"EntryPoint\",\"urlTemplate\":\"https:\\\/\\\/www.begenat.com\\\/en\\\/?s={search_term_string}\"},\"query-input\":{\"@type\":\"PropertyValueSpecification\",\"valueRequired\":true,\"valueName\":\"search_term_string\"}}],\"inLanguage\":\"en-US\"},{\"@type\":\"Organization\",\"@id\":\"https:\\\/\\\/www.begenat.com\\\/en\\\/#organization\",\"name\":\"www.begenat.com\",\"url\":\"https:\\\/\\\/www.begenat.com\\\/en\\\/\",\"logo\":{\"@type\":\"ImageObject\",\"inLanguage\":\"en-US\",\"@id\":\"https:\\\/\\\/www.begenat.com\\\/en\\\/#\\\/schema\\\/logo\\\/image\\\/\",\"url\":\"https:\\\/\\\/www.begenat.com\\\/wp-content\\\/uploads\\\/2026\\\/01\\\/logo-petit-1.png\",\"contentUrl\":\"https:\\\/\\\/www.begenat.com\\\/wp-content\\\/uploads\\\/2026\\\/01\\\/logo-petit-1.png\",\"width\":140,\"height\":86,\"caption\":\"www.begenat.com\"},\"image\":{\"@id\":\"https:\\\/\\\/www.begenat.com\\\/en\\\/#\\\/schema\\\/logo\\\/image\\\/\"}}]}<\/script>\n<!-- \/ Yoast SEO plugin. -->","yoast_head_json":{"title":"Anatomie d'une fleur - 33x23x5cm, 850g - B\u00e9g\u00e9nat","description":"Mod\u00e8le anatomique d'une fleur : dimension de 33x23x5cm, et poids 850g, pour \u00e9tudier la reproduction et la structure des fleurs. Ce support p\u00e9dagogique est fiable et complet.","robots":{"index":"index","follow":"follow","max-snippet":"max-snippet:-1","max-image-preview":"max-image-preview:large","max-video-preview":"max-video-preview:-1"},"canonical":"https:\/\/www.begenat.com\/en\/produit\/anatomie-dune-fleur-2\/","og_locale":"en_US","og_type":"article","og_title":"Anatomie d'une fleur - 33x23x5cm, 850g - B\u00e9g\u00e9nat","og_description":"Mod\u00e8le anatomique d'une fleur : dimension de 33x23x5cm, et poids 850g, pour \u00e9tudier la reproduction et la structure des fleurs. Ce support p\u00e9dagogique est fiable et complet.","og_url":"https:\/\/www.begenat.com\/en\/produit\/anatomie-dune-fleur-2\/","og_site_name":"www.begenat.com","article_modified_time":"2026-01-28T12:59:34+00:00","og_image":[{"width":387,"height":480,"url":"https:\/\/www.begenat.com\/wp-content\/uploads\/2025\/08\/anatomie-dune-fleur.jpg","type":"image\/jpeg"}],"twitter_card":"summary_large_image","twitter_misc":{"Est. reading time":"1 minute"},"schema":{"@context":"https:\/\/schema.org","@graph":[{"@type":"WebPage","@id":"https:\/\/www.begenat.com\/en\/produit\/anatomie-dune-fleur-2\/","url":"https:\/\/www.begenat.com\/en\/produit\/anatomie-dune-fleur-2\/","name":"Anatomie d'une fleur - 33x23x5cm, 850g - B\u00e9g\u00e9nat","isPartOf":{"@id":"https:\/\/www.begenat.com\/en\/#website"},"primaryImageOfPage":{"@id":"https:\/\/www.begenat.com\/en\/produit\/anatomie-dune-fleur-2\/#primaryimage"},"image":{"@id":"https:\/\/www.begenat.com\/en\/produit\/anatomie-dune-fleur-2\/#primaryimage"},"thumbnailUrl":"https:\/\/www.begenat.com\/wp-content\/uploads\/2025\/08\/anatomie-dune-fleur.jpg","datePublished":"2021-10-12T13:04:34+00:00","dateModified":"2026-01-28T12:59:34+00:00","description":"Mod\u00e8le anatomique d'une fleur : dimension de 33x23x5cm, et poids 850g, pour \u00e9tudier la reproduction et la structure des fleurs. Ce support p\u00e9dagogique est fiable et complet.","breadcrumb":{"@id":"https:\/\/www.begenat.com\/en\/produit\/anatomie-dune-fleur-2\/#breadcrumb"},"inLanguage":"en-US","potentialAction":[{"@type":"ReadAction","target":["https:\/\/www.begenat.com\/en\/produit\/anatomie-dune-fleur-2\/"]}]},{"@type":"ImageObject","inLanguage":"en-US","@id":"https:\/\/www.begenat.com\/en\/produit\/anatomie-dune-fleur-2\/#primaryimage","url":"https:\/\/www.begenat.com\/wp-content\/uploads\/2025\/08\/anatomie-dune-fleur.jpg","contentUrl":"https:\/\/www.begenat.com\/wp-content\/uploads\/2025\/08\/anatomie-dune-fleur.jpg","width":387,"height":480,"caption":"Anatomie d'une fleur"},{"@type":"BreadcrumbList","@id":"https:\/\/www.begenat.com\/en\/produit\/anatomie-dune-fleur-2\/#breadcrumb","itemListElement":[{"@type":"ListItem","position":1,"name":"Home","item":"https:\/\/www.begenat.com\/en\/"},{"@type":"ListItem","position":2,"name":"Shop","item":"https:\/\/www.begenat.com\/en\/shop\/"},{"@type":"ListItem","position":3,"name":"Anatomie d&rsquo;une fleur"}]},{"@type":"WebSite","@id":"https:\/\/www.begenat.com\/en\/#website","url":"https:\/\/www.begenat.com\/en\/","name":"www.begenat.com","description":"","publisher":{"@id":"https:\/\/www.begenat.com\/en\/#organization"},"potentialAction":[{"@type":"SearchAction","target":{"@type":"EntryPoint","urlTemplate":"https:\/\/www.begenat.com\/en\/?s={search_term_string}"},"query-input":{"@type":"PropertyValueSpecification","valueRequired":true,"valueName":"search_term_string"}}],"inLanguage":"en-US"},{"@type":"Organization","@id":"https:\/\/www.begenat.com\/en\/#organization","name":"www.begenat.com","url":"https:\/\/www.begenat.com\/en\/","logo":{"@type":"ImageObject","inLanguage":"en-US","@id":"https:\/\/www.begenat.com\/en\/#\/schema\/logo\/image\/","url":"https:\/\/www.begenat.com\/wp-content\/uploads\/2026\/01\/logo-petit-1.png","contentUrl":"https:\/\/www.begenat.com\/wp-content\/uploads\/2026\/01\/logo-petit-1.png","width":140,"height":86,"caption":"www.begenat.com"},"image":{"@id":"https:\/\/www.begenat.com\/en\/#\/schema\/logo\/image\/"}}]}},"_links":{"self":[{"href":"https:\/\/www.begenat.com\/en\/wp-json\/wp\/v2\/product\/8638","targetHints":{"allow":["GET"]}}],"collection":[{"href":"https:\/\/www.begenat.com\/en\/wp-json\/wp\/v2\/product"}],"about":[{"href":"https:\/\/www.begenat.com\/en\/wp-json\/wp\/v2\/types\/product"}],"replies":[{"embeddable":true,"href":"https:\/\/www.begenat.com\/en\/wp-json\/wp\/v2\/comments?post=8638"}],"wp:featuredmedia":[{"embeddable":true,"href":"https:\/\/www.begenat.com\/en\/wp-json\/wp\/v2\/media\/101773"}],"wp:attachment":[{"href":"https:\/\/www.begenat.com\/en\/wp-json\/wp\/v2\/media?parent=8638"}],"wp:term":[{"taxonomy":"product_brand","embeddable":true,"href":"https:\/\/www.begenat.com\/en\/wp-json\/wp\/v2\/product_brand?post=8638"},{"taxonomy":"product_cat","embeddable":true,"href":"https:\/\/www.begenat.com\/en\/wp-json\/wp\/v2\/product_cat?post=8638"},{"taxonomy":"product_tag","embeddable":true,"href":"https:\/\/www.begenat.com\/en\/wp-json\/wp\/v2\/product_tag?post=8638"}],"curies":[{"name":"wp","href":"https:\/\/api.w.org\/{rel}","templated":true}]}}