{"id":8151,"date":"2020-09-14T14:47:40","date_gmt":"2020-09-14T12:47:40","guid":{"rendered":"https:\/\/www.begenat.com\/?post_type=product&#038;p=8151"},"modified":"2025-11-13T14:26:58","modified_gmt":"2025-11-13T13:26:58","slug":"cycle-de-vie-dune-abeille","status":"publish","type":"product","link":"https:\/\/www.begenat.com\/en\/produit\/cycle-de-vie-dune-abeille\/","title":{"rendered":"Cycle de vie d&#8217;une abeille"},"content":{"rendered":"<p>Superbe inclusion en r\u00e9sine repr\u00e9sentant l&#8217;\u00e9volution d&#8217;une abeille de l&#8217;oeuf \u00e0 l&#8217;abeille adulte.<\/p>\n<p>Avec \u00e9galement un bourdon, une reine et les \u00e9tapes de la confection du miel.<\/p>\n","protected":false},"excerpt":{"rendered":"<p>Superbe inclusion en r\u00e9sine repr\u00e9sentant l&#8217;\u00e9volution d&#8217;une abeille de l&#8217;oeuf \u00e0 l&#8217;abeille adulte.<\/p>\n<p>Avec \u00e9galement un bourdon, une reine et les \u00e9tapes de la confection du miel.<\/p>\n","protected":false},"featured_media":101755,"comment_status":"closed","ping_status":"closed","template":"","meta":{"_acf_changed":false},"product_brand":[],"product_cat":[100359,100471],"product_tag":[],"class_list":{"0":"post-8151","1":"product","2":"type-product","3":"status-publish","4":"has-post-thumbnail","6":"product_cat-biologie","7":"product_cat-inclusions-dans-resine","9":"first","10":"instock","11":"taxable","12":"shipping-taxable","13":"purchasable","14":"product-type-simple"},"acf":[],"yoast_head":"<!-- This site is optimized with the Yoast SEO plugin v27.4 - https:\/\/yoast.com\/product\/yoast-seo-wordpress\/ -->\n<title>Inclusion en r\u00e9sine : cycle de vie d&#039;une abeille - B\u00e9g\u00e9nat<\/title>\n<meta name=\"description\" content=\"D\u00e9couvrez le cycle de vie d&#039;une abeille grace \u00e0 la superbe inclusion en r\u00e9sine qui repr\u00e9sente l&#039;\u00e9volution de l&#039;\u0153uf \u00e0 l&#039;abeille adulte, avec la reine et le bourdon.\" \/>\n<meta name=\"robots\" content=\"index, follow, max-snippet:-1, max-image-preview:large, max-video-preview:-1\" \/>\n<link rel=\"canonical\" href=\"https:\/\/www.begenat.com\/en\/produit\/cycle-de-vie-dune-abeille\/\" \/>\n<meta property=\"og:locale\" content=\"en_US\" \/>\n<meta property=\"og:type\" content=\"article\" \/>\n<meta property=\"og:title\" content=\"Inclusion en r\u00e9sine : cycle de vie d&#039;une abeille - B\u00e9g\u00e9nat\" \/>\n<meta property=\"og:description\" content=\"D\u00e9couvrez le cycle de vie d&#039;une abeille grace \u00e0 la superbe inclusion en r\u00e9sine qui repr\u00e9sente l&#039;\u00e9volution de l&#039;\u0153uf \u00e0 l&#039;abeille adulte, avec la reine et le bourdon.\" \/>\n<meta property=\"og:url\" content=\"https:\/\/www.begenat.com\/en\/produit\/cycle-de-vie-dune-abeille\/\" \/>\n<meta property=\"og:site_name\" content=\"www.begenat.com\" \/>\n<meta property=\"article:modified_time\" content=\"2025-11-13T13:26:58+00:00\" \/>\n<meta property=\"og:image\" content=\"https:\/\/www.begenat.com\/wp-content\/uploads\/2025\/08\/SI-1604.jpg\" \/>\n\t<meta property=\"og:image:width\" content=\"769\" \/>\n\t<meta property=\"og:image:height\" content=\"448\" \/>\n\t<meta property=\"og:image:type\" content=\"image\/jpeg\" \/>\n<meta name=\"twitter:card\" content=\"summary_large_image\" \/>\n<meta name=\"twitter:label1\" content=\"Est. reading time\" \/>\n\t<meta name=\"twitter:data1\" content=\"1 minute\" \/>\n<script type=\"application\/ld+json\" class=\"yoast-schema-graph\">{\"@context\":\"https:\\\/\\\/schema.org\",\"@graph\":[{\"@type\":\"WebPage\",\"@id\":\"https:\\\/\\\/www.begenat.com\\\/en\\\/produit\\\/cycle-de-vie-dune-abeille\\\/\",\"url\":\"https:\\\/\\\/www.begenat.com\\\/en\\\/produit\\\/cycle-de-vie-dune-abeille\\\/\",\"name\":\"Inclusion en r\u00e9sine : cycle de vie d'une abeille - B\u00e9g\u00e9nat\",\"isPartOf\":{\"@id\":\"https:\\\/\\\/www.begenat.com\\\/en\\\/#website\"},\"primaryImageOfPage\":{\"@id\":\"https:\\\/\\\/www.begenat.com\\\/en\\\/produit\\\/cycle-de-vie-dune-abeille\\\/#primaryimage\"},\"image\":{\"@id\":\"https:\\\/\\\/www.begenat.com\\\/en\\\/produit\\\/cycle-de-vie-dune-abeille\\\/#primaryimage\"},\"thumbnailUrl\":\"https:\\\/\\\/www.begenat.com\\\/wp-content\\\/uploads\\\/2025\\\/08\\\/SI-1604.jpg\",\"datePublished\":\"2020-09-14T12:47:40+00:00\",\"dateModified\":\"2025-11-13T13:26:58+00:00\",\"description\":\"D\u00e9couvrez le cycle de vie d'une abeille grace \u00e0 la superbe inclusion en r\u00e9sine qui repr\u00e9sente l'\u00e9volution de l'\u0153uf \u00e0 l'abeille adulte, avec la reine et le bourdon.\",\"breadcrumb\":{\"@id\":\"https:\\\/\\\/www.begenat.com\\\/en\\\/produit\\\/cycle-de-vie-dune-abeille\\\/#breadcrumb\"},\"inLanguage\":\"en-US\",\"potentialAction\":[{\"@type\":\"ReadAction\",\"target\":[\"https:\\\/\\\/www.begenat.com\\\/en\\\/produit\\\/cycle-de-vie-dune-abeille\\\/\"]}]},{\"@type\":\"ImageObject\",\"inLanguage\":\"en-US\",\"@id\":\"https:\\\/\\\/www.begenat.com\\\/en\\\/produit\\\/cycle-de-vie-dune-abeille\\\/#primaryimage\",\"url\":\"https:\\\/\\\/www.begenat.com\\\/wp-content\\\/uploads\\\/2025\\\/08\\\/SI-1604.jpg\",\"contentUrl\":\"https:\\\/\\\/www.begenat.com\\\/wp-content\\\/uploads\\\/2025\\\/08\\\/SI-1604.jpg\",\"width\":769,\"height\":448,\"caption\":\"Cycle de vie d\u2019une abeille\"},{\"@type\":\"BreadcrumbList\",\"@id\":\"https:\\\/\\\/www.begenat.com\\\/en\\\/produit\\\/cycle-de-vie-dune-abeille\\\/#breadcrumb\",\"itemListElement\":[{\"@type\":\"ListItem\",\"position\":1,\"name\":\"Home\",\"item\":\"https:\\\/\\\/www.begenat.com\\\/en\\\/\"},{\"@type\":\"ListItem\",\"position\":2,\"name\":\"Shop\",\"item\":\"https:\\\/\\\/www.begenat.com\\\/en\\\/shop\\\/\"},{\"@type\":\"ListItem\",\"position\":3,\"name\":\"Cycle de vie d&rsquo;une abeille\"}]},{\"@type\":\"WebSite\",\"@id\":\"https:\\\/\\\/www.begenat.com\\\/en\\\/#website\",\"url\":\"https:\\\/\\\/www.begenat.com\\\/en\\\/\",\"name\":\"www.begenat.com\",\"description\":\"\",\"publisher\":{\"@id\":\"https:\\\/\\\/www.begenat.com\\\/en\\\/#organization\"},\"potentialAction\":[{\"@type\":\"SearchAction\",\"target\":{\"@type\":\"EntryPoint\",\"urlTemplate\":\"https:\\\/\\\/www.begenat.com\\\/en\\\/?s={search_term_string}\"},\"query-input\":{\"@type\":\"PropertyValueSpecification\",\"valueRequired\":true,\"valueName\":\"search_term_string\"}}],\"inLanguage\":\"en-US\"},{\"@type\":\"Organization\",\"@id\":\"https:\\\/\\\/www.begenat.com\\\/en\\\/#organization\",\"name\":\"www.begenat.com\",\"url\":\"https:\\\/\\\/www.begenat.com\\\/en\\\/\",\"logo\":{\"@type\":\"ImageObject\",\"inLanguage\":\"en-US\",\"@id\":\"https:\\\/\\\/www.begenat.com\\\/en\\\/#\\\/schema\\\/logo\\\/image\\\/\",\"url\":\"https:\\\/\\\/www.begenat.com\\\/wp-content\\\/uploads\\\/2026\\\/01\\\/logo-petit-1.png\",\"contentUrl\":\"https:\\\/\\\/www.begenat.com\\\/wp-content\\\/uploads\\\/2026\\\/01\\\/logo-petit-1.png\",\"width\":140,\"height\":86,\"caption\":\"www.begenat.com\"},\"image\":{\"@id\":\"https:\\\/\\\/www.begenat.com\\\/en\\\/#\\\/schema\\\/logo\\\/image\\\/\"}}]}<\/script>\n<!-- \/ Yoast SEO plugin. -->","yoast_head_json":{"title":"Inclusion en r\u00e9sine : cycle de vie d'une abeille - B\u00e9g\u00e9nat","description":"D\u00e9couvrez le cycle de vie d'une abeille grace \u00e0 la superbe inclusion en r\u00e9sine qui repr\u00e9sente l'\u00e9volution de l'\u0153uf \u00e0 l'abeille adulte, avec la reine et le bourdon.","robots":{"index":"index","follow":"follow","max-snippet":"max-snippet:-1","max-image-preview":"max-image-preview:large","max-video-preview":"max-video-preview:-1"},"canonical":"https:\/\/www.begenat.com\/en\/produit\/cycle-de-vie-dune-abeille\/","og_locale":"en_US","og_type":"article","og_title":"Inclusion en r\u00e9sine : cycle de vie d'une abeille - B\u00e9g\u00e9nat","og_description":"D\u00e9couvrez le cycle de vie d'une abeille grace \u00e0 la superbe inclusion en r\u00e9sine qui repr\u00e9sente l'\u00e9volution de l'\u0153uf \u00e0 l'abeille adulte, avec la reine et le bourdon.","og_url":"https:\/\/www.begenat.com\/en\/produit\/cycle-de-vie-dune-abeille\/","og_site_name":"www.begenat.com","article_modified_time":"2025-11-13T13:26:58+00:00","og_image":[{"width":769,"height":448,"url":"https:\/\/www.begenat.com\/wp-content\/uploads\/2025\/08\/SI-1604.jpg","type":"image\/jpeg"}],"twitter_card":"summary_large_image","twitter_misc":{"Est. reading time":"1 minute"},"schema":{"@context":"https:\/\/schema.org","@graph":[{"@type":"WebPage","@id":"https:\/\/www.begenat.com\/en\/produit\/cycle-de-vie-dune-abeille\/","url":"https:\/\/www.begenat.com\/en\/produit\/cycle-de-vie-dune-abeille\/","name":"Inclusion en r\u00e9sine : cycle de vie d'une abeille - B\u00e9g\u00e9nat","isPartOf":{"@id":"https:\/\/www.begenat.com\/en\/#website"},"primaryImageOfPage":{"@id":"https:\/\/www.begenat.com\/en\/produit\/cycle-de-vie-dune-abeille\/#primaryimage"},"image":{"@id":"https:\/\/www.begenat.com\/en\/produit\/cycle-de-vie-dune-abeille\/#primaryimage"},"thumbnailUrl":"https:\/\/www.begenat.com\/wp-content\/uploads\/2025\/08\/SI-1604.jpg","datePublished":"2020-09-14T12:47:40+00:00","dateModified":"2025-11-13T13:26:58+00:00","description":"D\u00e9couvrez le cycle de vie d'une abeille grace \u00e0 la superbe inclusion en r\u00e9sine qui repr\u00e9sente l'\u00e9volution de l'\u0153uf \u00e0 l'abeille adulte, avec la reine et le bourdon.","breadcrumb":{"@id":"https:\/\/www.begenat.com\/en\/produit\/cycle-de-vie-dune-abeille\/#breadcrumb"},"inLanguage":"en-US","potentialAction":[{"@type":"ReadAction","target":["https:\/\/www.begenat.com\/en\/produit\/cycle-de-vie-dune-abeille\/"]}]},{"@type":"ImageObject","inLanguage":"en-US","@id":"https:\/\/www.begenat.com\/en\/produit\/cycle-de-vie-dune-abeille\/#primaryimage","url":"https:\/\/www.begenat.com\/wp-content\/uploads\/2025\/08\/SI-1604.jpg","contentUrl":"https:\/\/www.begenat.com\/wp-content\/uploads\/2025\/08\/SI-1604.jpg","width":769,"height":448,"caption":"Cycle de vie d\u2019une abeille"},{"@type":"BreadcrumbList","@id":"https:\/\/www.begenat.com\/en\/produit\/cycle-de-vie-dune-abeille\/#breadcrumb","itemListElement":[{"@type":"ListItem","position":1,"name":"Home","item":"https:\/\/www.begenat.com\/en\/"},{"@type":"ListItem","position":2,"name":"Shop","item":"https:\/\/www.begenat.com\/en\/shop\/"},{"@type":"ListItem","position":3,"name":"Cycle de vie d&rsquo;une abeille"}]},{"@type":"WebSite","@id":"https:\/\/www.begenat.com\/en\/#website","url":"https:\/\/www.begenat.com\/en\/","name":"www.begenat.com","description":"","publisher":{"@id":"https:\/\/www.begenat.com\/en\/#organization"},"potentialAction":[{"@type":"SearchAction","target":{"@type":"EntryPoint","urlTemplate":"https:\/\/www.begenat.com\/en\/?s={search_term_string}"},"query-input":{"@type":"PropertyValueSpecification","valueRequired":true,"valueName":"search_term_string"}}],"inLanguage":"en-US"},{"@type":"Organization","@id":"https:\/\/www.begenat.com\/en\/#organization","name":"www.begenat.com","url":"https:\/\/www.begenat.com\/en\/","logo":{"@type":"ImageObject","inLanguage":"en-US","@id":"https:\/\/www.begenat.com\/en\/#\/schema\/logo\/image\/","url":"https:\/\/www.begenat.com\/wp-content\/uploads\/2026\/01\/logo-petit-1.png","contentUrl":"https:\/\/www.begenat.com\/wp-content\/uploads\/2026\/01\/logo-petit-1.png","width":140,"height":86,"caption":"www.begenat.com"},"image":{"@id":"https:\/\/www.begenat.com\/en\/#\/schema\/logo\/image\/"}}]}},"_links":{"self":[{"href":"https:\/\/www.begenat.com\/en\/wp-json\/wp\/v2\/product\/8151","targetHints":{"allow":["GET"]}}],"collection":[{"href":"https:\/\/www.begenat.com\/en\/wp-json\/wp\/v2\/product"}],"about":[{"href":"https:\/\/www.begenat.com\/en\/wp-json\/wp\/v2\/types\/product"}],"replies":[{"embeddable":true,"href":"https:\/\/www.begenat.com\/en\/wp-json\/wp\/v2\/comments?post=8151"}],"wp:featuredmedia":[{"embeddable":true,"href":"https:\/\/www.begenat.com\/en\/wp-json\/wp\/v2\/media\/101755"}],"wp:attachment":[{"href":"https:\/\/www.begenat.com\/en\/wp-json\/wp\/v2\/media?parent=8151"}],"wp:term":[{"taxonomy":"product_brand","embeddable":true,"href":"https:\/\/www.begenat.com\/en\/wp-json\/wp\/v2\/product_brand?post=8151"},{"taxonomy":"product_cat","embeddable":true,"href":"https:\/\/www.begenat.com\/en\/wp-json\/wp\/v2\/product_cat?post=8151"},{"taxonomy":"product_tag","embeddable":true,"href":"https:\/\/www.begenat.com\/en\/wp-json\/wp\/v2\/product_tag?post=8151"}],"curies":[{"name":"wp","href":"https:\/\/api.w.org\/{rel}","templated":true}]}}