{"id":8150,"date":"2020-09-14T14:41:31","date_gmt":"2020-09-14T12:41:31","guid":{"rendered":"https:\/\/www.begenat.com\/?post_type=product&#038;p=8150"},"modified":"2026-01-20T16:31:09","modified_gmt":"2026-01-20T15:31:09","slug":"cycle-de-vie-des-insectes","status":"publish","type":"product","link":"https:\/\/www.begenat.com\/en\/produit\/cycle-de-vie-des-insectes\/","title":{"rendered":"Cycle de vie des insectes"},"content":{"rendered":"<p>Superbe collection de douze insectes \u00e0 leurs diff\u00e9rents stades d&#8217;\u00e9volution dans r\u00e9sine.<\/p>\n<p>Cigale, mouche, abeille, blatte, libellule, papillon, mante religieuse, ver \u00e0 soie, sauterelle, papillon du chou, moustique et luciole.<\/p>\n","protected":false},"excerpt":{"rendered":"<p>Superbe collection de douze insectes \u00e0 leurs diff\u00e9rents stades d&#8217;\u00e9volution dans r\u00e9sine.<\/p>\n<p>Cigale, mouche, abeille, blatte, libellule, papillon, mante religieuse, ver \u00e0 soie, sauterelle, papillon du chou, moustique et luciole.<\/p>\n","protected":false},"featured_media":101753,"comment_status":"closed","ping_status":"closed","template":"","meta":{"_acf_changed":false},"product_brand":[],"product_cat":[100359,100471,100029],"product_tag":[],"class_list":{"0":"post-8150","1":"product","2":"type-product","3":"status-publish","4":"has-post-thumbnail","6":"product_cat-biologie","7":"product_cat-inclusions-dans-resine","8":"product_cat-universite","10":"first","11":"instock","12":"taxable","13":"shipping-taxable","14":"purchasable","15":"product-type-simple"},"acf":[],"yoast_head":"<!-- This site is optimized with the Yoast SEO plugin v27.4 - https:\/\/yoast.com\/product\/yoast-seo-wordpress\/ -->\n<title>Cycle de vie des insectes : cigale, mouche, abeille - B\u00e9g\u00e9nat<\/title>\n<meta name=\"description\" content=\"Collection de 12 insectes : explorez leurs diff\u00e9rents stades de vie (cigale, mouche, abeille, etc.) dans cette inclusion en r\u00e9sine transparente.\" \/>\n<meta name=\"robots\" content=\"index, follow, max-snippet:-1, max-image-preview:large, max-video-preview:-1\" \/>\n<link rel=\"canonical\" href=\"https:\/\/www.begenat.com\/en\/produit\/cycle-de-vie-des-insectes\/\" \/>\n<meta property=\"og:locale\" content=\"en_US\" \/>\n<meta property=\"og:type\" content=\"article\" \/>\n<meta property=\"og:title\" content=\"Cycle de vie des insectes : cigale, mouche, abeille - B\u00e9g\u00e9nat\" \/>\n<meta property=\"og:description\" content=\"Collection de 12 insectes : explorez leurs diff\u00e9rents stades de vie (cigale, mouche, abeille, etc.) dans cette inclusion en r\u00e9sine transparente.\" \/>\n<meta property=\"og:url\" content=\"https:\/\/www.begenat.com\/en\/produit\/cycle-de-vie-des-insectes\/\" \/>\n<meta property=\"og:site_name\" content=\"www.begenat.com\" \/>\n<meta property=\"article:modified_time\" content=\"2026-01-20T15:31:09+00:00\" \/>\n<meta property=\"og:image\" content=\"https:\/\/www.begenat.com\/wp-content\/uploads\/2025\/08\/1742-Life-Cycle-of-Insects-1.png\" \/>\n\t<meta property=\"og:image:width\" content=\"500\" \/>\n\t<meta property=\"og:image:height\" content=\"672\" \/>\n\t<meta property=\"og:image:type\" content=\"image\/png\" \/>\n<meta name=\"twitter:card\" content=\"summary_large_image\" \/>\n<meta name=\"twitter:label1\" content=\"Est. reading time\" \/>\n\t<meta name=\"twitter:data1\" content=\"1 minute\" \/>\n<script type=\"application\/ld+json\" class=\"yoast-schema-graph\">{\"@context\":\"https:\\\/\\\/schema.org\",\"@graph\":[{\"@type\":\"WebPage\",\"@id\":\"https:\\\/\\\/www.begenat.com\\\/en\\\/produit\\\/cycle-de-vie-des-insectes\\\/\",\"url\":\"https:\\\/\\\/www.begenat.com\\\/en\\\/produit\\\/cycle-de-vie-des-insectes\\\/\",\"name\":\"Cycle de vie des insectes : cigale, mouche, abeille - B\u00e9g\u00e9nat\",\"isPartOf\":{\"@id\":\"https:\\\/\\\/www.begenat.com\\\/en\\\/#website\"},\"primaryImageOfPage\":{\"@id\":\"https:\\\/\\\/www.begenat.com\\\/en\\\/produit\\\/cycle-de-vie-des-insectes\\\/#primaryimage\"},\"image\":{\"@id\":\"https:\\\/\\\/www.begenat.com\\\/en\\\/produit\\\/cycle-de-vie-des-insectes\\\/#primaryimage\"},\"thumbnailUrl\":\"https:\\\/\\\/www.begenat.com\\\/wp-content\\\/uploads\\\/2025\\\/08\\\/1742-Life-Cycle-of-Insects-1.png\",\"datePublished\":\"2020-09-14T12:41:31+00:00\",\"dateModified\":\"2026-01-20T15:31:09+00:00\",\"description\":\"Collection de 12 insectes : explorez leurs diff\u00e9rents stades de vie (cigale, mouche, abeille, etc.) dans cette inclusion en r\u00e9sine transparente.\",\"breadcrumb\":{\"@id\":\"https:\\\/\\\/www.begenat.com\\\/en\\\/produit\\\/cycle-de-vie-des-insectes\\\/#breadcrumb\"},\"inLanguage\":\"en-US\",\"potentialAction\":[{\"@type\":\"ReadAction\",\"target\":[\"https:\\\/\\\/www.begenat.com\\\/en\\\/produit\\\/cycle-de-vie-des-insectes\\\/\"]}]},{\"@type\":\"ImageObject\",\"inLanguage\":\"en-US\",\"@id\":\"https:\\\/\\\/www.begenat.com\\\/en\\\/produit\\\/cycle-de-vie-des-insectes\\\/#primaryimage\",\"url\":\"https:\\\/\\\/www.begenat.com\\\/wp-content\\\/uploads\\\/2025\\\/08\\\/1742-Life-Cycle-of-Insects-1.png\",\"contentUrl\":\"https:\\\/\\\/www.begenat.com\\\/wp-content\\\/uploads\\\/2025\\\/08\\\/1742-Life-Cycle-of-Insects-1.png\",\"width\":500,\"height\":672,\"caption\":\"Cycle de vie des insectes\"},{\"@type\":\"BreadcrumbList\",\"@id\":\"https:\\\/\\\/www.begenat.com\\\/en\\\/produit\\\/cycle-de-vie-des-insectes\\\/#breadcrumb\",\"itemListElement\":[{\"@type\":\"ListItem\",\"position\":1,\"name\":\"Home\",\"item\":\"https:\\\/\\\/www.begenat.com\\\/en\\\/\"},{\"@type\":\"ListItem\",\"position\":2,\"name\":\"Shop\",\"item\":\"https:\\\/\\\/www.begenat.com\\\/en\\\/shop\\\/\"},{\"@type\":\"ListItem\",\"position\":3,\"name\":\"Cycle de vie des insectes\"}]},{\"@type\":\"WebSite\",\"@id\":\"https:\\\/\\\/www.begenat.com\\\/en\\\/#website\",\"url\":\"https:\\\/\\\/www.begenat.com\\\/en\\\/\",\"name\":\"www.begenat.com\",\"description\":\"\",\"publisher\":{\"@id\":\"https:\\\/\\\/www.begenat.com\\\/en\\\/#organization\"},\"potentialAction\":[{\"@type\":\"SearchAction\",\"target\":{\"@type\":\"EntryPoint\",\"urlTemplate\":\"https:\\\/\\\/www.begenat.com\\\/en\\\/?s={search_term_string}\"},\"query-input\":{\"@type\":\"PropertyValueSpecification\",\"valueRequired\":true,\"valueName\":\"search_term_string\"}}],\"inLanguage\":\"en-US\"},{\"@type\":\"Organization\",\"@id\":\"https:\\\/\\\/www.begenat.com\\\/en\\\/#organization\",\"name\":\"www.begenat.com\",\"url\":\"https:\\\/\\\/www.begenat.com\\\/en\\\/\",\"logo\":{\"@type\":\"ImageObject\",\"inLanguage\":\"en-US\",\"@id\":\"https:\\\/\\\/www.begenat.com\\\/en\\\/#\\\/schema\\\/logo\\\/image\\\/\",\"url\":\"https:\\\/\\\/www.begenat.com\\\/wp-content\\\/uploads\\\/2026\\\/01\\\/logo-petit-1.png\",\"contentUrl\":\"https:\\\/\\\/www.begenat.com\\\/wp-content\\\/uploads\\\/2026\\\/01\\\/logo-petit-1.png\",\"width\":140,\"height\":86,\"caption\":\"www.begenat.com\"},\"image\":{\"@id\":\"https:\\\/\\\/www.begenat.com\\\/en\\\/#\\\/schema\\\/logo\\\/image\\\/\"}}]}<\/script>\n<!-- \/ Yoast SEO plugin. -->","yoast_head_json":{"title":"Cycle de vie des insectes : cigale, mouche, abeille - B\u00e9g\u00e9nat","description":"Collection de 12 insectes : explorez leurs diff\u00e9rents stades de vie (cigale, mouche, abeille, etc.) dans cette inclusion en r\u00e9sine transparente.","robots":{"index":"index","follow":"follow","max-snippet":"max-snippet:-1","max-image-preview":"max-image-preview:large","max-video-preview":"max-video-preview:-1"},"canonical":"https:\/\/www.begenat.com\/en\/produit\/cycle-de-vie-des-insectes\/","og_locale":"en_US","og_type":"article","og_title":"Cycle de vie des insectes : cigale, mouche, abeille - B\u00e9g\u00e9nat","og_description":"Collection de 12 insectes : explorez leurs diff\u00e9rents stades de vie (cigale, mouche, abeille, etc.) dans cette inclusion en r\u00e9sine transparente.","og_url":"https:\/\/www.begenat.com\/en\/produit\/cycle-de-vie-des-insectes\/","og_site_name":"www.begenat.com","article_modified_time":"2026-01-20T15:31:09+00:00","og_image":[{"width":500,"height":672,"url":"https:\/\/www.begenat.com\/wp-content\/uploads\/2025\/08\/1742-Life-Cycle-of-Insects-1.png","type":"image\/png"}],"twitter_card":"summary_large_image","twitter_misc":{"Est. reading time":"1 minute"},"schema":{"@context":"https:\/\/schema.org","@graph":[{"@type":"WebPage","@id":"https:\/\/www.begenat.com\/en\/produit\/cycle-de-vie-des-insectes\/","url":"https:\/\/www.begenat.com\/en\/produit\/cycle-de-vie-des-insectes\/","name":"Cycle de vie des insectes : cigale, mouche, abeille - B\u00e9g\u00e9nat","isPartOf":{"@id":"https:\/\/www.begenat.com\/en\/#website"},"primaryImageOfPage":{"@id":"https:\/\/www.begenat.com\/en\/produit\/cycle-de-vie-des-insectes\/#primaryimage"},"image":{"@id":"https:\/\/www.begenat.com\/en\/produit\/cycle-de-vie-des-insectes\/#primaryimage"},"thumbnailUrl":"https:\/\/www.begenat.com\/wp-content\/uploads\/2025\/08\/1742-Life-Cycle-of-Insects-1.png","datePublished":"2020-09-14T12:41:31+00:00","dateModified":"2026-01-20T15:31:09+00:00","description":"Collection de 12 insectes : explorez leurs diff\u00e9rents stades de vie (cigale, mouche, abeille, etc.) dans cette inclusion en r\u00e9sine transparente.","breadcrumb":{"@id":"https:\/\/www.begenat.com\/en\/produit\/cycle-de-vie-des-insectes\/#breadcrumb"},"inLanguage":"en-US","potentialAction":[{"@type":"ReadAction","target":["https:\/\/www.begenat.com\/en\/produit\/cycle-de-vie-des-insectes\/"]}]},{"@type":"ImageObject","inLanguage":"en-US","@id":"https:\/\/www.begenat.com\/en\/produit\/cycle-de-vie-des-insectes\/#primaryimage","url":"https:\/\/www.begenat.com\/wp-content\/uploads\/2025\/08\/1742-Life-Cycle-of-Insects-1.png","contentUrl":"https:\/\/www.begenat.com\/wp-content\/uploads\/2025\/08\/1742-Life-Cycle-of-Insects-1.png","width":500,"height":672,"caption":"Cycle de vie des insectes"},{"@type":"BreadcrumbList","@id":"https:\/\/www.begenat.com\/en\/produit\/cycle-de-vie-des-insectes\/#breadcrumb","itemListElement":[{"@type":"ListItem","position":1,"name":"Home","item":"https:\/\/www.begenat.com\/en\/"},{"@type":"ListItem","position":2,"name":"Shop","item":"https:\/\/www.begenat.com\/en\/shop\/"},{"@type":"ListItem","position":3,"name":"Cycle de vie des insectes"}]},{"@type":"WebSite","@id":"https:\/\/www.begenat.com\/en\/#website","url":"https:\/\/www.begenat.com\/en\/","name":"www.begenat.com","description":"","publisher":{"@id":"https:\/\/www.begenat.com\/en\/#organization"},"potentialAction":[{"@type":"SearchAction","target":{"@type":"EntryPoint","urlTemplate":"https:\/\/www.begenat.com\/en\/?s={search_term_string}"},"query-input":{"@type":"PropertyValueSpecification","valueRequired":true,"valueName":"search_term_string"}}],"inLanguage":"en-US"},{"@type":"Organization","@id":"https:\/\/www.begenat.com\/en\/#organization","name":"www.begenat.com","url":"https:\/\/www.begenat.com\/en\/","logo":{"@type":"ImageObject","inLanguage":"en-US","@id":"https:\/\/www.begenat.com\/en\/#\/schema\/logo\/image\/","url":"https:\/\/www.begenat.com\/wp-content\/uploads\/2026\/01\/logo-petit-1.png","contentUrl":"https:\/\/www.begenat.com\/wp-content\/uploads\/2026\/01\/logo-petit-1.png","width":140,"height":86,"caption":"www.begenat.com"},"image":{"@id":"https:\/\/www.begenat.com\/en\/#\/schema\/logo\/image\/"}}]}},"_links":{"self":[{"href":"https:\/\/www.begenat.com\/en\/wp-json\/wp\/v2\/product\/8150","targetHints":{"allow":["GET"]}}],"collection":[{"href":"https:\/\/www.begenat.com\/en\/wp-json\/wp\/v2\/product"}],"about":[{"href":"https:\/\/www.begenat.com\/en\/wp-json\/wp\/v2\/types\/product"}],"replies":[{"embeddable":true,"href":"https:\/\/www.begenat.com\/en\/wp-json\/wp\/v2\/comments?post=8150"}],"wp:featuredmedia":[{"embeddable":true,"href":"https:\/\/www.begenat.com\/en\/wp-json\/wp\/v2\/media\/101753"}],"wp:attachment":[{"href":"https:\/\/www.begenat.com\/en\/wp-json\/wp\/v2\/media?parent=8150"}],"wp:term":[{"taxonomy":"product_brand","embeddable":true,"href":"https:\/\/www.begenat.com\/en\/wp-json\/wp\/v2\/product_brand?post=8150"},{"taxonomy":"product_cat","embeddable":true,"href":"https:\/\/www.begenat.com\/en\/wp-json\/wp\/v2\/product_cat?post=8150"},{"taxonomy":"product_tag","embeddable":true,"href":"https:\/\/www.begenat.com\/en\/wp-json\/wp\/v2\/product_tag?post=8150"}],"curies":[{"name":"wp","href":"https:\/\/api.w.org\/{rel}","templated":true}]}}