{"id":7890,"date":"2020-05-14T16:24:04","date_gmt":"2020-05-14T14:24:04","guid":{"rendered":"https:\/\/www.begenat.com\/?post_type=product&#038;p=7890"},"modified":"2026-03-04T16:44:06","modified_gmt":"2026-03-04T15:44:06","slug":"microscope-binoculaire-euromex-bioblue-lab","status":"publish","type":"product","link":"https:\/\/www.begenat.com\/en\/produit\/microscope-binoculaire-euromex-bioblue-lab\/","title":{"rendered":"BB.1152\u2011PLi &#8211; Microscope binoculaire Euromex Bioblue.Lab"},"content":{"rendered":"<p><span style=\"font-size: 9.0pt; font-family: 'Arial',sans-serif;\">Oculaires grand champ WF 10x\/20 mm<\/span><\/p>\n<p><span style=\"font-size: 9.0pt; font-family: 'Arial',sans-serif;\">T\u00eate binoculaire avec tubes ayant un diam\u00e8tre 30 mm et inclin\u00e9s \u00e0 30\u00b0.\u00a0 La distance interpupillaire est r\u00e9glable entre 48 et 75 mm. Tous les mod\u00e8les ont un r\u00e9glage de la dioptrie \u00b15 sur le tube gauche. Toutes les t\u00eates sont rotatives sur 360\u00ba et s\u00e9curis\u00e9es par une vis.\u00a0<\/span><\/p>\n<p><span style=\"font-family: 'Arial',sans-serif;\"><span style=\"font-size: small;\">Tourelle \u00e0 objectif invers\u00e9e quadruple mont\u00e9e sur roulements \u00e0 billes.\u00a0Fente pour analyseur (BB.9602)<\/span><\/span><\/p>\n<p><span style=\"font-family: 'Arial',sans-serif;\"><span style=\"font-size: small;\">Mod\u00e8le \u00e9quip\u00e9 avec des objectifs plan IOS 4x\/10x\/S40x\/S100x.\u00a0Les objectifs \u00a020x\/0.40 et S60x\/0.85 sont aussi disponibles en option. Les objectifs S40x et S100x sont r\u00e9tractables<\/span><\/span><\/p>\n<p><em><span style=\"font-size: 9.0pt; font-family: 'Arial',sans-serif;\">Toutes les optiques sont trait\u00e9es antifongique et antireflet pour un meilleur passage de la lumi\u00e8re<\/span><\/em><\/p>\n<p><span style=\"font-size: 9.0pt; font-family: 'Arial',sans-serif;\">Mise au point macro-microm\u00e9trique coaxiale, 200 graduations.\u00a0Pr\u00e9cision de 1.5 \u03bcm par graduation, 0.3 mm par rotation.\u00a0D\u00e9placement total d\u2019environ 28 mm.\u00a0But\u00e9e de protection r\u00e9glable pour \u00e9viter d&#8217;endommager l&#8217;\u00e9chantillon et les objectifs.\u00a0Le r\u00e9glage macrom\u00e9trique est \u00e9quip\u00e9 d\u2019un contr\u00f4le de friction<\/span><\/p>\n<p><span style=\"font-size: 9.0pt; font-family: 'Arial',sans-serif;\">Platine sans de 150 x 140 mm avec surplatine m\u00e9canique sans cr\u00e9maill\u00e8re ayant une plage de mouvement de 75 x 30 mm\u00a0<\/span><\/p>\n<p><span style=\"font-size: 9.0pt; font-family: 'Arial',sans-serif;\">Condenseur d\u2019Abbe O.N 1.25 r\u00e9glable en hauteur avec diaphragme \u00e0 iris et porte filtre. Fourni avec un filtre blanc.<\/span><\/p>\n<p><span style=\"font-size: 9.0pt; font-family: 'Arial',sans-serif;\">Dispositif de contraste de phase Zernike avec objectifs plan PLPHi IOS 10\/20\/40\/100x huile, disque rotative de phase avec quattre disques de phase, t\u00e9lescope d&#8217;alignement et filtre vert\u00a0.\u00a0Le condenseur comprend une position BF pour le fond clair<\/span><\/p>\n<p><span style=\"font-size: 9.0pt; font-family: 'Arial',sans-serif;\">Eclairage avec intensit\u00e9 r\u00e9glable \u00a0\u00a0NeoLED\u2122\u00a0de 3 W \u00a0qui augmente la puissance de l\u2019\u00e9clairage. Transformateur interne 100-240 Vac<\/span><\/p>\n<p><span style=\"font-size: 9.0pt; font-family: 'Arial',sans-serif;\">Fourni avec un c\u00e2ble d\u2019alimentation, un fusible de rechange, le manuel d\u2019utilisation, 5ml d\u2019huile \u00e0 immersion et un filtre blanc.\u00a0<\/span><\/p>\n","protected":false},"excerpt":{"rendered":"<p>Oculaires grand champ WF 10x\/20 mm T\u00eate binoculaire avec tubes ayant un diam\u00e8tre 30 mm et inclin\u00e9s \u00e0 30\u00b0.\u00a0 La distance interpupillaire est r\u00e9glable entre 48 et 75 mm. Tous les mod\u00e8les ont un r\u00e9glage de la dioptrie \u00b15 sur le tube gauche. Toutes les t\u00eates sont rotatives sur 360\u00ba et s\u00e9curis\u00e9es par une vis.\u00a0 [&hellip;]<\/p>\n","protected":false},"featured_media":101687,"comment_status":"closed","ping_status":"closed","template":"","meta":{"_acf_changed":false},"product_brand":[],"product_cat":[100417,100420,100361],"product_tag":[100766],"class_list":{"0":"post-7890","1":"product","2":"type-product","3":"status-publish","4":"has-post-thumbnail","6":"product_cat-microscopes-binoculaires","7":"product_cat-microscopes-de-recherche","8":"product_cat-microscopes-et-lames","9":"product_tag-micr","11":"first","12":"instock","13":"taxable","14":"shipping-taxable","15":"purchasable","16":"product-type-simple"},"acf":[],"yoast_head":"<!-- This site is optimized with the Yoast SEO plugin v27.4 - https:\/\/yoast.com\/product\/yoast-seo-wordpress\/ -->\n<title>BB.1152\u2011PLi - Microscope binoculaire Euromex Bioblue.Lab pour SVT - Coll\u00e8ge, Lyc\u00e9e, Universit\u00e9 - B\u00e9g\u00e9nat<\/title>\n<meta name=\"description\" content=\"BB.1152\u2011PLi - Microscope binoculaire Euromex Bioblue.Lab pour enseignement SVT. Livraison sous 48h en France m\u00e9tropolitaine !\" \/>\n<meta name=\"robots\" content=\"index, follow, max-snippet:-1, max-image-preview:large, max-video-preview:-1\" \/>\n<link rel=\"canonical\" href=\"https:\/\/www.begenat.com\/en\/produit\/microscope-binoculaire-euromex-bioblue-lab\/\" \/>\n<meta property=\"og:locale\" content=\"en_US\" \/>\n<meta property=\"og:type\" content=\"article\" \/>\n<meta property=\"og:title\" content=\"BB.1152\u2011PLi - Microscope binoculaire Euromex Bioblue.Lab pour SVT - Coll\u00e8ge, Lyc\u00e9e, Universit\u00e9 - B\u00e9g\u00e9nat\" \/>\n<meta property=\"og:description\" content=\"BB.1152\u2011PLi - Microscope binoculaire Euromex Bioblue.Lab pour enseignement SVT. Livraison sous 48h en France m\u00e9tropolitaine !\" \/>\n<meta property=\"og:url\" content=\"https:\/\/www.begenat.com\/en\/produit\/microscope-binoculaire-euromex-bioblue-lab\/\" \/>\n<meta property=\"og:site_name\" content=\"www.begenat.com\" \/>\n<meta property=\"article:modified_time\" content=\"2026-03-04T15:44:06+00:00\" \/>\n<meta property=\"og:image\" content=\"https:\/\/www.begenat.com\/wp-content\/uploads\/2025\/08\/BB.1152-PLi_B_1.png\" \/>\n\t<meta property=\"og:image:width\" content=\"658\" \/>\n\t<meta property=\"og:image:height\" content=\"750\" \/>\n\t<meta property=\"og:image:type\" content=\"image\/png\" \/>\n<meta name=\"twitter:card\" content=\"summary_large_image\" \/>\n<meta name=\"twitter:label1\" content=\"Est. reading time\" \/>\n\t<meta name=\"twitter:data1\" content=\"1 minute\" \/>\n<script type=\"application\/ld+json\" class=\"yoast-schema-graph\">{\"@context\":\"https:\\\/\\\/schema.org\",\"@graph\":[{\"@type\":\"WebPage\",\"@id\":\"https:\\\/\\\/www.begenat.com\\\/en\\\/produit\\\/microscope-binoculaire-euromex-bioblue-lab\\\/\",\"url\":\"https:\\\/\\\/www.begenat.com\\\/en\\\/produit\\\/microscope-binoculaire-euromex-bioblue-lab\\\/\",\"name\":\"BB.1152\u2011PLi - Microscope binoculaire Euromex Bioblue.Lab pour SVT - Coll\u00e8ge, Lyc\u00e9e, Universit\u00e9 - B\u00e9g\u00e9nat\",\"isPartOf\":{\"@id\":\"https:\\\/\\\/www.begenat.com\\\/en\\\/#website\"},\"primaryImageOfPage\":{\"@id\":\"https:\\\/\\\/www.begenat.com\\\/en\\\/produit\\\/microscope-binoculaire-euromex-bioblue-lab\\\/#primaryimage\"},\"image\":{\"@id\":\"https:\\\/\\\/www.begenat.com\\\/en\\\/produit\\\/microscope-binoculaire-euromex-bioblue-lab\\\/#primaryimage\"},\"thumbnailUrl\":\"https:\\\/\\\/www.begenat.com\\\/wp-content\\\/uploads\\\/2025\\\/08\\\/BB.1152-PLi_B_1.png\",\"datePublished\":\"2020-05-14T14:24:04+00:00\",\"dateModified\":\"2026-03-04T15:44:06+00:00\",\"description\":\"BB.1152\u2011PLi - Microscope binoculaire Euromex Bioblue.Lab pour enseignement SVT. Livraison sous 48h en France m\u00e9tropolitaine !\",\"breadcrumb\":{\"@id\":\"https:\\\/\\\/www.begenat.com\\\/en\\\/produit\\\/microscope-binoculaire-euromex-bioblue-lab\\\/#breadcrumb\"},\"inLanguage\":\"en-US\",\"potentialAction\":[{\"@type\":\"ReadAction\",\"target\":[\"https:\\\/\\\/www.begenat.com\\\/en\\\/produit\\\/microscope-binoculaire-euromex-bioblue-lab\\\/\"]}]},{\"@type\":\"ImageObject\",\"inLanguage\":\"en-US\",\"@id\":\"https:\\\/\\\/www.begenat.com\\\/en\\\/produit\\\/microscope-binoculaire-euromex-bioblue-lab\\\/#primaryimage\",\"url\":\"https:\\\/\\\/www.begenat.com\\\/wp-content\\\/uploads\\\/2025\\\/08\\\/BB.1152-PLi_B_1.png\",\"contentUrl\":\"https:\\\/\\\/www.begenat.com\\\/wp-content\\\/uploads\\\/2025\\\/08\\\/BB.1152-PLi_B_1.png\",\"width\":658,\"height\":750},{\"@type\":\"BreadcrumbList\",\"@id\":\"https:\\\/\\\/www.begenat.com\\\/en\\\/produit\\\/microscope-binoculaire-euromex-bioblue-lab\\\/#breadcrumb\",\"itemListElement\":[{\"@type\":\"ListItem\",\"position\":1,\"name\":\"Home\",\"item\":\"https:\\\/\\\/www.begenat.com\\\/en\\\/\"},{\"@type\":\"ListItem\",\"position\":2,\"name\":\"Shop\",\"item\":\"https:\\\/\\\/www.begenat.com\\\/en\\\/shop\\\/\"},{\"@type\":\"ListItem\",\"position\":3,\"name\":\"BB.1152\u2011PLi &#8211; Microscope binoculaire Euromex Bioblue.Lab\"}]},{\"@type\":\"WebSite\",\"@id\":\"https:\\\/\\\/www.begenat.com\\\/en\\\/#website\",\"url\":\"https:\\\/\\\/www.begenat.com\\\/en\\\/\",\"name\":\"www.begenat.com\",\"description\":\"\",\"publisher\":{\"@id\":\"https:\\\/\\\/www.begenat.com\\\/en\\\/#organization\"},\"potentialAction\":[{\"@type\":\"SearchAction\",\"target\":{\"@type\":\"EntryPoint\",\"urlTemplate\":\"https:\\\/\\\/www.begenat.com\\\/en\\\/?s={search_term_string}\"},\"query-input\":{\"@type\":\"PropertyValueSpecification\",\"valueRequired\":true,\"valueName\":\"search_term_string\"}}],\"inLanguage\":\"en-US\"},{\"@type\":\"Organization\",\"@id\":\"https:\\\/\\\/www.begenat.com\\\/en\\\/#organization\",\"name\":\"www.begenat.com\",\"url\":\"https:\\\/\\\/www.begenat.com\\\/en\\\/\",\"logo\":{\"@type\":\"ImageObject\",\"inLanguage\":\"en-US\",\"@id\":\"https:\\\/\\\/www.begenat.com\\\/en\\\/#\\\/schema\\\/logo\\\/image\\\/\",\"url\":\"https:\\\/\\\/www.begenat.com\\\/wp-content\\\/uploads\\\/2026\\\/01\\\/logo-petit-1.png\",\"contentUrl\":\"https:\\\/\\\/www.begenat.com\\\/wp-content\\\/uploads\\\/2026\\\/01\\\/logo-petit-1.png\",\"width\":140,\"height\":86,\"caption\":\"www.begenat.com\"},\"image\":{\"@id\":\"https:\\\/\\\/www.begenat.com\\\/en\\\/#\\\/schema\\\/logo\\\/image\\\/\"}}]}<\/script>\n<!-- \/ Yoast SEO plugin. -->","yoast_head_json":{"title":"BB.1152\u2011PLi - Microscope binoculaire Euromex Bioblue.Lab pour SVT - Coll\u00e8ge, Lyc\u00e9e, Universit\u00e9 - B\u00e9g\u00e9nat","description":"BB.1152\u2011PLi - Microscope binoculaire Euromex Bioblue.Lab pour enseignement SVT. Livraison sous 48h en France m\u00e9tropolitaine !","robots":{"index":"index","follow":"follow","max-snippet":"max-snippet:-1","max-image-preview":"max-image-preview:large","max-video-preview":"max-video-preview:-1"},"canonical":"https:\/\/www.begenat.com\/en\/produit\/microscope-binoculaire-euromex-bioblue-lab\/","og_locale":"en_US","og_type":"article","og_title":"BB.1152\u2011PLi - Microscope binoculaire Euromex Bioblue.Lab pour SVT - Coll\u00e8ge, Lyc\u00e9e, Universit\u00e9 - B\u00e9g\u00e9nat","og_description":"BB.1152\u2011PLi - Microscope binoculaire Euromex Bioblue.Lab pour enseignement SVT. Livraison sous 48h en France m\u00e9tropolitaine !","og_url":"https:\/\/www.begenat.com\/en\/produit\/microscope-binoculaire-euromex-bioblue-lab\/","og_site_name":"www.begenat.com","article_modified_time":"2026-03-04T15:44:06+00:00","og_image":[{"width":658,"height":750,"url":"https:\/\/www.begenat.com\/wp-content\/uploads\/2025\/08\/BB.1152-PLi_B_1.png","type":"image\/png"}],"twitter_card":"summary_large_image","twitter_misc":{"Est. reading time":"1 minute"},"schema":{"@context":"https:\/\/schema.org","@graph":[{"@type":"WebPage","@id":"https:\/\/www.begenat.com\/en\/produit\/microscope-binoculaire-euromex-bioblue-lab\/","url":"https:\/\/www.begenat.com\/en\/produit\/microscope-binoculaire-euromex-bioblue-lab\/","name":"BB.1152\u2011PLi - Microscope binoculaire Euromex Bioblue.Lab pour SVT - Coll\u00e8ge, Lyc\u00e9e, Universit\u00e9 - B\u00e9g\u00e9nat","isPartOf":{"@id":"https:\/\/www.begenat.com\/en\/#website"},"primaryImageOfPage":{"@id":"https:\/\/www.begenat.com\/en\/produit\/microscope-binoculaire-euromex-bioblue-lab\/#primaryimage"},"image":{"@id":"https:\/\/www.begenat.com\/en\/produit\/microscope-binoculaire-euromex-bioblue-lab\/#primaryimage"},"thumbnailUrl":"https:\/\/www.begenat.com\/wp-content\/uploads\/2025\/08\/BB.1152-PLi_B_1.png","datePublished":"2020-05-14T14:24:04+00:00","dateModified":"2026-03-04T15:44:06+00:00","description":"BB.1152\u2011PLi - Microscope binoculaire Euromex Bioblue.Lab pour enseignement SVT. Livraison sous 48h en France m\u00e9tropolitaine !","breadcrumb":{"@id":"https:\/\/www.begenat.com\/en\/produit\/microscope-binoculaire-euromex-bioblue-lab\/#breadcrumb"},"inLanguage":"en-US","potentialAction":[{"@type":"ReadAction","target":["https:\/\/www.begenat.com\/en\/produit\/microscope-binoculaire-euromex-bioblue-lab\/"]}]},{"@type":"ImageObject","inLanguage":"en-US","@id":"https:\/\/www.begenat.com\/en\/produit\/microscope-binoculaire-euromex-bioblue-lab\/#primaryimage","url":"https:\/\/www.begenat.com\/wp-content\/uploads\/2025\/08\/BB.1152-PLi_B_1.png","contentUrl":"https:\/\/www.begenat.com\/wp-content\/uploads\/2025\/08\/BB.1152-PLi_B_1.png","width":658,"height":750},{"@type":"BreadcrumbList","@id":"https:\/\/www.begenat.com\/en\/produit\/microscope-binoculaire-euromex-bioblue-lab\/#breadcrumb","itemListElement":[{"@type":"ListItem","position":1,"name":"Home","item":"https:\/\/www.begenat.com\/en\/"},{"@type":"ListItem","position":2,"name":"Shop","item":"https:\/\/www.begenat.com\/en\/shop\/"},{"@type":"ListItem","position":3,"name":"BB.1152\u2011PLi &#8211; Microscope binoculaire Euromex Bioblue.Lab"}]},{"@type":"WebSite","@id":"https:\/\/www.begenat.com\/en\/#website","url":"https:\/\/www.begenat.com\/en\/","name":"www.begenat.com","description":"","publisher":{"@id":"https:\/\/www.begenat.com\/en\/#organization"},"potentialAction":[{"@type":"SearchAction","target":{"@type":"EntryPoint","urlTemplate":"https:\/\/www.begenat.com\/en\/?s={search_term_string}"},"query-input":{"@type":"PropertyValueSpecification","valueRequired":true,"valueName":"search_term_string"}}],"inLanguage":"en-US"},{"@type":"Organization","@id":"https:\/\/www.begenat.com\/en\/#organization","name":"www.begenat.com","url":"https:\/\/www.begenat.com\/en\/","logo":{"@type":"ImageObject","inLanguage":"en-US","@id":"https:\/\/www.begenat.com\/en\/#\/schema\/logo\/image\/","url":"https:\/\/www.begenat.com\/wp-content\/uploads\/2026\/01\/logo-petit-1.png","contentUrl":"https:\/\/www.begenat.com\/wp-content\/uploads\/2026\/01\/logo-petit-1.png","width":140,"height":86,"caption":"www.begenat.com"},"image":{"@id":"https:\/\/www.begenat.com\/en\/#\/schema\/logo\/image\/"}}]}},"_links":{"self":[{"href":"https:\/\/www.begenat.com\/en\/wp-json\/wp\/v2\/product\/7890","targetHints":{"allow":["GET"]}}],"collection":[{"href":"https:\/\/www.begenat.com\/en\/wp-json\/wp\/v2\/product"}],"about":[{"href":"https:\/\/www.begenat.com\/en\/wp-json\/wp\/v2\/types\/product"}],"replies":[{"embeddable":true,"href":"https:\/\/www.begenat.com\/en\/wp-json\/wp\/v2\/comments?post=7890"}],"wp:featuredmedia":[{"embeddable":true,"href":"https:\/\/www.begenat.com\/en\/wp-json\/wp\/v2\/media\/101687"}],"wp:attachment":[{"href":"https:\/\/www.begenat.com\/en\/wp-json\/wp\/v2\/media?parent=7890"}],"wp:term":[{"taxonomy":"product_brand","embeddable":true,"href":"https:\/\/www.begenat.com\/en\/wp-json\/wp\/v2\/product_brand?post=7890"},{"taxonomy":"product_cat","embeddable":true,"href":"https:\/\/www.begenat.com\/en\/wp-json\/wp\/v2\/product_cat?post=7890"},{"taxonomy":"product_tag","embeddable":true,"href":"https:\/\/www.begenat.com\/en\/wp-json\/wp\/v2\/product_tag?post=7890"}],"curies":[{"name":"wp","href":"https:\/\/api.w.org\/{rel}","templated":true}]}}