{"id":7233,"date":"2018-07-12T15:04:24","date_gmt":"2018-07-12T13:04:24","guid":{"rendered":"https:\/\/www.begenat.com\/?post_type=product&#038;p=7233"},"modified":"2025-08-14T09:48:52","modified_gmt":"2025-08-14T07:48:52","slug":"balance-compacte-adam-dune-2000g-x-0-1g","status":"publish","type":"product","link":"https:\/\/www.begenat.com\/en\/produit\/balance-compacte-adam-dune-2000g-x-0-1g\/","title":{"rendered":"Balance compacte Adam Dune 2000g x 0.1g"},"content":{"rendered":"<p>\u2013 Large \u00e9cran tr\u00e8s contrast\u00e9, facilement lisible \u00e0 distance<\/p>\n<p>\u2013 La conception l\u00e9g\u00e8re facilite le transport et la portabilit\u00e9<\/p>\n<p>\u2013 Clavier \u00e9tanche prot\u00e8ge contre la salet\u00e9 et les d\u00e9versements accidentels<\/p>\n<p>\u2013 Grand plateau amovible pour un nettoyage rapide<\/p>\n<p>\u2013 Mise hors tension automatique pour \u00e9conomiser l\u2019\u00e9nergie<\/p>\n<p>\u2013 Fonction recherche du z\u00e9ro assure que l\u2019affichage revient \u00e0 z\u00e9ro<\/p>\n<p>Fonctionne avec adaptateur secteur (inclus) ou piles (non incluses)<\/p>\n","protected":false},"excerpt":{"rendered":"<p>\u2013 Large \u00e9cran tr\u00e8s contrast\u00e9, facilement lisible \u00e0 distance \u2013 La conception l\u00e9g\u00e8re facilite le transport et la portabilit\u00e9 \u2013 Clavier \u00e9tanche prot\u00e8ge contre la salet\u00e9 et les d\u00e9versements accidentels \u2013 Grand plateau amovible pour un nettoyage rapide \u2013 Mise hors tension automatique pour \u00e9conomiser l\u2019\u00e9nergie \u2013 Fonction recherche du z\u00e9ro assure que l\u2019affichage revient [&hellip;]<\/p>\n","protected":false},"featured_media":101609,"comment_status":"closed","ping_status":"closed","template":"","meta":{"_acf_changed":false},"product_brand":[],"product_cat":[100429],"product_tag":[],"class_list":{"0":"post-7233","1":"product","2":"type-product","3":"status-publish","4":"has-post-thumbnail","6":"product_cat-balances","8":"first","9":"instock","10":"taxable","11":"shipping-taxable","12":"product-type-simple"},"acf":[],"yoast_head":"<!-- This site is optimized with the Yoast SEO plugin v27.4 - https:\/\/yoast.com\/product\/yoast-seo-wordpress\/ -->\n<title>Balance compacte Adam Dune 2000g x 0.1g pour SVT - Coll\u00e8ge, Lyc\u00e9e, Universit\u00e9 - B\u00e9g\u00e9nat<\/title>\n<meta name=\"description\" content=\"Balance compacte Adam Dune 2000g x 0.1g pour enseignement SVT. Livraison sous 48h en France m\u00e9tropolitaine !\" \/>\n<meta name=\"robots\" content=\"index, follow, max-snippet:-1, max-image-preview:large, max-video-preview:-1\" \/>\n<link rel=\"canonical\" href=\"https:\/\/www.begenat.com\/en\/produit\/balance-compacte-adam-dune-2000g-x-0-1g\/\" \/>\n<meta property=\"og:locale\" content=\"en_US\" \/>\n<meta property=\"og:type\" content=\"article\" \/>\n<meta property=\"og:title\" content=\"Balance compacte Adam Dune 2000g x 0.1g pour SVT - Coll\u00e8ge, Lyc\u00e9e, Universit\u00e9 - B\u00e9g\u00e9nat\" \/>\n<meta property=\"og:description\" content=\"Balance compacte Adam Dune 2000g x 0.1g pour enseignement SVT. Livraison sous 48h en France m\u00e9tropolitaine !\" \/>\n<meta property=\"og:url\" content=\"https:\/\/www.begenat.com\/en\/produit\/balance-compacte-adam-dune-2000g-x-0-1g\/\" \/>\n<meta property=\"og:site_name\" content=\"www.begenat.com\" \/>\n<meta property=\"article:modified_time\" content=\"2025-08-14T07:48:52+00:00\" \/>\n<meta name=\"twitter:card\" content=\"summary_large_image\" \/>\n<script type=\"application\/ld+json\" class=\"yoast-schema-graph\">{\"@context\":\"https:\\\/\\\/schema.org\",\"@graph\":[{\"@type\":\"WebPage\",\"@id\":\"https:\\\/\\\/www.begenat.com\\\/en\\\/produit\\\/balance-compacte-adam-dune-2000g-x-0-1g\\\/\",\"url\":\"https:\\\/\\\/www.begenat.com\\\/en\\\/produit\\\/balance-compacte-adam-dune-2000g-x-0-1g\\\/\",\"name\":\"Balance compacte Adam Dune 2000g x 0.1g pour SVT - Coll\u00e8ge, Lyc\u00e9e, Universit\u00e9 - B\u00e9g\u00e9nat\",\"isPartOf\":{\"@id\":\"https:\\\/\\\/www.begenat.com\\\/en\\\/#website\"},\"primaryImageOfPage\":{\"@id\":\"https:\\\/\\\/www.begenat.com\\\/en\\\/produit\\\/balance-compacte-adam-dune-2000g-x-0-1g\\\/#primaryimage\"},\"image\":{\"@id\":\"https:\\\/\\\/www.begenat.com\\\/en\\\/produit\\\/balance-compacte-adam-dune-2000g-x-0-1g\\\/#primaryimage\"},\"thumbnailUrl\":\"https:\\\/\\\/www.begenat.com\\\/wp-content\\\/uploads\\\/2025\\\/08\\\/xDCT2000-R.png\",\"datePublished\":\"2018-07-12T13:04:24+00:00\",\"dateModified\":\"2025-08-14T07:48:52+00:00\",\"description\":\"Balance compacte Adam Dune 2000g x 0.1g pour enseignement SVT. Livraison sous 48h en France m\u00e9tropolitaine !\",\"breadcrumb\":{\"@id\":\"https:\\\/\\\/www.begenat.com\\\/en\\\/produit\\\/balance-compacte-adam-dune-2000g-x-0-1g\\\/#breadcrumb\"},\"inLanguage\":\"en-US\",\"potentialAction\":[{\"@type\":\"ReadAction\",\"target\":[\"https:\\\/\\\/www.begenat.com\\\/en\\\/produit\\\/balance-compacte-adam-dune-2000g-x-0-1g\\\/\"]}]},{\"@type\":\"ImageObject\",\"inLanguage\":\"en-US\",\"@id\":\"https:\\\/\\\/www.begenat.com\\\/en\\\/produit\\\/balance-compacte-adam-dune-2000g-x-0-1g\\\/#primaryimage\",\"url\":\"https:\\\/\\\/www.begenat.com\\\/wp-content\\\/uploads\\\/2025\\\/08\\\/xDCT2000-R.png\",\"contentUrl\":\"https:\\\/\\\/www.begenat.com\\\/wp-content\\\/uploads\\\/2025\\\/08\\\/xDCT2000-R.png\",\"width\":500,\"height\":500,\"caption\":\"Balance compacte Adam Dune 2000g x 0.1g\"},{\"@type\":\"BreadcrumbList\",\"@id\":\"https:\\\/\\\/www.begenat.com\\\/en\\\/produit\\\/balance-compacte-adam-dune-2000g-x-0-1g\\\/#breadcrumb\",\"itemListElement\":[{\"@type\":\"ListItem\",\"position\":1,\"name\":\"Home\",\"item\":\"https:\\\/\\\/www.begenat.com\\\/en\\\/\"},{\"@type\":\"ListItem\",\"position\":2,\"name\":\"Shop\",\"item\":\"https:\\\/\\\/www.begenat.com\\\/en\\\/shop\\\/\"},{\"@type\":\"ListItem\",\"position\":3,\"name\":\"Balance compacte Adam Dune 2000g x 0.1g\"}]},{\"@type\":\"WebSite\",\"@id\":\"https:\\\/\\\/www.begenat.com\\\/en\\\/#website\",\"url\":\"https:\\\/\\\/www.begenat.com\\\/en\\\/\",\"name\":\"www.begenat.com\",\"description\":\"\",\"publisher\":{\"@id\":\"https:\\\/\\\/www.begenat.com\\\/en\\\/#organization\"},\"potentialAction\":[{\"@type\":\"SearchAction\",\"target\":{\"@type\":\"EntryPoint\",\"urlTemplate\":\"https:\\\/\\\/www.begenat.com\\\/en\\\/?s={search_term_string}\"},\"query-input\":{\"@type\":\"PropertyValueSpecification\",\"valueRequired\":true,\"valueName\":\"search_term_string\"}}],\"inLanguage\":\"en-US\"},{\"@type\":\"Organization\",\"@id\":\"https:\\\/\\\/www.begenat.com\\\/en\\\/#organization\",\"name\":\"www.begenat.com\",\"url\":\"https:\\\/\\\/www.begenat.com\\\/en\\\/\",\"logo\":{\"@type\":\"ImageObject\",\"inLanguage\":\"en-US\",\"@id\":\"https:\\\/\\\/www.begenat.com\\\/en\\\/#\\\/schema\\\/logo\\\/image\\\/\",\"url\":\"https:\\\/\\\/www.begenat.com\\\/wp-content\\\/uploads\\\/2026\\\/01\\\/logo-petit-1.png\",\"contentUrl\":\"https:\\\/\\\/www.begenat.com\\\/wp-content\\\/uploads\\\/2026\\\/01\\\/logo-petit-1.png\",\"width\":140,\"height\":86,\"caption\":\"www.begenat.com\"},\"image\":{\"@id\":\"https:\\\/\\\/www.begenat.com\\\/en\\\/#\\\/schema\\\/logo\\\/image\\\/\"}}]}<\/script>\n<!-- \/ Yoast SEO plugin. -->","yoast_head_json":{"title":"Balance compacte Adam Dune 2000g x 0.1g pour SVT - Coll\u00e8ge, Lyc\u00e9e, Universit\u00e9 - B\u00e9g\u00e9nat","description":"Balance compacte Adam Dune 2000g x 0.1g pour enseignement SVT. Livraison sous 48h en France m\u00e9tropolitaine !","robots":{"index":"index","follow":"follow","max-snippet":"max-snippet:-1","max-image-preview":"max-image-preview:large","max-video-preview":"max-video-preview:-1"},"canonical":"https:\/\/www.begenat.com\/en\/produit\/balance-compacte-adam-dune-2000g-x-0-1g\/","og_locale":"en_US","og_type":"article","og_title":"Balance compacte Adam Dune 2000g x 0.1g pour SVT - Coll\u00e8ge, Lyc\u00e9e, Universit\u00e9 - B\u00e9g\u00e9nat","og_description":"Balance compacte Adam Dune 2000g x 0.1g pour enseignement SVT. Livraison sous 48h en France m\u00e9tropolitaine !","og_url":"https:\/\/www.begenat.com\/en\/produit\/balance-compacte-adam-dune-2000g-x-0-1g\/","og_site_name":"www.begenat.com","article_modified_time":"2025-08-14T07:48:52+00:00","twitter_card":"summary_large_image","schema":{"@context":"https:\/\/schema.org","@graph":[{"@type":"WebPage","@id":"https:\/\/www.begenat.com\/en\/produit\/balance-compacte-adam-dune-2000g-x-0-1g\/","url":"https:\/\/www.begenat.com\/en\/produit\/balance-compacte-adam-dune-2000g-x-0-1g\/","name":"Balance compacte Adam Dune 2000g x 0.1g pour SVT - Coll\u00e8ge, Lyc\u00e9e, Universit\u00e9 - B\u00e9g\u00e9nat","isPartOf":{"@id":"https:\/\/www.begenat.com\/en\/#website"},"primaryImageOfPage":{"@id":"https:\/\/www.begenat.com\/en\/produit\/balance-compacte-adam-dune-2000g-x-0-1g\/#primaryimage"},"image":{"@id":"https:\/\/www.begenat.com\/en\/produit\/balance-compacte-adam-dune-2000g-x-0-1g\/#primaryimage"},"thumbnailUrl":"https:\/\/www.begenat.com\/wp-content\/uploads\/2025\/08\/xDCT2000-R.png","datePublished":"2018-07-12T13:04:24+00:00","dateModified":"2025-08-14T07:48:52+00:00","description":"Balance compacte Adam Dune 2000g x 0.1g pour enseignement SVT. Livraison sous 48h en France m\u00e9tropolitaine !","breadcrumb":{"@id":"https:\/\/www.begenat.com\/en\/produit\/balance-compacte-adam-dune-2000g-x-0-1g\/#breadcrumb"},"inLanguage":"en-US","potentialAction":[{"@type":"ReadAction","target":["https:\/\/www.begenat.com\/en\/produit\/balance-compacte-adam-dune-2000g-x-0-1g\/"]}]},{"@type":"ImageObject","inLanguage":"en-US","@id":"https:\/\/www.begenat.com\/en\/produit\/balance-compacte-adam-dune-2000g-x-0-1g\/#primaryimage","url":"https:\/\/www.begenat.com\/wp-content\/uploads\/2025\/08\/xDCT2000-R.png","contentUrl":"https:\/\/www.begenat.com\/wp-content\/uploads\/2025\/08\/xDCT2000-R.png","width":500,"height":500,"caption":"Balance compacte Adam Dune 2000g x 0.1g"},{"@type":"BreadcrumbList","@id":"https:\/\/www.begenat.com\/en\/produit\/balance-compacte-adam-dune-2000g-x-0-1g\/#breadcrumb","itemListElement":[{"@type":"ListItem","position":1,"name":"Home","item":"https:\/\/www.begenat.com\/en\/"},{"@type":"ListItem","position":2,"name":"Shop","item":"https:\/\/www.begenat.com\/en\/shop\/"},{"@type":"ListItem","position":3,"name":"Balance compacte Adam Dune 2000g x 0.1g"}]},{"@type":"WebSite","@id":"https:\/\/www.begenat.com\/en\/#website","url":"https:\/\/www.begenat.com\/en\/","name":"www.begenat.com","description":"","publisher":{"@id":"https:\/\/www.begenat.com\/en\/#organization"},"potentialAction":[{"@type":"SearchAction","target":{"@type":"EntryPoint","urlTemplate":"https:\/\/www.begenat.com\/en\/?s={search_term_string}"},"query-input":{"@type":"PropertyValueSpecification","valueRequired":true,"valueName":"search_term_string"}}],"inLanguage":"en-US"},{"@type":"Organization","@id":"https:\/\/www.begenat.com\/en\/#organization","name":"www.begenat.com","url":"https:\/\/www.begenat.com\/en\/","logo":{"@type":"ImageObject","inLanguage":"en-US","@id":"https:\/\/www.begenat.com\/en\/#\/schema\/logo\/image\/","url":"https:\/\/www.begenat.com\/wp-content\/uploads\/2026\/01\/logo-petit-1.png","contentUrl":"https:\/\/www.begenat.com\/wp-content\/uploads\/2026\/01\/logo-petit-1.png","width":140,"height":86,"caption":"www.begenat.com"},"image":{"@id":"https:\/\/www.begenat.com\/en\/#\/schema\/logo\/image\/"}}]}},"_links":{"self":[{"href":"https:\/\/www.begenat.com\/en\/wp-json\/wp\/v2\/product\/7233","targetHints":{"allow":["GET"]}}],"collection":[{"href":"https:\/\/www.begenat.com\/en\/wp-json\/wp\/v2\/product"}],"about":[{"href":"https:\/\/www.begenat.com\/en\/wp-json\/wp\/v2\/types\/product"}],"replies":[{"embeddable":true,"href":"https:\/\/www.begenat.com\/en\/wp-json\/wp\/v2\/comments?post=7233"}],"wp:featuredmedia":[{"embeddable":true,"href":"https:\/\/www.begenat.com\/en\/wp-json\/wp\/v2\/media\/101609"}],"wp:attachment":[{"href":"https:\/\/www.begenat.com\/en\/wp-json\/wp\/v2\/media?parent=7233"}],"wp:term":[{"taxonomy":"product_brand","embeddable":true,"href":"https:\/\/www.begenat.com\/en\/wp-json\/wp\/v2\/product_brand?post=7233"},{"taxonomy":"product_cat","embeddable":true,"href":"https:\/\/www.begenat.com\/en\/wp-json\/wp\/v2\/product_cat?post=7233"},{"taxonomy":"product_tag","embeddable":true,"href":"https:\/\/www.begenat.com\/en\/wp-json\/wp\/v2\/product_tag?post=7233"}],"curies":[{"name":"wp","href":"https:\/\/api.w.org\/{rel}","templated":true}]}}