{"id":7183,"date":"2018-06-22T14:07:37","date_gmt":"2018-06-22T12:07:37","guid":{"rendered":"https:\/\/www.begenat.com\/?post_type=product&#038;p=7183"},"modified":"2025-11-08T15:07:02","modified_gmt":"2025-11-08T14:07:02","slug":"microtome-a-main-o75mm-trou-o23mm","status":"publish","type":"product","link":"https:\/\/www.begenat.com\/en\/produit\/microtome-a-main-o75mm-trou-o23mm\/","title":{"rendered":"Microtome \u00e0 main \u00d875mm, trou \u00d823mm"},"content":{"rendered":"<p>Ce microtome \u00e0 main est utilis\u00e9 pour la d\u00e9coupe de coupe pour les lames de microscope. La hauteur est de 85 mm. Le diam\u00e8tre de la plaque en laiton est de 75 mm. Centre de diam\u00e8tre de 2,3 cm pour la d\u00e9coupe des \u00e9chantillons. Cadran r\u00e9glable pour l&#8217;\u00e9paisseur de section, 10 microns par clic. Fourni en caisse \u00e0 charni\u00e8res en bois.<\/p>\n","protected":false},"excerpt":{"rendered":"<p>Ce microtome \u00e0 main est utilis\u00e9 pour la d\u00e9coupe de coupe pour les lames de microscope. La hauteur est de 85 mm. Le diam\u00e8tre de la plaque en laiton est de 75 mm. Centre de diam\u00e8tre de 2,3 cm pour la d\u00e9coupe des \u00e9chantillons. Cadran r\u00e9glable pour l&#8217;\u00e9paisseur de section, 10 microns par clic. Fourni en caisse \u00e0 charni\u00e8res en bois.<\/p>\n","protected":false},"featured_media":101595,"comment_status":"closed","ping_status":"closed","template":"","meta":{"_acf_changed":false},"product_brand":[],"product_cat":[100362,100473,100406],"product_tag":[],"class_list":{"0":"post-7183","1":"product","2":"type-product","3":"status-publish","4":"has-post-thumbnail","6":"product_cat-materiels-de-laboratoire","7":"product_cat-microtomes-et-accessoires","8":"product_cat-outils-a-dissection-et-materiels-congeles","10":"first","11":"instock","12":"taxable","13":"shipping-taxable","14":"purchasable","15":"product-type-simple"},"acf":[],"yoast_head":"<!-- This site is optimized with the Yoast SEO plugin v27.4 - https:\/\/yoast.com\/product\/yoast-seo-wordpress\/ -->\n<title>Microtome \u00e0 main \u00d875mm, trou \u00d823mm pour SVT - Coll\u00e8ge, Lyc\u00e9e, Universit\u00e9 - B\u00e9g\u00e9nat<\/title>\n<meta name=\"description\" content=\"Le diam\u00e8tre de la plaque en laiton est de 75 mm. Centre de diam\u00e8tre de 2,3 cm pour la d\u00e9coupe des \u00e9chantillons. Fourni en caisse \u00e0 charni\u00e8res en bois.\" \/>\n<meta name=\"robots\" content=\"index, follow, max-snippet:-1, max-image-preview:large, max-video-preview:-1\" \/>\n<link rel=\"canonical\" href=\"https:\/\/www.begenat.com\/en\/produit\/microtome-a-main-o75mm-trou-o23mm\/\" \/>\n<meta property=\"og:locale\" content=\"en_US\" \/>\n<meta property=\"og:type\" content=\"article\" \/>\n<meta property=\"og:title\" content=\"Microtome \u00e0 main \u00d875mm, trou \u00d823mm pour SVT - Coll\u00e8ge, Lyc\u00e9e, Universit\u00e9 - B\u00e9g\u00e9nat\" \/>\n<meta property=\"og:description\" content=\"Le diam\u00e8tre de la plaque en laiton est de 75 mm. Centre de diam\u00e8tre de 2,3 cm pour la d\u00e9coupe des \u00e9chantillons. Fourni en caisse \u00e0 charni\u00e8res en bois.\" \/>\n<meta property=\"og:url\" content=\"https:\/\/www.begenat.com\/en\/produit\/microtome-a-main-o75mm-trou-o23mm\/\" \/>\n<meta property=\"og:site_name\" content=\"www.begenat.com\" \/>\n<meta property=\"article:modified_time\" content=\"2025-11-08T14:07:02+00:00\" \/>\n<meta name=\"twitter:card\" content=\"summary_large_image\" \/>\n<meta name=\"twitter:label1\" content=\"Est. reading time\" \/>\n\t<meta name=\"twitter:data1\" content=\"1 minute\" \/>\n<script type=\"application\/ld+json\" class=\"yoast-schema-graph\">{\"@context\":\"https:\\\/\\\/schema.org\",\"@graph\":[{\"@type\":\"WebPage\",\"@id\":\"https:\\\/\\\/www.begenat.com\\\/en\\\/produit\\\/microtome-a-main-o75mm-trou-o23mm\\\/\",\"url\":\"https:\\\/\\\/www.begenat.com\\\/en\\\/produit\\\/microtome-a-main-o75mm-trou-o23mm\\\/\",\"name\":\"Microtome \u00e0 main \u00d875mm, trou \u00d823mm pour SVT - Coll\u00e8ge, Lyc\u00e9e, Universit\u00e9 - B\u00e9g\u00e9nat\",\"isPartOf\":{\"@id\":\"https:\\\/\\\/www.begenat.com\\\/en\\\/#website\"},\"primaryImageOfPage\":{\"@id\":\"https:\\\/\\\/www.begenat.com\\\/en\\\/produit\\\/microtome-a-main-o75mm-trou-o23mm\\\/#primaryimage\"},\"image\":{\"@id\":\"https:\\\/\\\/www.begenat.com\\\/en\\\/produit\\\/microtome-a-main-o75mm-trou-o23mm\\\/#primaryimage\"},\"thumbnailUrl\":\"https:\\\/\\\/www.begenat.com\\\/wp-content\\\/uploads\\\/2025\\\/08\\\/MT-2002-p34-scaled-1.jpg\",\"datePublished\":\"2018-06-22T12:07:37+00:00\",\"dateModified\":\"2025-11-08T14:07:02+00:00\",\"description\":\"Le diam\u00e8tre de la plaque en laiton est de 75 mm. Centre de diam\u00e8tre de 2,3 cm pour la d\u00e9coupe des \u00e9chantillons. Fourni en caisse \u00e0 charni\u00e8res en bois.\",\"breadcrumb\":{\"@id\":\"https:\\\/\\\/www.begenat.com\\\/en\\\/produit\\\/microtome-a-main-o75mm-trou-o23mm\\\/#breadcrumb\"},\"inLanguage\":\"en-US\",\"potentialAction\":[{\"@type\":\"ReadAction\",\"target\":[\"https:\\\/\\\/www.begenat.com\\\/en\\\/produit\\\/microtome-a-main-o75mm-trou-o23mm\\\/\"]}]},{\"@type\":\"ImageObject\",\"inLanguage\":\"en-US\",\"@id\":\"https:\\\/\\\/www.begenat.com\\\/en\\\/produit\\\/microtome-a-main-o75mm-trou-o23mm\\\/#primaryimage\",\"url\":\"https:\\\/\\\/www.begenat.com\\\/wp-content\\\/uploads\\\/2025\\\/08\\\/MT-2002-p34-scaled-1.jpg\",\"contentUrl\":\"https:\\\/\\\/www.begenat.com\\\/wp-content\\\/uploads\\\/2025\\\/08\\\/MT-2002-p34-scaled-1.jpg\",\"width\":2560,\"height\":2233,\"caption\":\"Microtome \u00e0 main \u00d875mm\"},{\"@type\":\"BreadcrumbList\",\"@id\":\"https:\\\/\\\/www.begenat.com\\\/en\\\/produit\\\/microtome-a-main-o75mm-trou-o23mm\\\/#breadcrumb\",\"itemListElement\":[{\"@type\":\"ListItem\",\"position\":1,\"name\":\"Home\",\"item\":\"https:\\\/\\\/www.begenat.com\\\/en\\\/\"},{\"@type\":\"ListItem\",\"position\":2,\"name\":\"Shop\",\"item\":\"https:\\\/\\\/www.begenat.com\\\/en\\\/shop\\\/\"},{\"@type\":\"ListItem\",\"position\":3,\"name\":\"Microtome \u00e0 main \u00d875mm, trou \u00d823mm\"}]},{\"@type\":\"WebSite\",\"@id\":\"https:\\\/\\\/www.begenat.com\\\/en\\\/#website\",\"url\":\"https:\\\/\\\/www.begenat.com\\\/en\\\/\",\"name\":\"www.begenat.com\",\"description\":\"\",\"publisher\":{\"@id\":\"https:\\\/\\\/www.begenat.com\\\/en\\\/#organization\"},\"potentialAction\":[{\"@type\":\"SearchAction\",\"target\":{\"@type\":\"EntryPoint\",\"urlTemplate\":\"https:\\\/\\\/www.begenat.com\\\/en\\\/?s={search_term_string}\"},\"query-input\":{\"@type\":\"PropertyValueSpecification\",\"valueRequired\":true,\"valueName\":\"search_term_string\"}}],\"inLanguage\":\"en-US\"},{\"@type\":\"Organization\",\"@id\":\"https:\\\/\\\/www.begenat.com\\\/en\\\/#organization\",\"name\":\"www.begenat.com\",\"url\":\"https:\\\/\\\/www.begenat.com\\\/en\\\/\",\"logo\":{\"@type\":\"ImageObject\",\"inLanguage\":\"en-US\",\"@id\":\"https:\\\/\\\/www.begenat.com\\\/en\\\/#\\\/schema\\\/logo\\\/image\\\/\",\"url\":\"https:\\\/\\\/www.begenat.com\\\/wp-content\\\/uploads\\\/2026\\\/01\\\/logo-petit-1.png\",\"contentUrl\":\"https:\\\/\\\/www.begenat.com\\\/wp-content\\\/uploads\\\/2026\\\/01\\\/logo-petit-1.png\",\"width\":140,\"height\":86,\"caption\":\"www.begenat.com\"},\"image\":{\"@id\":\"https:\\\/\\\/www.begenat.com\\\/en\\\/#\\\/schema\\\/logo\\\/image\\\/\"}}]}<\/script>\n<!-- \/ Yoast SEO plugin. -->","yoast_head_json":{"title":"Microtome \u00e0 main \u00d875mm, trou \u00d823mm pour SVT - Coll\u00e8ge, Lyc\u00e9e, Universit\u00e9 - B\u00e9g\u00e9nat","description":"Le diam\u00e8tre de la plaque en laiton est de 75 mm. Centre de diam\u00e8tre de 2,3 cm pour la d\u00e9coupe des \u00e9chantillons. Fourni en caisse \u00e0 charni\u00e8res en bois.","robots":{"index":"index","follow":"follow","max-snippet":"max-snippet:-1","max-image-preview":"max-image-preview:large","max-video-preview":"max-video-preview:-1"},"canonical":"https:\/\/www.begenat.com\/en\/produit\/microtome-a-main-o75mm-trou-o23mm\/","og_locale":"en_US","og_type":"article","og_title":"Microtome \u00e0 main \u00d875mm, trou \u00d823mm pour SVT - Coll\u00e8ge, Lyc\u00e9e, Universit\u00e9 - B\u00e9g\u00e9nat","og_description":"Le diam\u00e8tre de la plaque en laiton est de 75 mm. Centre de diam\u00e8tre de 2,3 cm pour la d\u00e9coupe des \u00e9chantillons. Fourni en caisse \u00e0 charni\u00e8res en bois.","og_url":"https:\/\/www.begenat.com\/en\/produit\/microtome-a-main-o75mm-trou-o23mm\/","og_site_name":"www.begenat.com","article_modified_time":"2025-11-08T14:07:02+00:00","twitter_card":"summary_large_image","twitter_misc":{"Est. reading time":"1 minute"},"schema":{"@context":"https:\/\/schema.org","@graph":[{"@type":"WebPage","@id":"https:\/\/www.begenat.com\/en\/produit\/microtome-a-main-o75mm-trou-o23mm\/","url":"https:\/\/www.begenat.com\/en\/produit\/microtome-a-main-o75mm-trou-o23mm\/","name":"Microtome \u00e0 main \u00d875mm, trou \u00d823mm pour SVT - Coll\u00e8ge, Lyc\u00e9e, Universit\u00e9 - B\u00e9g\u00e9nat","isPartOf":{"@id":"https:\/\/www.begenat.com\/en\/#website"},"primaryImageOfPage":{"@id":"https:\/\/www.begenat.com\/en\/produit\/microtome-a-main-o75mm-trou-o23mm\/#primaryimage"},"image":{"@id":"https:\/\/www.begenat.com\/en\/produit\/microtome-a-main-o75mm-trou-o23mm\/#primaryimage"},"thumbnailUrl":"https:\/\/www.begenat.com\/wp-content\/uploads\/2025\/08\/MT-2002-p34-scaled-1.jpg","datePublished":"2018-06-22T12:07:37+00:00","dateModified":"2025-11-08T14:07:02+00:00","description":"Le diam\u00e8tre de la plaque en laiton est de 75 mm. Centre de diam\u00e8tre de 2,3 cm pour la d\u00e9coupe des \u00e9chantillons. Fourni en caisse \u00e0 charni\u00e8res en bois.","breadcrumb":{"@id":"https:\/\/www.begenat.com\/en\/produit\/microtome-a-main-o75mm-trou-o23mm\/#breadcrumb"},"inLanguage":"en-US","potentialAction":[{"@type":"ReadAction","target":["https:\/\/www.begenat.com\/en\/produit\/microtome-a-main-o75mm-trou-o23mm\/"]}]},{"@type":"ImageObject","inLanguage":"en-US","@id":"https:\/\/www.begenat.com\/en\/produit\/microtome-a-main-o75mm-trou-o23mm\/#primaryimage","url":"https:\/\/www.begenat.com\/wp-content\/uploads\/2025\/08\/MT-2002-p34-scaled-1.jpg","contentUrl":"https:\/\/www.begenat.com\/wp-content\/uploads\/2025\/08\/MT-2002-p34-scaled-1.jpg","width":2560,"height":2233,"caption":"Microtome \u00e0 main \u00d875mm"},{"@type":"BreadcrumbList","@id":"https:\/\/www.begenat.com\/en\/produit\/microtome-a-main-o75mm-trou-o23mm\/#breadcrumb","itemListElement":[{"@type":"ListItem","position":1,"name":"Home","item":"https:\/\/www.begenat.com\/en\/"},{"@type":"ListItem","position":2,"name":"Shop","item":"https:\/\/www.begenat.com\/en\/shop\/"},{"@type":"ListItem","position":3,"name":"Microtome \u00e0 main \u00d875mm, trou \u00d823mm"}]},{"@type":"WebSite","@id":"https:\/\/www.begenat.com\/en\/#website","url":"https:\/\/www.begenat.com\/en\/","name":"www.begenat.com","description":"","publisher":{"@id":"https:\/\/www.begenat.com\/en\/#organization"},"potentialAction":[{"@type":"SearchAction","target":{"@type":"EntryPoint","urlTemplate":"https:\/\/www.begenat.com\/en\/?s={search_term_string}"},"query-input":{"@type":"PropertyValueSpecification","valueRequired":true,"valueName":"search_term_string"}}],"inLanguage":"en-US"},{"@type":"Organization","@id":"https:\/\/www.begenat.com\/en\/#organization","name":"www.begenat.com","url":"https:\/\/www.begenat.com\/en\/","logo":{"@type":"ImageObject","inLanguage":"en-US","@id":"https:\/\/www.begenat.com\/en\/#\/schema\/logo\/image\/","url":"https:\/\/www.begenat.com\/wp-content\/uploads\/2026\/01\/logo-petit-1.png","contentUrl":"https:\/\/www.begenat.com\/wp-content\/uploads\/2026\/01\/logo-petit-1.png","width":140,"height":86,"caption":"www.begenat.com"},"image":{"@id":"https:\/\/www.begenat.com\/en\/#\/schema\/logo\/image\/"}}]}},"_links":{"self":[{"href":"https:\/\/www.begenat.com\/en\/wp-json\/wp\/v2\/product\/7183","targetHints":{"allow":["GET"]}}],"collection":[{"href":"https:\/\/www.begenat.com\/en\/wp-json\/wp\/v2\/product"}],"about":[{"href":"https:\/\/www.begenat.com\/en\/wp-json\/wp\/v2\/types\/product"}],"replies":[{"embeddable":true,"href":"https:\/\/www.begenat.com\/en\/wp-json\/wp\/v2\/comments?post=7183"}],"wp:featuredmedia":[{"embeddable":true,"href":"https:\/\/www.begenat.com\/en\/wp-json\/wp\/v2\/media\/101595"}],"wp:attachment":[{"href":"https:\/\/www.begenat.com\/en\/wp-json\/wp\/v2\/media?parent=7183"}],"wp:term":[{"taxonomy":"product_brand","embeddable":true,"href":"https:\/\/www.begenat.com\/en\/wp-json\/wp\/v2\/product_brand?post=7183"},{"taxonomy":"product_cat","embeddable":true,"href":"https:\/\/www.begenat.com\/en\/wp-json\/wp\/v2\/product_cat?post=7183"},{"taxonomy":"product_tag","embeddable":true,"href":"https:\/\/www.begenat.com\/en\/wp-json\/wp\/v2\/product_tag?post=7183"}],"curies":[{"name":"wp","href":"https:\/\/api.w.org\/{rel}","templated":true}]}}