{"id":7122,"date":"2018-05-21T09:30:59","date_gmt":"2018-05-21T07:30:59","guid":{"rendered":"https:\/\/www.begenat.com\/?post_type=product&#038;p=7122"},"modified":"2025-08-29T07:30:38","modified_gmt":"2025-08-29T05:30:38","slug":"squelette-veritable-de-mouton","status":"publish","type":"product","link":"https:\/\/www.begenat.com\/en\/produit\/squelette-veritable-de-mouton\/","title":{"rendered":"Squelette v\u00e9ritable de mouton"},"content":{"rendered":"<p>Le v\u00e9ritable squelette de mouton est fix\u00e9 sur une base en bois et num\u00e9rot\u00e9 pour identifier les os individuels. Il a les dimensions: 55 x 14 x 31 cm (L x B x H)<\/p>\n","protected":false},"excerpt":{"rendered":"<p>Le v\u00e9ritable squelette de mouton est fix\u00e9 sur une base en bois et num\u00e9rot\u00e9 pour identifier les os individuels. Il a les dimensions: 55 x 14 x 31 cm (L x B x H)<\/p>\n","protected":false},"featured_media":101585,"comment_status":"closed","ping_status":"closed","template":"","meta":{"_acf_changed":false},"product_brand":[],"product_cat":[100369,100460],"product_tag":[],"class_list":{"0":"post-7122","1":"product","2":"type-product","3":"status-publish","4":"has-post-thumbnail","6":"product_cat-modeles-anatomiques-et-posters","7":"product_cat-squelettes-veritables","9":"first","10":"instock","11":"taxable","12":"shipping-taxable","13":"purchasable","14":"product-type-simple"},"acf":[],"yoast_head":"<!-- This site is optimized with the Yoast SEO plugin v27.4 - https:\/\/yoast.com\/product\/yoast-seo-wordpress\/ -->\n<title>Squelette v\u00e9ritable de mouton pour SVT - B\u00e9g\u00e9nat<\/title>\n<meta name=\"description\" content=\"Squelette v\u00e9ritable de mouton, dimensions: 55 x 14 x 31 cm (L x B x H), parfait pour illustrer l\u2019anatomie en cours, avec un mat\u00e9riel p\u00e9dagogique fiable.\" \/>\n<meta name=\"robots\" content=\"index, follow, max-snippet:-1, max-image-preview:large, max-video-preview:-1\" \/>\n<link rel=\"canonical\" href=\"https:\/\/www.begenat.com\/en\/produit\/squelette-veritable-de-mouton\/\" \/>\n<meta property=\"og:locale\" content=\"en_US\" \/>\n<meta property=\"og:type\" content=\"article\" \/>\n<meta property=\"og:title\" content=\"Squelette v\u00e9ritable de mouton pour SVT - B\u00e9g\u00e9nat\" \/>\n<meta property=\"og:description\" content=\"Squelette v\u00e9ritable de mouton, dimensions: 55 x 14 x 31 cm (L x B x H), parfait pour illustrer l\u2019anatomie en cours, avec un mat\u00e9riel p\u00e9dagogique fiable.\" \/>\n<meta property=\"og:url\" content=\"https:\/\/www.begenat.com\/en\/produit\/squelette-veritable-de-mouton\/\" \/>\n<meta property=\"og:site_name\" content=\"www.begenat.com\" \/>\n<meta property=\"article:modified_time\" content=\"2025-08-29T05:30:38+00:00\" \/>\n<meta property=\"og:image\" content=\"https:\/\/www.begenat.com\/wp-content\/uploads\/2025\/08\/H191647_mouton.jpg\" \/>\n\t<meta property=\"og:image:width\" content=\"473\" \/>\n\t<meta property=\"og:image:height\" content=\"500\" \/>\n\t<meta property=\"og:image:type\" content=\"image\/jpeg\" \/>\n<meta name=\"twitter:card\" content=\"summary_large_image\" \/>\n<meta name=\"twitter:label1\" content=\"Est. reading time\" \/>\n\t<meta name=\"twitter:data1\" content=\"1 minute\" \/>\n<script type=\"application\/ld+json\" class=\"yoast-schema-graph\">{\"@context\":\"https:\\\/\\\/schema.org\",\"@graph\":[{\"@type\":\"WebPage\",\"@id\":\"https:\\\/\\\/www.begenat.com\\\/en\\\/produit\\\/squelette-veritable-de-mouton\\\/\",\"url\":\"https:\\\/\\\/www.begenat.com\\\/en\\\/produit\\\/squelette-veritable-de-mouton\\\/\",\"name\":\"Squelette v\u00e9ritable de mouton pour SVT - B\u00e9g\u00e9nat\",\"isPartOf\":{\"@id\":\"https:\\\/\\\/www.begenat.com\\\/en\\\/#website\"},\"primaryImageOfPage\":{\"@id\":\"https:\\\/\\\/www.begenat.com\\\/en\\\/produit\\\/squelette-veritable-de-mouton\\\/#primaryimage\"},\"image\":{\"@id\":\"https:\\\/\\\/www.begenat.com\\\/en\\\/produit\\\/squelette-veritable-de-mouton\\\/#primaryimage\"},\"thumbnailUrl\":\"https:\\\/\\\/www.begenat.com\\\/wp-content\\\/uploads\\\/2025\\\/08\\\/H191647_mouton.jpg\",\"datePublished\":\"2018-05-21T07:30:59+00:00\",\"dateModified\":\"2025-08-29T05:30:38+00:00\",\"description\":\"Squelette v\u00e9ritable de mouton, dimensions: 55 x 14 x 31 cm (L x B x H), parfait pour illustrer l\u2019anatomie en cours, avec un mat\u00e9riel p\u00e9dagogique fiable.\",\"breadcrumb\":{\"@id\":\"https:\\\/\\\/www.begenat.com\\\/en\\\/produit\\\/squelette-veritable-de-mouton\\\/#breadcrumb\"},\"inLanguage\":\"en-US\",\"potentialAction\":[{\"@type\":\"ReadAction\",\"target\":[\"https:\\\/\\\/www.begenat.com\\\/en\\\/produit\\\/squelette-veritable-de-mouton\\\/\"]}]},{\"@type\":\"ImageObject\",\"inLanguage\":\"en-US\",\"@id\":\"https:\\\/\\\/www.begenat.com\\\/en\\\/produit\\\/squelette-veritable-de-mouton\\\/#primaryimage\",\"url\":\"https:\\\/\\\/www.begenat.com\\\/wp-content\\\/uploads\\\/2025\\\/08\\\/H191647_mouton.jpg\",\"contentUrl\":\"https:\\\/\\\/www.begenat.com\\\/wp-content\\\/uploads\\\/2025\\\/08\\\/H191647_mouton.jpg\",\"width\":473,\"height\":500,\"caption\":\"Squelette v\u00e9ritable de mouton\"},{\"@type\":\"BreadcrumbList\",\"@id\":\"https:\\\/\\\/www.begenat.com\\\/en\\\/produit\\\/squelette-veritable-de-mouton\\\/#breadcrumb\",\"itemListElement\":[{\"@type\":\"ListItem\",\"position\":1,\"name\":\"Home\",\"item\":\"https:\\\/\\\/www.begenat.com\\\/en\\\/\"},{\"@type\":\"ListItem\",\"position\":2,\"name\":\"Shop\",\"item\":\"https:\\\/\\\/www.begenat.com\\\/en\\\/shop\\\/\"},{\"@type\":\"ListItem\",\"position\":3,\"name\":\"Squelette v\u00e9ritable de mouton\"}]},{\"@type\":\"WebSite\",\"@id\":\"https:\\\/\\\/www.begenat.com\\\/en\\\/#website\",\"url\":\"https:\\\/\\\/www.begenat.com\\\/en\\\/\",\"name\":\"www.begenat.com\",\"description\":\"\",\"publisher\":{\"@id\":\"https:\\\/\\\/www.begenat.com\\\/en\\\/#organization\"},\"potentialAction\":[{\"@type\":\"SearchAction\",\"target\":{\"@type\":\"EntryPoint\",\"urlTemplate\":\"https:\\\/\\\/www.begenat.com\\\/en\\\/?s={search_term_string}\"},\"query-input\":{\"@type\":\"PropertyValueSpecification\",\"valueRequired\":true,\"valueName\":\"search_term_string\"}}],\"inLanguage\":\"en-US\"},{\"@type\":\"Organization\",\"@id\":\"https:\\\/\\\/www.begenat.com\\\/en\\\/#organization\",\"name\":\"www.begenat.com\",\"url\":\"https:\\\/\\\/www.begenat.com\\\/en\\\/\",\"logo\":{\"@type\":\"ImageObject\",\"inLanguage\":\"en-US\",\"@id\":\"https:\\\/\\\/www.begenat.com\\\/en\\\/#\\\/schema\\\/logo\\\/image\\\/\",\"url\":\"https:\\\/\\\/www.begenat.com\\\/wp-content\\\/uploads\\\/2026\\\/01\\\/logo-petit-1.png\",\"contentUrl\":\"https:\\\/\\\/www.begenat.com\\\/wp-content\\\/uploads\\\/2026\\\/01\\\/logo-petit-1.png\",\"width\":140,\"height\":86,\"caption\":\"www.begenat.com\"},\"image\":{\"@id\":\"https:\\\/\\\/www.begenat.com\\\/en\\\/#\\\/schema\\\/logo\\\/image\\\/\"}}]}<\/script>\n<!-- \/ Yoast SEO plugin. -->","yoast_head_json":{"title":"Squelette v\u00e9ritable de mouton pour SVT - B\u00e9g\u00e9nat","description":"Squelette v\u00e9ritable de mouton, dimensions: 55 x 14 x 31 cm (L x B x H), parfait pour illustrer l\u2019anatomie en cours, avec un mat\u00e9riel p\u00e9dagogique fiable.","robots":{"index":"index","follow":"follow","max-snippet":"max-snippet:-1","max-image-preview":"max-image-preview:large","max-video-preview":"max-video-preview:-1"},"canonical":"https:\/\/www.begenat.com\/en\/produit\/squelette-veritable-de-mouton\/","og_locale":"en_US","og_type":"article","og_title":"Squelette v\u00e9ritable de mouton pour SVT - B\u00e9g\u00e9nat","og_description":"Squelette v\u00e9ritable de mouton, dimensions: 55 x 14 x 31 cm (L x B x H), parfait pour illustrer l\u2019anatomie en cours, avec un mat\u00e9riel p\u00e9dagogique fiable.","og_url":"https:\/\/www.begenat.com\/en\/produit\/squelette-veritable-de-mouton\/","og_site_name":"www.begenat.com","article_modified_time":"2025-08-29T05:30:38+00:00","og_image":[{"width":473,"height":500,"url":"https:\/\/www.begenat.com\/wp-content\/uploads\/2025\/08\/H191647_mouton.jpg","type":"image\/jpeg"}],"twitter_card":"summary_large_image","twitter_misc":{"Est. reading time":"1 minute"},"schema":{"@context":"https:\/\/schema.org","@graph":[{"@type":"WebPage","@id":"https:\/\/www.begenat.com\/en\/produit\/squelette-veritable-de-mouton\/","url":"https:\/\/www.begenat.com\/en\/produit\/squelette-veritable-de-mouton\/","name":"Squelette v\u00e9ritable de mouton pour SVT - B\u00e9g\u00e9nat","isPartOf":{"@id":"https:\/\/www.begenat.com\/en\/#website"},"primaryImageOfPage":{"@id":"https:\/\/www.begenat.com\/en\/produit\/squelette-veritable-de-mouton\/#primaryimage"},"image":{"@id":"https:\/\/www.begenat.com\/en\/produit\/squelette-veritable-de-mouton\/#primaryimage"},"thumbnailUrl":"https:\/\/www.begenat.com\/wp-content\/uploads\/2025\/08\/H191647_mouton.jpg","datePublished":"2018-05-21T07:30:59+00:00","dateModified":"2025-08-29T05:30:38+00:00","description":"Squelette v\u00e9ritable de mouton, dimensions: 55 x 14 x 31 cm (L x B x H), parfait pour illustrer l\u2019anatomie en cours, avec un mat\u00e9riel p\u00e9dagogique fiable.","breadcrumb":{"@id":"https:\/\/www.begenat.com\/en\/produit\/squelette-veritable-de-mouton\/#breadcrumb"},"inLanguage":"en-US","potentialAction":[{"@type":"ReadAction","target":["https:\/\/www.begenat.com\/en\/produit\/squelette-veritable-de-mouton\/"]}]},{"@type":"ImageObject","inLanguage":"en-US","@id":"https:\/\/www.begenat.com\/en\/produit\/squelette-veritable-de-mouton\/#primaryimage","url":"https:\/\/www.begenat.com\/wp-content\/uploads\/2025\/08\/H191647_mouton.jpg","contentUrl":"https:\/\/www.begenat.com\/wp-content\/uploads\/2025\/08\/H191647_mouton.jpg","width":473,"height":500,"caption":"Squelette v\u00e9ritable de mouton"},{"@type":"BreadcrumbList","@id":"https:\/\/www.begenat.com\/en\/produit\/squelette-veritable-de-mouton\/#breadcrumb","itemListElement":[{"@type":"ListItem","position":1,"name":"Home","item":"https:\/\/www.begenat.com\/en\/"},{"@type":"ListItem","position":2,"name":"Shop","item":"https:\/\/www.begenat.com\/en\/shop\/"},{"@type":"ListItem","position":3,"name":"Squelette v\u00e9ritable de mouton"}]},{"@type":"WebSite","@id":"https:\/\/www.begenat.com\/en\/#website","url":"https:\/\/www.begenat.com\/en\/","name":"www.begenat.com","description":"","publisher":{"@id":"https:\/\/www.begenat.com\/en\/#organization"},"potentialAction":[{"@type":"SearchAction","target":{"@type":"EntryPoint","urlTemplate":"https:\/\/www.begenat.com\/en\/?s={search_term_string}"},"query-input":{"@type":"PropertyValueSpecification","valueRequired":true,"valueName":"search_term_string"}}],"inLanguage":"en-US"},{"@type":"Organization","@id":"https:\/\/www.begenat.com\/en\/#organization","name":"www.begenat.com","url":"https:\/\/www.begenat.com\/en\/","logo":{"@type":"ImageObject","inLanguage":"en-US","@id":"https:\/\/www.begenat.com\/en\/#\/schema\/logo\/image\/","url":"https:\/\/www.begenat.com\/wp-content\/uploads\/2026\/01\/logo-petit-1.png","contentUrl":"https:\/\/www.begenat.com\/wp-content\/uploads\/2026\/01\/logo-petit-1.png","width":140,"height":86,"caption":"www.begenat.com"},"image":{"@id":"https:\/\/www.begenat.com\/en\/#\/schema\/logo\/image\/"}}]}},"_links":{"self":[{"href":"https:\/\/www.begenat.com\/en\/wp-json\/wp\/v2\/product\/7122","targetHints":{"allow":["GET"]}}],"collection":[{"href":"https:\/\/www.begenat.com\/en\/wp-json\/wp\/v2\/product"}],"about":[{"href":"https:\/\/www.begenat.com\/en\/wp-json\/wp\/v2\/types\/product"}],"replies":[{"embeddable":true,"href":"https:\/\/www.begenat.com\/en\/wp-json\/wp\/v2\/comments?post=7122"}],"wp:featuredmedia":[{"embeddable":true,"href":"https:\/\/www.begenat.com\/en\/wp-json\/wp\/v2\/media\/101585"}],"wp:attachment":[{"href":"https:\/\/www.begenat.com\/en\/wp-json\/wp\/v2\/media?parent=7122"}],"wp:term":[{"taxonomy":"product_brand","embeddable":true,"href":"https:\/\/www.begenat.com\/en\/wp-json\/wp\/v2\/product_brand?post=7122"},{"taxonomy":"product_cat","embeddable":true,"href":"https:\/\/www.begenat.com\/en\/wp-json\/wp\/v2\/product_cat?post=7122"},{"taxonomy":"product_tag","embeddable":true,"href":"https:\/\/www.begenat.com\/en\/wp-json\/wp\/v2\/product_tag?post=7122"}],"curies":[{"name":"wp","href":"https:\/\/api.w.org\/{rel}","templated":true}]}}