{"id":4627,"date":"2017-05-29T15:21:15","date_gmt":"2017-05-29T13:21:15","guid":{"rendered":"https:\/\/www.begenat.com\/?post_type=product&#038;p=4627"},"modified":"2026-02-09T18:29:06","modified_gmt":"2026-02-09T17:29:06","slug":"optika-binocular-microscope","status":"publish","type":"product","link":"https:\/\/www.begenat.com\/en\/produit\/optika-binocular-microscope\/","title":{"rendered":"B-292 &#8211; Optika binocular microscope"},"content":{"rendered":"<p><span id=\"result_box\" class=\"\" lang=\"en\"><span title=\"Eclairage X-LED avec LED blanche 3.6W avec contr\u00f4le de la luminosit\u00e9 par un rh\u00e9ostat.\n\">X-LED illumination with 3.6W white LED with brightness control by a rheostat.<br \/>\n<\/span><span title=\"Dur\u00e9e de vie de la LED, environ 50000 heures.\n\">Lifetime of LED, about 50000 hours.<br \/>\n<\/span><span title=\"Alimentation externe 100\/240Vac, 50\/60Hz.\">External power supply 100 \/ 240Vac, 50 \/ 60Hz. <\/span><span title=\"Puissance maximale: 7W\n\">Maximum power: 7W<br \/>\n<\/span><span title=\"Syst\u00e8me de mise au point macro et microm\u00e9trique (gradu\u00e9e, 0.002mm) coaxiale avec syst\u00e8me d??arr\u00eat.\n\">Macro and micrometric focusing system (graduated, 0.002mm) coaxial with stop system.<br \/>\n<\/span><span title=\"La tension des commandes de mise au point est r\u00e9glable.\n\">The voltage of the focus controls is adjustable.<br \/>\n<\/span><span title=\"Platine avec surplatine 150x133mm, rang de mouvement X-Y 75x50mm avec syst\u00e8me d??entra\u00eenement par courroie.\">Platinum with overhang 150x133mm, X-Y movement range 75x50mm with belt drive system. <\/span><span title=\"\u00c9chelle de Vernier disponibles sur les deux axes de mouvement avec une pr\u00e9cision de 0,1 mm.\n\">Vernier scale available on both axes of motion with an accuracy of 0.1 mm.<br \/>\n<\/span><span title=\"T\u00eate trinoculaire , inclin\u00e9e \u00e0 30\u00b0 et rotative sur 360\u00b0.\n\">Trinocular head, inclined at 30 \u00b0 and rotating 360 \u00b0.<br \/>\n<\/span><span title=\"R\u00e9glage dioptrique sur le porte-oculaire de gauche.\n\">Diopter adjustment on the left eyepiece holder.<br \/>\n<\/span><span title=\"Oculaire grand champ WF10X\/20 index de champ 20.\n\">Wide field eyepiece WF10X \/ 20 field index 20.<br \/>\n<\/span><span title=\"Revolver porte-objectifs \u00e0 4 positions.\n\">4-position lens revolver.<br \/>\n<\/span><span title=\"Objectifs E-plan,DIN 4X, O.N.0.10, W.D.18mm + DIN 10X, O.N.0.25, W.D.7mm + DIN 40X, O.N.0.65, W.D.0.53 mm + DIN 100X \u00e0 immersion, O.N.1.25, W.D.0.13mm.\n\">Objectives E-plan, DIN 4X, O.N.0.10, W.D.18mm + DIN 10X, O.N.0.25, W.D.7mm + DIN 40X, O.N.0.65, W.D.0.53mm + DIN 100X immersion, O.N.1.25, W.D.0.13mm.<br \/>\n<\/span><span title=\"Condenseur d??Abbe, O.N.1,25 avec syst\u00e8me de centrage, r\u00e9glable en hauteur.\n\n\">Abbe condenser, O.N.1,25 with centering system, adjustable in height.<\/p>\n<p><\/span><span title=\"Garantie 5 ans contre tout vice de fabrication.\">Warranty 5 years against any manufacturing defect.<\/span><\/span><\/p>\n","protected":false},"excerpt":{"rendered":"<p>X-LED illumination with 3.6W white LED with brightness control by a rheostat. Lifetime of LED, about 50000 hours. External power supply 100 \/ 240Vac, 50 \/ 60Hz. Maximum power: 7W Macro and micrometric focusing system (graduated, 0.002mm) coaxial with stop system. The voltage of the focus controls is adjustable. Platinum with overhang 150x133mm, X-Y movement [&hellip;]<\/p>\n","protected":false},"featured_media":100897,"comment_status":"open","ping_status":"closed","template":"","meta":{"_acf_changed":false},"product_brand":[],"product_cat":[100681,100668],"product_tag":[],"class_list":{"0":"post-4627","1":"product","2":"type-product","3":"status-publish","4":"has-post-thumbnail","6":"product_cat-binoculars-microscopes-en","7":"product_cat-microscopes","9":"first","10":"instock","11":"taxable","12":"shipping-taxable","13":"purchasable","14":"product-type-simple"},"acf":[],"yoast_head":"<!-- This site is optimized with the Yoast SEO plugin v27.5 - https:\/\/yoast.com\/product\/yoast-seo-wordpress\/ -->\n<title>B-292 - Optika binocular microscope pour SVT - Coll\u00e8ge, Lyc\u00e9e, Universit\u00e9 - B\u00e9g\u00e9nat<\/title>\n<meta name=\"description\" content=\"B-292 - Optika binocular microscope pour enseignement SVT. Livraison sous 48h en France m\u00e9tropolitaine !\" \/>\n<meta name=\"robots\" content=\"index, follow, max-snippet:-1, max-image-preview:large, max-video-preview:-1\" \/>\n<link rel=\"canonical\" href=\"https:\/\/www.begenat.com\/en\/produit\/optika-binocular-microscope\/\" \/>\n<meta property=\"og:locale\" content=\"en_US\" \/>\n<meta property=\"og:type\" content=\"article\" \/>\n<meta property=\"og:title\" content=\"B-292 - Optika binocular microscope pour SVT - Coll\u00e8ge, Lyc\u00e9e, Universit\u00e9 - B\u00e9g\u00e9nat\" \/>\n<meta property=\"og:description\" content=\"B-292 - Optika binocular microscope pour enseignement SVT. Livraison sous 48h en France m\u00e9tropolitaine !\" \/>\n<meta property=\"og:url\" content=\"https:\/\/www.begenat.com\/en\/produit\/optika-binocular-microscope\/\" \/>\n<meta property=\"og:site_name\" content=\"www.begenat.com\" \/>\n<meta property=\"article:modified_time\" content=\"2026-02-09T17:29:06+00:00\" \/>\n<meta property=\"og:image\" content=\"https:\/\/www.begenat.com\/wp-content\/uploads\/2025\/08\/zoom-B292-1.jpg\" \/>\n\t<meta property=\"og:image:width\" content=\"300\" \/>\n\t<meta property=\"og:image:height\" content=\"411\" \/>\n\t<meta property=\"og:image:type\" content=\"image\/jpeg\" \/>\n<meta name=\"twitter:card\" content=\"summary_large_image\" \/>\n<meta name=\"twitter:label1\" content=\"Est. reading time\" \/>\n\t<meta name=\"twitter:data1\" content=\"1 minute\" \/>\n<script type=\"application\/ld+json\" class=\"yoast-schema-graph\">{\"@context\":\"https:\\\/\\\/schema.org\",\"@graph\":[{\"@type\":\"WebPage\",\"@id\":\"https:\\\/\\\/www.begenat.com\\\/en\\\/produit\\\/optika-binocular-microscope\\\/\",\"url\":\"https:\\\/\\\/www.begenat.com\\\/en\\\/produit\\\/optika-binocular-microscope\\\/\",\"name\":\"B-292 - Optika binocular microscope pour SVT - Coll\u00e8ge, Lyc\u00e9e, Universit\u00e9 - B\u00e9g\u00e9nat\",\"isPartOf\":{\"@id\":\"https:\\\/\\\/www.begenat.com\\\/en\\\/#website\"},\"primaryImageOfPage\":{\"@id\":\"https:\\\/\\\/www.begenat.com\\\/en\\\/produit\\\/optika-binocular-microscope\\\/#primaryimage\"},\"image\":{\"@id\":\"https:\\\/\\\/www.begenat.com\\\/en\\\/produit\\\/optika-binocular-microscope\\\/#primaryimage\"},\"thumbnailUrl\":\"https:\\\/\\\/www.begenat.com\\\/wp-content\\\/uploads\\\/2025\\\/08\\\/zoom-B292-1.jpg\",\"datePublished\":\"2017-05-29T13:21:15+00:00\",\"dateModified\":\"2026-02-09T17:29:06+00:00\",\"description\":\"B-292 - Optika binocular microscope pour enseignement SVT. Livraison sous 48h en France m\u00e9tropolitaine !\",\"breadcrumb\":{\"@id\":\"https:\\\/\\\/www.begenat.com\\\/en\\\/produit\\\/optika-binocular-microscope\\\/#breadcrumb\"},\"inLanguage\":\"en-US\",\"potentialAction\":[{\"@type\":\"ReadAction\",\"target\":[\"https:\\\/\\\/www.begenat.com\\\/en\\\/produit\\\/optika-binocular-microscope\\\/\"]}]},{\"@type\":\"ImageObject\",\"inLanguage\":\"en-US\",\"@id\":\"https:\\\/\\\/www.begenat.com\\\/en\\\/produit\\\/optika-binocular-microscope\\\/#primaryimage\",\"url\":\"https:\\\/\\\/www.begenat.com\\\/wp-content\\\/uploads\\\/2025\\\/08\\\/zoom-B292-1.jpg\",\"contentUrl\":\"https:\\\/\\\/www.begenat.com\\\/wp-content\\\/uploads\\\/2025\\\/08\\\/zoom-B292-1.jpg\",\"width\":300,\"height\":411,\"caption\":\"microscope binoculaire Optika\"},{\"@type\":\"BreadcrumbList\",\"@id\":\"https:\\\/\\\/www.begenat.com\\\/en\\\/produit\\\/optika-binocular-microscope\\\/#breadcrumb\",\"itemListElement\":[{\"@type\":\"ListItem\",\"position\":1,\"name\":\"Home\",\"item\":\"https:\\\/\\\/www.begenat.com\\\/en\\\/\"},{\"@type\":\"ListItem\",\"position\":2,\"name\":\"Shop\",\"item\":\"https:\\\/\\\/www.begenat.com\\\/en\\\/shop\\\/\"},{\"@type\":\"ListItem\",\"position\":3,\"name\":\"optika binocular microscope\"}]},{\"@type\":\"WebSite\",\"@id\":\"https:\\\/\\\/www.begenat.com\\\/en\\\/#website\",\"url\":\"https:\\\/\\\/www.begenat.com\\\/en\\\/\",\"name\":\"www.begenat.com\",\"description\":\"\",\"publisher\":{\"@id\":\"https:\\\/\\\/www.begenat.com\\\/en\\\/#organization\"},\"potentialAction\":[{\"@type\":\"SearchAction\",\"target\":{\"@type\":\"EntryPoint\",\"urlTemplate\":\"https:\\\/\\\/www.begenat.com\\\/en\\\/?s={search_term_string}\"},\"query-input\":{\"@type\":\"PropertyValueSpecification\",\"valueRequired\":true,\"valueName\":\"search_term_string\"}}],\"inLanguage\":\"en-US\"},{\"@type\":\"Organization\",\"@id\":\"https:\\\/\\\/www.begenat.com\\\/en\\\/#organization\",\"name\":\"www.begenat.com\",\"url\":\"https:\\\/\\\/www.begenat.com\\\/en\\\/\",\"logo\":{\"@type\":\"ImageObject\",\"inLanguage\":\"en-US\",\"@id\":\"https:\\\/\\\/www.begenat.com\\\/en\\\/#\\\/schema\\\/logo\\\/image\\\/\",\"url\":\"https:\\\/\\\/www.begenat.com\\\/wp-content\\\/uploads\\\/2026\\\/01\\\/logo-petit-1.png\",\"contentUrl\":\"https:\\\/\\\/www.begenat.com\\\/wp-content\\\/uploads\\\/2026\\\/01\\\/logo-petit-1.png\",\"width\":140,\"height\":86,\"caption\":\"www.begenat.com\"},\"image\":{\"@id\":\"https:\\\/\\\/www.begenat.com\\\/en\\\/#\\\/schema\\\/logo\\\/image\\\/\"}}]}<\/script>\n<!-- \/ Yoast SEO plugin. -->","yoast_head_json":{"title":"B-292 - Optika binocular microscope pour SVT - Coll\u00e8ge, Lyc\u00e9e, Universit\u00e9 - B\u00e9g\u00e9nat","description":"B-292 - Optika binocular microscope pour enseignement SVT. Livraison sous 48h en France m\u00e9tropolitaine !","robots":{"index":"index","follow":"follow","max-snippet":"max-snippet:-1","max-image-preview":"max-image-preview:large","max-video-preview":"max-video-preview:-1"},"canonical":"https:\/\/www.begenat.com\/en\/produit\/optika-binocular-microscope\/","og_locale":"en_US","og_type":"article","og_title":"B-292 - Optika binocular microscope pour SVT - Coll\u00e8ge, Lyc\u00e9e, Universit\u00e9 - B\u00e9g\u00e9nat","og_description":"B-292 - Optika binocular microscope pour enseignement SVT. Livraison sous 48h en France m\u00e9tropolitaine !","og_url":"https:\/\/www.begenat.com\/en\/produit\/optika-binocular-microscope\/","og_site_name":"www.begenat.com","article_modified_time":"2026-02-09T17:29:06+00:00","og_image":[{"width":300,"height":411,"url":"https:\/\/www.begenat.com\/wp-content\/uploads\/2025\/08\/zoom-B292-1.jpg","type":"image\/jpeg"}],"twitter_card":"summary_large_image","twitter_misc":{"Est. reading time":"1 minute"},"schema":{"@context":"https:\/\/schema.org","@graph":[{"@type":"WebPage","@id":"https:\/\/www.begenat.com\/en\/produit\/optika-binocular-microscope\/","url":"https:\/\/www.begenat.com\/en\/produit\/optika-binocular-microscope\/","name":"B-292 - Optika binocular microscope pour SVT - Coll\u00e8ge, Lyc\u00e9e, Universit\u00e9 - B\u00e9g\u00e9nat","isPartOf":{"@id":"https:\/\/www.begenat.com\/en\/#website"},"primaryImageOfPage":{"@id":"https:\/\/www.begenat.com\/en\/produit\/optika-binocular-microscope\/#primaryimage"},"image":{"@id":"https:\/\/www.begenat.com\/en\/produit\/optika-binocular-microscope\/#primaryimage"},"thumbnailUrl":"https:\/\/www.begenat.com\/wp-content\/uploads\/2025\/08\/zoom-B292-1.jpg","datePublished":"2017-05-29T13:21:15+00:00","dateModified":"2026-02-09T17:29:06+00:00","description":"B-292 - Optika binocular microscope pour enseignement SVT. Livraison sous 48h en France m\u00e9tropolitaine !","breadcrumb":{"@id":"https:\/\/www.begenat.com\/en\/produit\/optika-binocular-microscope\/#breadcrumb"},"inLanguage":"en-US","potentialAction":[{"@type":"ReadAction","target":["https:\/\/www.begenat.com\/en\/produit\/optika-binocular-microscope\/"]}]},{"@type":"ImageObject","inLanguage":"en-US","@id":"https:\/\/www.begenat.com\/en\/produit\/optika-binocular-microscope\/#primaryimage","url":"https:\/\/www.begenat.com\/wp-content\/uploads\/2025\/08\/zoom-B292-1.jpg","contentUrl":"https:\/\/www.begenat.com\/wp-content\/uploads\/2025\/08\/zoom-B292-1.jpg","width":300,"height":411,"caption":"microscope binoculaire Optika"},{"@type":"BreadcrumbList","@id":"https:\/\/www.begenat.com\/en\/produit\/optika-binocular-microscope\/#breadcrumb","itemListElement":[{"@type":"ListItem","position":1,"name":"Home","item":"https:\/\/www.begenat.com\/en\/"},{"@type":"ListItem","position":2,"name":"Shop","item":"https:\/\/www.begenat.com\/en\/shop\/"},{"@type":"ListItem","position":3,"name":"optika binocular microscope"}]},{"@type":"WebSite","@id":"https:\/\/www.begenat.com\/en\/#website","url":"https:\/\/www.begenat.com\/en\/","name":"www.begenat.com","description":"","publisher":{"@id":"https:\/\/www.begenat.com\/en\/#organization"},"potentialAction":[{"@type":"SearchAction","target":{"@type":"EntryPoint","urlTemplate":"https:\/\/www.begenat.com\/en\/?s={search_term_string}"},"query-input":{"@type":"PropertyValueSpecification","valueRequired":true,"valueName":"search_term_string"}}],"inLanguage":"en-US"},{"@type":"Organization","@id":"https:\/\/www.begenat.com\/en\/#organization","name":"www.begenat.com","url":"https:\/\/www.begenat.com\/en\/","logo":{"@type":"ImageObject","inLanguage":"en-US","@id":"https:\/\/www.begenat.com\/en\/#\/schema\/logo\/image\/","url":"https:\/\/www.begenat.com\/wp-content\/uploads\/2026\/01\/logo-petit-1.png","contentUrl":"https:\/\/www.begenat.com\/wp-content\/uploads\/2026\/01\/logo-petit-1.png","width":140,"height":86,"caption":"www.begenat.com"},"image":{"@id":"https:\/\/www.begenat.com\/en\/#\/schema\/logo\/image\/"}}]}},"_links":{"self":[{"href":"https:\/\/www.begenat.com\/en\/wp-json\/wp\/v2\/product\/4627","targetHints":{"allow":["GET"]}}],"collection":[{"href":"https:\/\/www.begenat.com\/en\/wp-json\/wp\/v2\/product"}],"about":[{"href":"https:\/\/www.begenat.com\/en\/wp-json\/wp\/v2\/types\/product"}],"replies":[{"embeddable":true,"href":"https:\/\/www.begenat.com\/en\/wp-json\/wp\/v2\/comments?post=4627"}],"wp:featuredmedia":[{"embeddable":true,"href":"https:\/\/www.begenat.com\/en\/wp-json\/wp\/v2\/media\/100897"}],"wp:attachment":[{"href":"https:\/\/www.begenat.com\/en\/wp-json\/wp\/v2\/media?parent=4627"}],"wp:term":[{"taxonomy":"product_brand","embeddable":true,"href":"https:\/\/www.begenat.com\/en\/wp-json\/wp\/v2\/product_brand?post=4627"},{"taxonomy":"product_cat","embeddable":true,"href":"https:\/\/www.begenat.com\/en\/wp-json\/wp\/v2\/product_cat?post=4627"},{"taxonomy":"product_tag","embeddable":true,"href":"https:\/\/www.begenat.com\/en\/wp-json\/wp\/v2\/product_tag?post=4627"}],"curies":[{"name":"wp","href":"https:\/\/api.w.org\/{rel}","templated":true}]}}