{"id":4621,"date":"2017-05-29T15:21:42","date_gmt":"2017-05-29T13:21:42","guid":{"rendered":"https:\/\/www.begenat.com\/?post_type=product&#038;p=4621"},"modified":"2026-02-09T18:11:11","modified_gmt":"2026-02-09T17:11:11","slug":"euromex-polarizing-monocular-microscope","status":"publish","type":"product","link":"https:\/\/www.begenat.com\/en\/produit\/euromex-polarizing-monocular-microscope\/","title":{"rendered":"EC.1001-POL &#8211; Euromex polarizing monocular microscope"},"content":{"rendered":"<div id=\"gt-src-c\" class=\"g-unit\">\n<div id=\"gt-src-p\">\n<div id=\"gt-src-wrap\" class=\"\">\n<div id=\"gt-src-cc\"><\/div>\n<\/div>\n<\/div>\n<\/div>\n<div id=\"gt-res-c\" class=\"g-unit\">\n<div id=\"gt-res-p\">\n<div id=\"gt-res-data\">\n<div id=\"gt-res-wrap\">\n<div id=\"gt-res-content\">\n<div id=\"gt-res-dir-ctr\" class=\"trans-verified-button-small\" dir=\"ltr\">\n<div id=\"tts_button\"><\/div>\n<p><span id=\"result_box\" class=\"\" lang=\"en\"><span class=\"\">&#8211; Wide field eyepieces WF10x \/ 18mm,<\/span><br \/>\n<span class=\"\">secure and equipped with a pointer,<\/span><br \/>\n<span class=\"\">&#8211; Monocular tube inclined at 30 \u00b0,<\/span><br \/>\n<span class=\"\">&#8211; 360 \u00b0 rotating head,<\/span><br \/>\n<span class=\"\">&#8211; Turret For 4 objectives,<\/span><br \/>\n&#8211; Achromatic objectives DIN 4x \/ 0.10,<br \/>\n10x \/ 0.25, S40x \/ 0.65,<br \/>\n&#8211; Focusing Macro adjustments<br \/>\nand micrometric coaxial with graduations<br \/>\n0.002 mm,<br \/>\n&#8211; Abbe O.N condenser. 1.25 adjustable in<br \/>\n<span class=\"\">height and equipped with an iris diaphragm<\/span><br \/>\nand portfilter,<br \/>\n<span class=\"\">&#8211; P Latin Round 129 mm in diameter with two<\/span><br \/>\nvalets, rotating 360 \u00b0,<br \/>\n<span class=\"\">&#8211; Retractable polarization filter mounted<\/span><br \/>\non the light collector, rotation<br \/>\nand graduation over 360 \u00b0.<br \/>\n<span class=\"\">&#8211; The retractable zipper analyzer is<\/span><br \/>\n<span class=\"\">mounted in the head of the microscope,<\/span><br \/>\n<span class=\"\">&#8211; Halogen lighting with adjustable intensity<\/span><br \/>\n<span class=\"\">and with integrated power supply to the base for<\/span><br \/>\nvoltages from 85 to 230 V.<\/span><\/p>\n<\/div>\n<\/div>\n<\/div>\n<\/div>\n<\/div>\n<\/div>\n","protected":false},"excerpt":{"rendered":"<p>&#8211; Wide field eyepieces WF10x \/ 18mm, secure and equipped with a pointer, &#8211; Monocular tube inclined at 30 \u00b0, &#8211; 360 \u00b0 rotating head, &#8211; Turret For 4 objectives, &#8211; Achromatic objectives DIN 4x \/ 0.10, 10x \/ 0.25, S40x \/ 0.65, &#8211; Focusing Macro adjustments and micrometric coaxial with graduations 0.002 mm, &#8211; [&hellip;]<\/p>\n","protected":false},"featured_media":100923,"comment_status":"open","ping_status":"closed","template":"","meta":{"_acf_changed":false},"product_brand":[],"product_cat":[100668,100684],"product_tag":[],"class_list":{"0":"post-4621","1":"product","2":"type-product","3":"status-publish","4":"has-post-thumbnail","6":"product_cat-microscopes","7":"product_cat-polarizing-microscopes","9":"first","10":"instock","11":"taxable","12":"shipping-taxable","13":"purchasable","14":"product-type-simple"},"acf":[],"yoast_head":"<!-- This site is optimized with the Yoast SEO plugin v27.4 - https:\/\/yoast.com\/product\/yoast-seo-wordpress\/ -->\n<title>EC.1001-POL - Euromex polarizing monocular microscope pour SVT - Coll\u00e8ge, Lyc\u00e9e, Universit\u00e9 - B\u00e9g\u00e9nat<\/title>\n<meta name=\"description\" content=\"EC.1001-POL - Euromex polarizing monocular microscope pour enseignement SVT. Livraison sous 48h en France m\u00e9tropolitaine !\" \/>\n<meta name=\"robots\" content=\"index, follow, max-snippet:-1, max-image-preview:large, max-video-preview:-1\" \/>\n<link rel=\"canonical\" href=\"https:\/\/www.begenat.com\/en\/produit\/euromex-polarizing-monocular-microscope\/\" \/>\n<meta property=\"og:locale\" content=\"en_US\" \/>\n<meta property=\"og:type\" content=\"article\" \/>\n<meta property=\"og:title\" content=\"EC.1001-POL - Euromex polarizing monocular microscope pour SVT - Coll\u00e8ge, Lyc\u00e9e, Universit\u00e9 - B\u00e9g\u00e9nat\" \/>\n<meta property=\"og:description\" content=\"EC.1001-POL - Euromex polarizing monocular microscope pour enseignement SVT. Livraison sous 48h en France m\u00e9tropolitaine !\" \/>\n<meta property=\"og:url\" content=\"https:\/\/www.begenat.com\/en\/produit\/euromex-polarizing-monocular-microscope\/\" \/>\n<meta property=\"og:site_name\" content=\"www.begenat.com\" \/>\n<meta property=\"article:modified_time\" content=\"2026-02-09T17:11:11+00:00\" \/>\n<meta property=\"og:image\" content=\"https:\/\/www.begenat.com\/wp-content\/uploads\/2025\/08\/zoom-EC.2001-PO-1.jpg\" \/>\n\t<meta property=\"og:image:width\" content=\"500\" \/>\n\t<meta property=\"og:image:height\" content=\"500\" \/>\n\t<meta property=\"og:image:type\" content=\"image\/jpeg\" \/>\n<meta name=\"twitter:card\" content=\"summary_large_image\" \/>\n<meta name=\"twitter:label1\" content=\"Est. reading time\" \/>\n\t<meta name=\"twitter:data1\" content=\"1 minute\" \/>\n<script type=\"application\/ld+json\" class=\"yoast-schema-graph\">{\"@context\":\"https:\\\/\\\/schema.org\",\"@graph\":[{\"@type\":\"WebPage\",\"@id\":\"https:\\\/\\\/www.begenat.com\\\/en\\\/produit\\\/euromex-polarizing-monocular-microscope\\\/\",\"url\":\"https:\\\/\\\/www.begenat.com\\\/en\\\/produit\\\/euromex-polarizing-monocular-microscope\\\/\",\"name\":\"EC.1001-POL - Euromex polarizing monocular microscope pour SVT - Coll\u00e8ge, Lyc\u00e9e, Universit\u00e9 - B\u00e9g\u00e9nat\",\"isPartOf\":{\"@id\":\"https:\\\/\\\/www.begenat.com\\\/en\\\/#website\"},\"primaryImageOfPage\":{\"@id\":\"https:\\\/\\\/www.begenat.com\\\/en\\\/produit\\\/euromex-polarizing-monocular-microscope\\\/#primaryimage\"},\"image\":{\"@id\":\"https:\\\/\\\/www.begenat.com\\\/en\\\/produit\\\/euromex-polarizing-monocular-microscope\\\/#primaryimage\"},\"thumbnailUrl\":\"https:\\\/\\\/www.begenat.com\\\/wp-content\\\/uploads\\\/2025\\\/08\\\/zoom-EC.2001-PO-1.jpg\",\"datePublished\":\"2017-05-29T13:21:42+00:00\",\"dateModified\":\"2026-02-09T17:11:11+00:00\",\"description\":\"EC.1001-POL - Euromex polarizing monocular microscope pour enseignement SVT. Livraison sous 48h en France m\u00e9tropolitaine !\",\"breadcrumb\":{\"@id\":\"https:\\\/\\\/www.begenat.com\\\/en\\\/produit\\\/euromex-polarizing-monocular-microscope\\\/#breadcrumb\"},\"inLanguage\":\"en-US\",\"potentialAction\":[{\"@type\":\"ReadAction\",\"target\":[\"https:\\\/\\\/www.begenat.com\\\/en\\\/produit\\\/euromex-polarizing-monocular-microscope\\\/\"]}]},{\"@type\":\"ImageObject\",\"inLanguage\":\"en-US\",\"@id\":\"https:\\\/\\\/www.begenat.com\\\/en\\\/produit\\\/euromex-polarizing-monocular-microscope\\\/#primaryimage\",\"url\":\"https:\\\/\\\/www.begenat.com\\\/wp-content\\\/uploads\\\/2025\\\/08\\\/zoom-EC.2001-PO-1.jpg\",\"contentUrl\":\"https:\\\/\\\/www.begenat.com\\\/wp-content\\\/uploads\\\/2025\\\/08\\\/zoom-EC.2001-PO-1.jpg\",\"width\":500,\"height\":500,\"caption\":\"Microscope monoculaire polarisant Euromex EC.2001-PO\"},{\"@type\":\"BreadcrumbList\",\"@id\":\"https:\\\/\\\/www.begenat.com\\\/en\\\/produit\\\/euromex-polarizing-monocular-microscope\\\/#breadcrumb\",\"itemListElement\":[{\"@type\":\"ListItem\",\"position\":1,\"name\":\"Home\",\"item\":\"https:\\\/\\\/www.begenat.com\\\/en\\\/\"},{\"@type\":\"ListItem\",\"position\":2,\"name\":\"Shop\",\"item\":\"https:\\\/\\\/www.begenat.com\\\/en\\\/shop\\\/\"},{\"@type\":\"ListItem\",\"position\":3,\"name\":\"euromex polarizing monocular microscope\"}]},{\"@type\":\"WebSite\",\"@id\":\"https:\\\/\\\/www.begenat.com\\\/en\\\/#website\",\"url\":\"https:\\\/\\\/www.begenat.com\\\/en\\\/\",\"name\":\"www.begenat.com\",\"description\":\"\",\"publisher\":{\"@id\":\"https:\\\/\\\/www.begenat.com\\\/en\\\/#organization\"},\"potentialAction\":[{\"@type\":\"SearchAction\",\"target\":{\"@type\":\"EntryPoint\",\"urlTemplate\":\"https:\\\/\\\/www.begenat.com\\\/en\\\/?s={search_term_string}\"},\"query-input\":{\"@type\":\"PropertyValueSpecification\",\"valueRequired\":true,\"valueName\":\"search_term_string\"}}],\"inLanguage\":\"en-US\"},{\"@type\":\"Organization\",\"@id\":\"https:\\\/\\\/www.begenat.com\\\/en\\\/#organization\",\"name\":\"www.begenat.com\",\"url\":\"https:\\\/\\\/www.begenat.com\\\/en\\\/\",\"logo\":{\"@type\":\"ImageObject\",\"inLanguage\":\"en-US\",\"@id\":\"https:\\\/\\\/www.begenat.com\\\/en\\\/#\\\/schema\\\/logo\\\/image\\\/\",\"url\":\"https:\\\/\\\/www.begenat.com\\\/wp-content\\\/uploads\\\/2026\\\/01\\\/logo-petit-1.png\",\"contentUrl\":\"https:\\\/\\\/www.begenat.com\\\/wp-content\\\/uploads\\\/2026\\\/01\\\/logo-petit-1.png\",\"width\":140,\"height\":86,\"caption\":\"www.begenat.com\"},\"image\":{\"@id\":\"https:\\\/\\\/www.begenat.com\\\/en\\\/#\\\/schema\\\/logo\\\/image\\\/\"}}]}<\/script>\n<!-- \/ Yoast SEO plugin. -->","yoast_head_json":{"title":"EC.1001-POL - Euromex polarizing monocular microscope pour SVT - Coll\u00e8ge, Lyc\u00e9e, Universit\u00e9 - B\u00e9g\u00e9nat","description":"EC.1001-POL - Euromex polarizing monocular microscope pour enseignement SVT. Livraison sous 48h en France m\u00e9tropolitaine !","robots":{"index":"index","follow":"follow","max-snippet":"max-snippet:-1","max-image-preview":"max-image-preview:large","max-video-preview":"max-video-preview:-1"},"canonical":"https:\/\/www.begenat.com\/en\/produit\/euromex-polarizing-monocular-microscope\/","og_locale":"en_US","og_type":"article","og_title":"EC.1001-POL - Euromex polarizing monocular microscope pour SVT - Coll\u00e8ge, Lyc\u00e9e, Universit\u00e9 - B\u00e9g\u00e9nat","og_description":"EC.1001-POL - Euromex polarizing monocular microscope pour enseignement SVT. Livraison sous 48h en France m\u00e9tropolitaine !","og_url":"https:\/\/www.begenat.com\/en\/produit\/euromex-polarizing-monocular-microscope\/","og_site_name":"www.begenat.com","article_modified_time":"2026-02-09T17:11:11+00:00","og_image":[{"width":500,"height":500,"url":"https:\/\/www.begenat.com\/wp-content\/uploads\/2025\/08\/zoom-EC.2001-PO-1.jpg","type":"image\/jpeg"}],"twitter_card":"summary_large_image","twitter_misc":{"Est. reading time":"1 minute"},"schema":{"@context":"https:\/\/schema.org","@graph":[{"@type":"WebPage","@id":"https:\/\/www.begenat.com\/en\/produit\/euromex-polarizing-monocular-microscope\/","url":"https:\/\/www.begenat.com\/en\/produit\/euromex-polarizing-monocular-microscope\/","name":"EC.1001-POL - Euromex polarizing monocular microscope pour SVT - Coll\u00e8ge, Lyc\u00e9e, Universit\u00e9 - B\u00e9g\u00e9nat","isPartOf":{"@id":"https:\/\/www.begenat.com\/en\/#website"},"primaryImageOfPage":{"@id":"https:\/\/www.begenat.com\/en\/produit\/euromex-polarizing-monocular-microscope\/#primaryimage"},"image":{"@id":"https:\/\/www.begenat.com\/en\/produit\/euromex-polarizing-monocular-microscope\/#primaryimage"},"thumbnailUrl":"https:\/\/www.begenat.com\/wp-content\/uploads\/2025\/08\/zoom-EC.2001-PO-1.jpg","datePublished":"2017-05-29T13:21:42+00:00","dateModified":"2026-02-09T17:11:11+00:00","description":"EC.1001-POL - Euromex polarizing monocular microscope pour enseignement SVT. Livraison sous 48h en France m\u00e9tropolitaine !","breadcrumb":{"@id":"https:\/\/www.begenat.com\/en\/produit\/euromex-polarizing-monocular-microscope\/#breadcrumb"},"inLanguage":"en-US","potentialAction":[{"@type":"ReadAction","target":["https:\/\/www.begenat.com\/en\/produit\/euromex-polarizing-monocular-microscope\/"]}]},{"@type":"ImageObject","inLanguage":"en-US","@id":"https:\/\/www.begenat.com\/en\/produit\/euromex-polarizing-monocular-microscope\/#primaryimage","url":"https:\/\/www.begenat.com\/wp-content\/uploads\/2025\/08\/zoom-EC.2001-PO-1.jpg","contentUrl":"https:\/\/www.begenat.com\/wp-content\/uploads\/2025\/08\/zoom-EC.2001-PO-1.jpg","width":500,"height":500,"caption":"Microscope monoculaire polarisant Euromex EC.2001-PO"},{"@type":"BreadcrumbList","@id":"https:\/\/www.begenat.com\/en\/produit\/euromex-polarizing-monocular-microscope\/#breadcrumb","itemListElement":[{"@type":"ListItem","position":1,"name":"Home","item":"https:\/\/www.begenat.com\/en\/"},{"@type":"ListItem","position":2,"name":"Shop","item":"https:\/\/www.begenat.com\/en\/shop\/"},{"@type":"ListItem","position":3,"name":"euromex polarizing monocular microscope"}]},{"@type":"WebSite","@id":"https:\/\/www.begenat.com\/en\/#website","url":"https:\/\/www.begenat.com\/en\/","name":"www.begenat.com","description":"","publisher":{"@id":"https:\/\/www.begenat.com\/en\/#organization"},"potentialAction":[{"@type":"SearchAction","target":{"@type":"EntryPoint","urlTemplate":"https:\/\/www.begenat.com\/en\/?s={search_term_string}"},"query-input":{"@type":"PropertyValueSpecification","valueRequired":true,"valueName":"search_term_string"}}],"inLanguage":"en-US"},{"@type":"Organization","@id":"https:\/\/www.begenat.com\/en\/#organization","name":"www.begenat.com","url":"https:\/\/www.begenat.com\/en\/","logo":{"@type":"ImageObject","inLanguage":"en-US","@id":"https:\/\/www.begenat.com\/en\/#\/schema\/logo\/image\/","url":"https:\/\/www.begenat.com\/wp-content\/uploads\/2026\/01\/logo-petit-1.png","contentUrl":"https:\/\/www.begenat.com\/wp-content\/uploads\/2026\/01\/logo-petit-1.png","width":140,"height":86,"caption":"www.begenat.com"},"image":{"@id":"https:\/\/www.begenat.com\/en\/#\/schema\/logo\/image\/"}}]}},"_links":{"self":[{"href":"https:\/\/www.begenat.com\/en\/wp-json\/wp\/v2\/product\/4621","targetHints":{"allow":["GET"]}}],"collection":[{"href":"https:\/\/www.begenat.com\/en\/wp-json\/wp\/v2\/product"}],"about":[{"href":"https:\/\/www.begenat.com\/en\/wp-json\/wp\/v2\/types\/product"}],"replies":[{"embeddable":true,"href":"https:\/\/www.begenat.com\/en\/wp-json\/wp\/v2\/comments?post=4621"}],"wp:featuredmedia":[{"embeddable":true,"href":"https:\/\/www.begenat.com\/en\/wp-json\/wp\/v2\/media\/100923"}],"wp:attachment":[{"href":"https:\/\/www.begenat.com\/en\/wp-json\/wp\/v2\/media?parent=4621"}],"wp:term":[{"taxonomy":"product_brand","embeddable":true,"href":"https:\/\/www.begenat.com\/en\/wp-json\/wp\/v2\/product_brand?post=4621"},{"taxonomy":"product_cat","embeddable":true,"href":"https:\/\/www.begenat.com\/en\/wp-json\/wp\/v2\/product_cat?post=4621"},{"taxonomy":"product_tag","embeddable":true,"href":"https:\/\/www.begenat.com\/en\/wp-json\/wp\/v2\/product_tag?post=4621"}],"curies":[{"name":"wp","href":"https:\/\/api.w.org\/{rel}","templated":true}]}}