{"id":4616,"date":"2017-05-29T15:21:55","date_gmt":"2017-05-29T13:21:55","guid":{"rendered":"https:\/\/www.begenat.com\/?post_type=product&#038;p=4616"},"modified":"2026-02-09T17:59:15","modified_gmt":"2026-02-09T16:59:15","slug":"euromex-binocular-microscope-for-light-background-plan-lens","status":"publish","type":"product","link":"https:\/\/www.begenat.com\/en\/produit\/euromex-binocular-microscope-for-light-background-plan-lens\/","title":{"rendered":"OX3020 &#8211; Euromex binocular microscope for light background plan lens"},"content":{"rendered":"<p><span id=\"result_box\" class=\"\" lang=\"en\"><span title=\"Oculaires DIN grand champ HWF 10x\/22mm dot\u00e9e d??un r\u00e9glage dioptrique.Convient pour porteurs de lunettes.\n\">large field DIN eyepieces ( HWF 10x \/ 22mm ) with dioptric adjustment. Suitable for eyeglass wearers.<br \/>\n<\/span><span title=\"Tube Binoculaire Siedentopf inclin\u00e9 \u00e0 30\u00b0 avec positionnement basse et haute \u00e9tendue.R\u00e9glage inter pupillaire de 50 mm \u00e0 75 mm.\n\">Binocular tube Siedentopf inclined at 30 \u00b0 with low and high positioning. Inter pupillary adjustment from 50 mm to 75 mm.<br \/>\n<\/span><span title=\"Tourelle Pour 5 objectifs et mont\u00e9 sur des roulements de billes avec click-stop\n\">Turret For 5 objectives and mounted on ball bearings with click-stop<br \/>\n<\/span><span title=\"Objectifs Plan Achromatiques PL 4x\/0.10, 10x\/0.25 et S40x\/0.65.\">Achromatic Plan objectives PL 4x \/ 0.10, 10x \/ 0.25 and S40x \/ 0.65. <\/span><span title=\"L??objectif PL S40x est r\u00e9tractable\n\">The S40x PL lens is retractable<br \/>\n<\/span><span title=\"R\u00e9glage macro- et microm\u00e9trique coaxial avec r\u00e9glage de la friction et graduations.\">Coaxial macro- and micrometric adjustment with friction adjustment and graduations. <\/span><span title=\"Commandes verticale basses.\">Low vertical controls. <\/span><span title=\"But\u00e9e de protection fixe pour la protection des objectifs et de la pr\u00e9paration\n\">Fixed protective stop for protection of objectives and preparation<br \/>\n<\/span><span title=\"Platine 150 x 140 mm avec platine \u00e0 mouvements orthogonaux de 76 x 50 mm et Nonius de 0.1 mm.\">Platinum 150 x 140 mm with orthogonal plate of 76 x 50 mm and Nonius of 0.1 mm. <\/span><span title=\"Avec commandes coaxiales\n\">With coaxial controls<br \/>\n<\/span><span title=\"Condenseur Abbe O.N.\">Condenser Abbe O.N. <\/span><span title=\"1.25 avec diaphragme \u00e0 iris.\">1.25 with iris diaphragm. <\/span><span title=\"Condenseur r\u00e9glable en hauteur.\">Condenser adjustable. <\/span><span title=\"Avec ouverture pour lames pour contraste de phase et\/ou disque pour fond noir\n\">With opening for phase contrast blades and \/ or black background disc<br \/>\n<\/span><span title=\"Eclairage LED de 3 Watt avec intensit\u00e9 r\u00e9glable et l??alimentation 85-240 V int\u00e9gr\u00e9e.\n\">3 Watt LED lighting with adjustable intensity and integrated 85-240 V power supply.<br \/>\n<\/span><span title=\"L??\u00e9clairage de K\u00f6hler est \u00e9quip\u00e9 d??une lentille collectrice avec diaphragme de champ et porte filtre\">The K\u00f6hler lighting is equipped with a collector lens with field diaphragm and filter holder<\/span><\/span><\/p>\n","protected":false},"excerpt":{"rendered":"<p>large field DIN eyepieces ( HWF 10x \/ 22mm ) with dioptric adjustment. Suitable for eyeglass wearers. Binocular tube Siedentopf inclined at 30 \u00b0 with low and high positioning. Inter pupillary adjustment from 50 mm to 75 mm. Turret For 5 objectives and mounted on ball bearings with click-stop Achromatic Plan objectives PL 4x \/ [&hellip;]<\/p>\n","protected":false},"featured_media":101047,"comment_status":"open","ping_status":"closed","template":"","meta":{"_acf_changed":false},"product_brand":[],"product_cat":[100361,100588],"product_tag":[],"class_list":{"0":"post-4616","1":"product","2":"type-product","3":"status-publish","4":"has-post-thumbnail","6":"product_cat-microscopes-et-lames","7":"product_cat-researche-microscopes-microscopes","9":"first","10":"instock","11":"taxable","12":"shipping-taxable","13":"purchasable","14":"product-type-simple"},"acf":[],"yoast_head":"<!-- This site is optimized with the Yoast SEO plugin v27.4 - https:\/\/yoast.com\/product\/yoast-seo-wordpress\/ -->\n<title>OX3020 - Euromex binocular microscope for light background plan lens pour SVT - Coll\u00e8ge, Lyc\u00e9e, Universit\u00e9 - B\u00e9g\u00e9nat<\/title>\n<meta name=\"description\" content=\"OX3020 - Euromex binocular microscope for light background plan lens pour enseignement SVT. Livraison sous 48h en France m\u00e9tropolitaine !\" \/>\n<meta name=\"robots\" content=\"index, follow, max-snippet:-1, max-image-preview:large, max-video-preview:-1\" \/>\n<link rel=\"canonical\" href=\"https:\/\/www.begenat.com\/en\/produit\/euromex-binocular-microscope-for-light-background-plan-lens\/\" \/>\n<meta property=\"og:locale\" content=\"en_US\" \/>\n<meta property=\"og:type\" content=\"article\" \/>\n<meta property=\"og:title\" content=\"OX3020 - Euromex binocular microscope for light background plan lens pour SVT - Coll\u00e8ge, Lyc\u00e9e, Universit\u00e9 - B\u00e9g\u00e9nat\" \/>\n<meta property=\"og:description\" content=\"OX3020 - Euromex binocular microscope for light background plan lens pour enseignement SVT. Livraison sous 48h en France m\u00e9tropolitaine !\" \/>\n<meta property=\"og:url\" content=\"https:\/\/www.begenat.com\/en\/produit\/euromex-binocular-microscope-for-light-background-plan-lens\/\" \/>\n<meta property=\"og:site_name\" content=\"www.begenat.com\" \/>\n<meta property=\"article:modified_time\" content=\"2026-02-09T16:59:15+00:00\" \/>\n<meta property=\"og:image\" content=\"https:\/\/www.begenat.com\/wp-content\/uploads\/2025\/08\/zoom-OX3020-1.jpg\" \/>\n\t<meta property=\"og:image:width\" content=\"300\" \/>\n\t<meta property=\"og:image:height\" content=\"300\" \/>\n\t<meta property=\"og:image:type\" content=\"image\/jpeg\" \/>\n<meta name=\"twitter:card\" content=\"summary_large_image\" \/>\n<meta name=\"twitter:label1\" content=\"Est. reading time\" \/>\n\t<meta name=\"twitter:data1\" content=\"1 minute\" \/>\n<script type=\"application\/ld+json\" class=\"yoast-schema-graph\">{\"@context\":\"https:\\\/\\\/schema.org\",\"@graph\":[{\"@type\":\"WebPage\",\"@id\":\"https:\\\/\\\/www.begenat.com\\\/en\\\/produit\\\/euromex-binocular-microscope-for-light-background-plan-lens\\\/\",\"url\":\"https:\\\/\\\/www.begenat.com\\\/en\\\/produit\\\/euromex-binocular-microscope-for-light-background-plan-lens\\\/\",\"name\":\"OX3020 - Euromex binocular microscope for light background plan lens pour SVT - Coll\u00e8ge, Lyc\u00e9e, Universit\u00e9 - B\u00e9g\u00e9nat\",\"isPartOf\":{\"@id\":\"https:\\\/\\\/www.begenat.com\\\/en\\\/#website\"},\"primaryImageOfPage\":{\"@id\":\"https:\\\/\\\/www.begenat.com\\\/en\\\/produit\\\/euromex-binocular-microscope-for-light-background-plan-lens\\\/#primaryimage\"},\"image\":{\"@id\":\"https:\\\/\\\/www.begenat.com\\\/en\\\/produit\\\/euromex-binocular-microscope-for-light-background-plan-lens\\\/#primaryimage\"},\"thumbnailUrl\":\"https:\\\/\\\/www.begenat.com\\\/wp-content\\\/uploads\\\/2025\\\/08\\\/zoom-OX3020-1.jpg\",\"datePublished\":\"2017-05-29T13:21:55+00:00\",\"dateModified\":\"2026-02-09T16:59:15+00:00\",\"description\":\"OX3020 - Euromex binocular microscope for light background plan lens pour enseignement SVT. Livraison sous 48h en France m\u00e9tropolitaine !\",\"breadcrumb\":{\"@id\":\"https:\\\/\\\/www.begenat.com\\\/en\\\/produit\\\/euromex-binocular-microscope-for-light-background-plan-lens\\\/#breadcrumb\"},\"inLanguage\":\"en-US\",\"potentialAction\":[{\"@type\":\"ReadAction\",\"target\":[\"https:\\\/\\\/www.begenat.com\\\/en\\\/produit\\\/euromex-binocular-microscope-for-light-background-plan-lens\\\/\"]}]},{\"@type\":\"ImageObject\",\"inLanguage\":\"en-US\",\"@id\":\"https:\\\/\\\/www.begenat.com\\\/en\\\/produit\\\/euromex-binocular-microscope-for-light-background-plan-lens\\\/#primaryimage\",\"url\":\"https:\\\/\\\/www.begenat.com\\\/wp-content\\\/uploads\\\/2025\\\/08\\\/zoom-OX3020-1.jpg\",\"contentUrl\":\"https:\\\/\\\/www.begenat.com\\\/wp-content\\\/uploads\\\/2025\\\/08\\\/zoom-OX3020-1.jpg\",\"width\":300,\"height\":300,\"caption\":\"Microscope Euromex OXION binoculaire pour fond clair obj plan\"},{\"@type\":\"BreadcrumbList\",\"@id\":\"https:\\\/\\\/www.begenat.com\\\/en\\\/produit\\\/euromex-binocular-microscope-for-light-background-plan-lens\\\/#breadcrumb\",\"itemListElement\":[{\"@type\":\"ListItem\",\"position\":1,\"name\":\"Home\",\"item\":\"https:\\\/\\\/www.begenat.com\\\/en\\\/\"},{\"@type\":\"ListItem\",\"position\":2,\"name\":\"Shop\",\"item\":\"https:\\\/\\\/www.begenat.com\\\/en\\\/shop\\\/\"},{\"@type\":\"ListItem\",\"position\":3,\"name\":\"euromex binocular microscope for light background plan lens\"}]},{\"@type\":\"WebSite\",\"@id\":\"https:\\\/\\\/www.begenat.com\\\/en\\\/#website\",\"url\":\"https:\\\/\\\/www.begenat.com\\\/en\\\/\",\"name\":\"www.begenat.com\",\"description\":\"\",\"publisher\":{\"@id\":\"https:\\\/\\\/www.begenat.com\\\/en\\\/#organization\"},\"potentialAction\":[{\"@type\":\"SearchAction\",\"target\":{\"@type\":\"EntryPoint\",\"urlTemplate\":\"https:\\\/\\\/www.begenat.com\\\/en\\\/?s={search_term_string}\"},\"query-input\":{\"@type\":\"PropertyValueSpecification\",\"valueRequired\":true,\"valueName\":\"search_term_string\"}}],\"inLanguage\":\"en-US\"},{\"@type\":\"Organization\",\"@id\":\"https:\\\/\\\/www.begenat.com\\\/en\\\/#organization\",\"name\":\"www.begenat.com\",\"url\":\"https:\\\/\\\/www.begenat.com\\\/en\\\/\",\"logo\":{\"@type\":\"ImageObject\",\"inLanguage\":\"en-US\",\"@id\":\"https:\\\/\\\/www.begenat.com\\\/en\\\/#\\\/schema\\\/logo\\\/image\\\/\",\"url\":\"https:\\\/\\\/www.begenat.com\\\/wp-content\\\/uploads\\\/2026\\\/01\\\/logo-petit-1.png\",\"contentUrl\":\"https:\\\/\\\/www.begenat.com\\\/wp-content\\\/uploads\\\/2026\\\/01\\\/logo-petit-1.png\",\"width\":140,\"height\":86,\"caption\":\"www.begenat.com\"},\"image\":{\"@id\":\"https:\\\/\\\/www.begenat.com\\\/en\\\/#\\\/schema\\\/logo\\\/image\\\/\"}}]}<\/script>\n<!-- \/ Yoast SEO plugin. -->","yoast_head_json":{"title":"OX3020 - Euromex binocular microscope for light background plan lens pour SVT - Coll\u00e8ge, Lyc\u00e9e, Universit\u00e9 - B\u00e9g\u00e9nat","description":"OX3020 - Euromex binocular microscope for light background plan lens pour enseignement SVT. Livraison sous 48h en France m\u00e9tropolitaine !","robots":{"index":"index","follow":"follow","max-snippet":"max-snippet:-1","max-image-preview":"max-image-preview:large","max-video-preview":"max-video-preview:-1"},"canonical":"https:\/\/www.begenat.com\/en\/produit\/euromex-binocular-microscope-for-light-background-plan-lens\/","og_locale":"en_US","og_type":"article","og_title":"OX3020 - Euromex binocular microscope for light background plan lens pour SVT - Coll\u00e8ge, Lyc\u00e9e, Universit\u00e9 - B\u00e9g\u00e9nat","og_description":"OX3020 - Euromex binocular microscope for light background plan lens pour enseignement SVT. Livraison sous 48h en France m\u00e9tropolitaine !","og_url":"https:\/\/www.begenat.com\/en\/produit\/euromex-binocular-microscope-for-light-background-plan-lens\/","og_site_name":"www.begenat.com","article_modified_time":"2026-02-09T16:59:15+00:00","og_image":[{"width":300,"height":300,"url":"https:\/\/www.begenat.com\/wp-content\/uploads\/2025\/08\/zoom-OX3020-1.jpg","type":"image\/jpeg"}],"twitter_card":"summary_large_image","twitter_misc":{"Est. reading time":"1 minute"},"schema":{"@context":"https:\/\/schema.org","@graph":[{"@type":"WebPage","@id":"https:\/\/www.begenat.com\/en\/produit\/euromex-binocular-microscope-for-light-background-plan-lens\/","url":"https:\/\/www.begenat.com\/en\/produit\/euromex-binocular-microscope-for-light-background-plan-lens\/","name":"OX3020 - Euromex binocular microscope for light background plan lens pour SVT - Coll\u00e8ge, Lyc\u00e9e, Universit\u00e9 - B\u00e9g\u00e9nat","isPartOf":{"@id":"https:\/\/www.begenat.com\/en\/#website"},"primaryImageOfPage":{"@id":"https:\/\/www.begenat.com\/en\/produit\/euromex-binocular-microscope-for-light-background-plan-lens\/#primaryimage"},"image":{"@id":"https:\/\/www.begenat.com\/en\/produit\/euromex-binocular-microscope-for-light-background-plan-lens\/#primaryimage"},"thumbnailUrl":"https:\/\/www.begenat.com\/wp-content\/uploads\/2025\/08\/zoom-OX3020-1.jpg","datePublished":"2017-05-29T13:21:55+00:00","dateModified":"2026-02-09T16:59:15+00:00","description":"OX3020 - Euromex binocular microscope for light background plan lens pour enseignement SVT. Livraison sous 48h en France m\u00e9tropolitaine !","breadcrumb":{"@id":"https:\/\/www.begenat.com\/en\/produit\/euromex-binocular-microscope-for-light-background-plan-lens\/#breadcrumb"},"inLanguage":"en-US","potentialAction":[{"@type":"ReadAction","target":["https:\/\/www.begenat.com\/en\/produit\/euromex-binocular-microscope-for-light-background-plan-lens\/"]}]},{"@type":"ImageObject","inLanguage":"en-US","@id":"https:\/\/www.begenat.com\/en\/produit\/euromex-binocular-microscope-for-light-background-plan-lens\/#primaryimage","url":"https:\/\/www.begenat.com\/wp-content\/uploads\/2025\/08\/zoom-OX3020-1.jpg","contentUrl":"https:\/\/www.begenat.com\/wp-content\/uploads\/2025\/08\/zoom-OX3020-1.jpg","width":300,"height":300,"caption":"Microscope Euromex OXION binoculaire pour fond clair obj plan"},{"@type":"BreadcrumbList","@id":"https:\/\/www.begenat.com\/en\/produit\/euromex-binocular-microscope-for-light-background-plan-lens\/#breadcrumb","itemListElement":[{"@type":"ListItem","position":1,"name":"Home","item":"https:\/\/www.begenat.com\/en\/"},{"@type":"ListItem","position":2,"name":"Shop","item":"https:\/\/www.begenat.com\/en\/shop\/"},{"@type":"ListItem","position":3,"name":"euromex binocular microscope for light background plan lens"}]},{"@type":"WebSite","@id":"https:\/\/www.begenat.com\/en\/#website","url":"https:\/\/www.begenat.com\/en\/","name":"www.begenat.com","description":"","publisher":{"@id":"https:\/\/www.begenat.com\/en\/#organization"},"potentialAction":[{"@type":"SearchAction","target":{"@type":"EntryPoint","urlTemplate":"https:\/\/www.begenat.com\/en\/?s={search_term_string}"},"query-input":{"@type":"PropertyValueSpecification","valueRequired":true,"valueName":"search_term_string"}}],"inLanguage":"en-US"},{"@type":"Organization","@id":"https:\/\/www.begenat.com\/en\/#organization","name":"www.begenat.com","url":"https:\/\/www.begenat.com\/en\/","logo":{"@type":"ImageObject","inLanguage":"en-US","@id":"https:\/\/www.begenat.com\/en\/#\/schema\/logo\/image\/","url":"https:\/\/www.begenat.com\/wp-content\/uploads\/2026\/01\/logo-petit-1.png","contentUrl":"https:\/\/www.begenat.com\/wp-content\/uploads\/2026\/01\/logo-petit-1.png","width":140,"height":86,"caption":"www.begenat.com"},"image":{"@id":"https:\/\/www.begenat.com\/en\/#\/schema\/logo\/image\/"}}]}},"_links":{"self":[{"href":"https:\/\/www.begenat.com\/en\/wp-json\/wp\/v2\/product\/4616","targetHints":{"allow":["GET"]}}],"collection":[{"href":"https:\/\/www.begenat.com\/en\/wp-json\/wp\/v2\/product"}],"about":[{"href":"https:\/\/www.begenat.com\/en\/wp-json\/wp\/v2\/types\/product"}],"replies":[{"embeddable":true,"href":"https:\/\/www.begenat.com\/en\/wp-json\/wp\/v2\/comments?post=4616"}],"wp:featuredmedia":[{"embeddable":true,"href":"https:\/\/www.begenat.com\/en\/wp-json\/wp\/v2\/media\/101047"}],"wp:attachment":[{"href":"https:\/\/www.begenat.com\/en\/wp-json\/wp\/v2\/media?parent=4616"}],"wp:term":[{"taxonomy":"product_brand","embeddable":true,"href":"https:\/\/www.begenat.com\/en\/wp-json\/wp\/v2\/product_brand?post=4616"},{"taxonomy":"product_cat","embeddable":true,"href":"https:\/\/www.begenat.com\/en\/wp-json\/wp\/v2\/product_cat?post=4616"},{"taxonomy":"product_tag","embeddable":true,"href":"https:\/\/www.begenat.com\/en\/wp-json\/wp\/v2\/product_tag?post=4616"}],"curies":[{"name":"wp","href":"https:\/\/api.w.org\/{rel}","templated":true}]}}