{"id":1778,"date":"2017-05-29T15:21:19","date_gmt":"2017-05-29T13:21:19","guid":{"rendered":"https:\/\/www.begenat.com\/?post_type=product&#038;p=1778"},"modified":"2026-04-03T18:05:52","modified_gmt":"2026-04-03T16:05:52","slug":"poumon-de-porc-congele-a-lunite","status":"publish","type":"product","link":"https:\/\/www.begenat.com\/en\/produit\/poumon-de-porc-congele-a-lunite\/","title":{"rendered":"MPP1 &#8211; Poumon de porc congel\u00e9, \u00e0 l&#8217;unit\u00e9"},"content":{"rendered":"<p>merci de rajouter les frais de transport &#8220;sp\u00e9cial cong\u00e9lation&#8221; correspondant \u00e0 la quantit\u00e9 choisie :<\/p>\n<p>Ajouter la r\u00e9f\u00e9rence MP1 pour une commande de 1 \u00e0 12 pi\u00e8ces.<\/p>\n<p>Ajouter la r\u00e9f\u00e9rence MP11 pour une commande de plus de 12 pi\u00e8ces.<\/p>\n<p>(Nous contacter si vous avez des questions.)<\/p>\n","protected":false},"excerpt":{"rendered":"<p>merci de rajouter les frais de transport &#8220;sp\u00e9cial cong\u00e9lation&#8221; correspondant \u00e0 la quantit\u00e9 choisie :<\/p>\n<p>pour 1 \u00e0 12 pi\u00e8ces = 29,00\u20ac TTC (r\u00e9f MP1)<br \/>\npour 12 pi\u00e8ces et + = 49,00\u20ac TTC (r\u00e9f MP011)<\/p>\n","protected":false},"featured_media":100901,"comment_status":"open","ping_status":"closed","template":"","meta":{"_acf_changed":false},"product_brand":[],"product_cat":[100479,100406],"product_tag":[100771],"class_list":{"0":"post-1778","1":"product","2":"type-product","3":"status-publish","4":"has-post-thumbnail","6":"product_cat-materiels-congeles","7":"product_cat-outils-a-dissection-et-materiels-congeles","8":"product_tag-diss","10":"first","11":"instock","12":"taxable","13":"shipping-taxable","14":"purchasable","15":"product-type-simple"},"acf":[],"yoast_head":"<!-- This site is optimized with the Yoast SEO plugin v27.4 - https:\/\/yoast.com\/product\/yoast-seo-wordpress\/ -->\n<title>MPP1 - Poumon de porc congel\u00e9, \u00e0 l&#039;unit\u00e9 pour SVT - Coll\u00e8ge, Lyc\u00e9e, Universit\u00e9 - B\u00e9g\u00e9nat<\/title>\n<meta name=\"description\" content=\"MPP1 - Poumon de porc congel\u00e9, \u00e0 l&#039;unit\u00e9 pour enseignement SVT. Livraison sous 48h en France m\u00e9tropolitaine !\" \/>\n<meta name=\"robots\" content=\"index, follow, max-snippet:-1, max-image-preview:large, max-video-preview:-1\" \/>\n<link rel=\"canonical\" href=\"https:\/\/www.begenat.com\/en\/produit\/poumon-de-porc-congele-a-lunite\/\" \/>\n<meta property=\"og:locale\" content=\"en_US\" \/>\n<meta property=\"og:type\" content=\"article\" \/>\n<meta property=\"og:title\" content=\"MPP1 - Poumon de porc congel\u00e9, \u00e0 l&#039;unit\u00e9 pour SVT - Coll\u00e8ge, Lyc\u00e9e, Universit\u00e9 - B\u00e9g\u00e9nat\" \/>\n<meta property=\"og:description\" content=\"MPP1 - Poumon de porc congel\u00e9, \u00e0 l&#039;unit\u00e9 pour enseignement SVT. Livraison sous 48h en France m\u00e9tropolitaine !\" \/>\n<meta property=\"og:url\" content=\"https:\/\/www.begenat.com\/en\/produit\/poumon-de-porc-congele-a-lunite\/\" \/>\n<meta property=\"og:site_name\" content=\"www.begenat.com\" \/>\n<meta property=\"article:modified_time\" content=\"2026-04-03T16:05:52+00:00\" \/>\n<meta property=\"og:image\" content=\"https:\/\/www.begenat.com\/wp-content\/uploads\/2025\/08\/poumon-porc.png\" \/>\n\t<meta property=\"og:image:width\" content=\"318\" \/>\n\t<meta property=\"og:image:height\" content=\"338\" \/>\n\t<meta property=\"og:image:type\" content=\"image\/png\" \/>\n<meta name=\"twitter:card\" content=\"summary_large_image\" \/>\n<meta name=\"twitter:label1\" content=\"Est. reading time\" \/>\n\t<meta name=\"twitter:data1\" content=\"1 minute\" \/>\n<script type=\"application\/ld+json\" class=\"yoast-schema-graph\">{\"@context\":\"https:\\\/\\\/schema.org\",\"@graph\":[{\"@type\":\"WebPage\",\"@id\":\"https:\\\/\\\/www.begenat.com\\\/en\\\/produit\\\/poumon-de-porc-congele-a-lunite\\\/\",\"url\":\"https:\\\/\\\/www.begenat.com\\\/en\\\/produit\\\/poumon-de-porc-congele-a-lunite\\\/\",\"name\":\"MPP1 - Poumon de porc congel\u00e9, \u00e0 l'unit\u00e9 pour SVT - Coll\u00e8ge, Lyc\u00e9e, Universit\u00e9 - B\u00e9g\u00e9nat\",\"isPartOf\":{\"@id\":\"https:\\\/\\\/www.begenat.com\\\/en\\\/#website\"},\"primaryImageOfPage\":{\"@id\":\"https:\\\/\\\/www.begenat.com\\\/en\\\/produit\\\/poumon-de-porc-congele-a-lunite\\\/#primaryimage\"},\"image\":{\"@id\":\"https:\\\/\\\/www.begenat.com\\\/en\\\/produit\\\/poumon-de-porc-congele-a-lunite\\\/#primaryimage\"},\"thumbnailUrl\":\"https:\\\/\\\/www.begenat.com\\\/wp-content\\\/uploads\\\/2025\\\/08\\\/poumon-porc.png\",\"datePublished\":\"2017-05-29T13:21:19+00:00\",\"dateModified\":\"2026-04-03T16:05:52+00:00\",\"description\":\"MPP1 - Poumon de porc congel\u00e9, \u00e0 l'unit\u00e9 pour enseignement SVT. Livraison sous 48h en France m\u00e9tropolitaine !\",\"breadcrumb\":{\"@id\":\"https:\\\/\\\/www.begenat.com\\\/en\\\/produit\\\/poumon-de-porc-congele-a-lunite\\\/#breadcrumb\"},\"inLanguage\":\"en-US\",\"potentialAction\":[{\"@type\":\"ReadAction\",\"target\":[\"https:\\\/\\\/www.begenat.com\\\/en\\\/produit\\\/poumon-de-porc-congele-a-lunite\\\/\"]}]},{\"@type\":\"ImageObject\",\"inLanguage\":\"en-US\",\"@id\":\"https:\\\/\\\/www.begenat.com\\\/en\\\/produit\\\/poumon-de-porc-congele-a-lunite\\\/#primaryimage\",\"url\":\"https:\\\/\\\/www.begenat.com\\\/wp-content\\\/uploads\\\/2025\\\/08\\\/poumon-porc.png\",\"contentUrl\":\"https:\\\/\\\/www.begenat.com\\\/wp-content\\\/uploads\\\/2025\\\/08\\\/poumon-porc.png\",\"width\":318,\"height\":338,\"caption\":\"poumon de porc congel\u00e9\"},{\"@type\":\"BreadcrumbList\",\"@id\":\"https:\\\/\\\/www.begenat.com\\\/en\\\/produit\\\/poumon-de-porc-congele-a-lunite\\\/#breadcrumb\",\"itemListElement\":[{\"@type\":\"ListItem\",\"position\":1,\"name\":\"Home\",\"item\":\"https:\\\/\\\/www.begenat.com\\\/en\\\/\"},{\"@type\":\"ListItem\",\"position\":2,\"name\":\"Shop\",\"item\":\"https:\\\/\\\/www.begenat.com\\\/en\\\/shop\\\/\"},{\"@type\":\"ListItem\",\"position\":3,\"name\":\"MPP1 &#8211; Poumon de porc congel\u00e9, \u00e0 l&rsquo;unit\u00e9\"}]},{\"@type\":\"WebSite\",\"@id\":\"https:\\\/\\\/www.begenat.com\\\/en\\\/#website\",\"url\":\"https:\\\/\\\/www.begenat.com\\\/en\\\/\",\"name\":\"www.begenat.com\",\"description\":\"\",\"publisher\":{\"@id\":\"https:\\\/\\\/www.begenat.com\\\/en\\\/#organization\"},\"potentialAction\":[{\"@type\":\"SearchAction\",\"target\":{\"@type\":\"EntryPoint\",\"urlTemplate\":\"https:\\\/\\\/www.begenat.com\\\/en\\\/?s={search_term_string}\"},\"query-input\":{\"@type\":\"PropertyValueSpecification\",\"valueRequired\":true,\"valueName\":\"search_term_string\"}}],\"inLanguage\":\"en-US\"},{\"@type\":\"Organization\",\"@id\":\"https:\\\/\\\/www.begenat.com\\\/en\\\/#organization\",\"name\":\"www.begenat.com\",\"url\":\"https:\\\/\\\/www.begenat.com\\\/en\\\/\",\"logo\":{\"@type\":\"ImageObject\",\"inLanguage\":\"en-US\",\"@id\":\"https:\\\/\\\/www.begenat.com\\\/en\\\/#\\\/schema\\\/logo\\\/image\\\/\",\"url\":\"https:\\\/\\\/www.begenat.com\\\/wp-content\\\/uploads\\\/2026\\\/01\\\/logo-petit-1.png\",\"contentUrl\":\"https:\\\/\\\/www.begenat.com\\\/wp-content\\\/uploads\\\/2026\\\/01\\\/logo-petit-1.png\",\"width\":140,\"height\":86,\"caption\":\"www.begenat.com\"},\"image\":{\"@id\":\"https:\\\/\\\/www.begenat.com\\\/en\\\/#\\\/schema\\\/logo\\\/image\\\/\"}}]}<\/script>\n<!-- \/ Yoast SEO plugin. -->","yoast_head_json":{"title":"MPP1 - Poumon de porc congel\u00e9, \u00e0 l'unit\u00e9 pour SVT - Coll\u00e8ge, Lyc\u00e9e, Universit\u00e9 - B\u00e9g\u00e9nat","description":"MPP1 - Poumon de porc congel\u00e9, \u00e0 l'unit\u00e9 pour enseignement SVT. Livraison sous 48h en France m\u00e9tropolitaine !","robots":{"index":"index","follow":"follow","max-snippet":"max-snippet:-1","max-image-preview":"max-image-preview:large","max-video-preview":"max-video-preview:-1"},"canonical":"https:\/\/www.begenat.com\/en\/produit\/poumon-de-porc-congele-a-lunite\/","og_locale":"en_US","og_type":"article","og_title":"MPP1 - Poumon de porc congel\u00e9, \u00e0 l'unit\u00e9 pour SVT - Coll\u00e8ge, Lyc\u00e9e, Universit\u00e9 - B\u00e9g\u00e9nat","og_description":"MPP1 - Poumon de porc congel\u00e9, \u00e0 l'unit\u00e9 pour enseignement SVT. Livraison sous 48h en France m\u00e9tropolitaine !","og_url":"https:\/\/www.begenat.com\/en\/produit\/poumon-de-porc-congele-a-lunite\/","og_site_name":"www.begenat.com","article_modified_time":"2026-04-03T16:05:52+00:00","og_image":[{"width":318,"height":338,"url":"https:\/\/www.begenat.com\/wp-content\/uploads\/2025\/08\/poumon-porc.png","type":"image\/png"}],"twitter_card":"summary_large_image","twitter_misc":{"Est. reading time":"1 minute"},"schema":{"@context":"https:\/\/schema.org","@graph":[{"@type":"WebPage","@id":"https:\/\/www.begenat.com\/en\/produit\/poumon-de-porc-congele-a-lunite\/","url":"https:\/\/www.begenat.com\/en\/produit\/poumon-de-porc-congele-a-lunite\/","name":"MPP1 - Poumon de porc congel\u00e9, \u00e0 l'unit\u00e9 pour SVT - Coll\u00e8ge, Lyc\u00e9e, Universit\u00e9 - B\u00e9g\u00e9nat","isPartOf":{"@id":"https:\/\/www.begenat.com\/en\/#website"},"primaryImageOfPage":{"@id":"https:\/\/www.begenat.com\/en\/produit\/poumon-de-porc-congele-a-lunite\/#primaryimage"},"image":{"@id":"https:\/\/www.begenat.com\/en\/produit\/poumon-de-porc-congele-a-lunite\/#primaryimage"},"thumbnailUrl":"https:\/\/www.begenat.com\/wp-content\/uploads\/2025\/08\/poumon-porc.png","datePublished":"2017-05-29T13:21:19+00:00","dateModified":"2026-04-03T16:05:52+00:00","description":"MPP1 - Poumon de porc congel\u00e9, \u00e0 l'unit\u00e9 pour enseignement SVT. Livraison sous 48h en France m\u00e9tropolitaine !","breadcrumb":{"@id":"https:\/\/www.begenat.com\/en\/produit\/poumon-de-porc-congele-a-lunite\/#breadcrumb"},"inLanguage":"en-US","potentialAction":[{"@type":"ReadAction","target":["https:\/\/www.begenat.com\/en\/produit\/poumon-de-porc-congele-a-lunite\/"]}]},{"@type":"ImageObject","inLanguage":"en-US","@id":"https:\/\/www.begenat.com\/en\/produit\/poumon-de-porc-congele-a-lunite\/#primaryimage","url":"https:\/\/www.begenat.com\/wp-content\/uploads\/2025\/08\/poumon-porc.png","contentUrl":"https:\/\/www.begenat.com\/wp-content\/uploads\/2025\/08\/poumon-porc.png","width":318,"height":338,"caption":"poumon de porc congel\u00e9"},{"@type":"BreadcrumbList","@id":"https:\/\/www.begenat.com\/en\/produit\/poumon-de-porc-congele-a-lunite\/#breadcrumb","itemListElement":[{"@type":"ListItem","position":1,"name":"Home","item":"https:\/\/www.begenat.com\/en\/"},{"@type":"ListItem","position":2,"name":"Shop","item":"https:\/\/www.begenat.com\/en\/shop\/"},{"@type":"ListItem","position":3,"name":"MPP1 &#8211; Poumon de porc congel\u00e9, \u00e0 l&rsquo;unit\u00e9"}]},{"@type":"WebSite","@id":"https:\/\/www.begenat.com\/en\/#website","url":"https:\/\/www.begenat.com\/en\/","name":"www.begenat.com","description":"","publisher":{"@id":"https:\/\/www.begenat.com\/en\/#organization"},"potentialAction":[{"@type":"SearchAction","target":{"@type":"EntryPoint","urlTemplate":"https:\/\/www.begenat.com\/en\/?s={search_term_string}"},"query-input":{"@type":"PropertyValueSpecification","valueRequired":true,"valueName":"search_term_string"}}],"inLanguage":"en-US"},{"@type":"Organization","@id":"https:\/\/www.begenat.com\/en\/#organization","name":"www.begenat.com","url":"https:\/\/www.begenat.com\/en\/","logo":{"@type":"ImageObject","inLanguage":"en-US","@id":"https:\/\/www.begenat.com\/en\/#\/schema\/logo\/image\/","url":"https:\/\/www.begenat.com\/wp-content\/uploads\/2026\/01\/logo-petit-1.png","contentUrl":"https:\/\/www.begenat.com\/wp-content\/uploads\/2026\/01\/logo-petit-1.png","width":140,"height":86,"caption":"www.begenat.com"},"image":{"@id":"https:\/\/www.begenat.com\/en\/#\/schema\/logo\/image\/"}}]}},"_links":{"self":[{"href":"https:\/\/www.begenat.com\/en\/wp-json\/wp\/v2\/product\/1778","targetHints":{"allow":["GET"]}}],"collection":[{"href":"https:\/\/www.begenat.com\/en\/wp-json\/wp\/v2\/product"}],"about":[{"href":"https:\/\/www.begenat.com\/en\/wp-json\/wp\/v2\/types\/product"}],"replies":[{"embeddable":true,"href":"https:\/\/www.begenat.com\/en\/wp-json\/wp\/v2\/comments?post=1778"}],"wp:featuredmedia":[{"embeddable":true,"href":"https:\/\/www.begenat.com\/en\/wp-json\/wp\/v2\/media\/100901"}],"wp:attachment":[{"href":"https:\/\/www.begenat.com\/en\/wp-json\/wp\/v2\/media?parent=1778"}],"wp:term":[{"taxonomy":"product_brand","embeddable":true,"href":"https:\/\/www.begenat.com\/en\/wp-json\/wp\/v2\/product_brand?post=1778"},{"taxonomy":"product_cat","embeddable":true,"href":"https:\/\/www.begenat.com\/en\/wp-json\/wp\/v2\/product_cat?post=1778"},{"taxonomy":"product_tag","embeddable":true,"href":"https:\/\/www.begenat.com\/en\/wp-json\/wp\/v2\/product_tag?post=1778"}],"curies":[{"name":"wp","href":"https:\/\/api.w.org\/{rel}","templated":true}]}}