{"id":10799,"date":"2025-07-30T16:18:17","date_gmt":"2025-07-30T14:18:17","guid":{"rendered":"https:\/\/www.begenat.com\/?post_type=product&#038;p=10799"},"modified":"2026-02-09T18:58:06","modified_gmt":"2026-02-09T17:58:06","slug":"microscope-trinoculaire-euromex-ox-3035","status":"publish","type":"product","link":"https:\/\/www.begenat.com\/en\/produit\/microscope-trinoculaire-euromex-ox-3035\/","title":{"rendered":"OX.3035 &#8211; Microscope trinoculaire Euromex OX.3035"},"content":{"rendered":"<p>Microscope Oxion Euromex<\/p>\n<p>Oculaires DIN grand champ HWF 10x\/22mm dot\u00e9e<br \/>\nd\u0092un r\u00e9glage dioptrique.Convient pour porteurs de lunettes.<br \/>\nTube Trinoculaire Siedentopf inclin\u00e9 \u00e0 30\u00b0 avec<br \/>\npositionnement basse et haute \u00e9tendue.<br \/>\nTourelle pour 5 objectifs et mont\u00e9 sur des roulements de<br \/>\nbilles avec click-stop.<br \/>\nObjectifs Plan Achromatiques PL 4x\/0.10, 10x\/0.25,<br \/>\nS40x\/0.65 et S100x\/1.25 \u00e0 immersion d\u0092huile.<br \/>\nLes objectifs PL S40x et S100x sont r\u00e9tractables<br \/>\nR\u00e9glage macro- et microm\u00e9trique coaxial avec r\u00e9glage de<br \/>\nla friction et graduations. Commandes verticale basses.<br \/>\nBut\u00e9e fixe pour protection des objectifs et la pr\u00e9paration.<br \/>\nPlatine 150 x 140 mm avec commandes coaxiales \u00e0<br \/>\nmouvements orthogonaux de 76 x 50 mm et Nonius 0.1mm<br \/>\nCondenseur Abbe O.N. 1.25 avec diaphragme \u00e0 iris.<br \/>\nCondenseur r\u00e9glable en hauteur.<br \/>\nOuverture pour lames pour contraste de phase et\/ou disque<br \/>\npour fond noir.<br \/>\nEclairage LED de 3 Watt avec intensit\u00e9 r\u00e9glable.<br \/>\nAlimentation 85-240 V int\u00e9gr\u00e9e.<br \/>\nL\u0092\u00e9clairage de K\u00f6hler est \u00e9quip\u00e9 d\u0092une lentille collectrice avec<br \/>\ndiaphragme de champ et porte filtre.<\/p>\n","protected":false},"excerpt":{"rendered":"<p>Microscope Oxion Euromex Oculaires DIN grand champ HWF 10x\/22mm dot\u00e9e d\u0092un r\u00e9glage dioptrique.Convient pour porteurs de lunettes. Tube Trinoculaire Siedentopf inclin\u00e9 \u00e0 30\u00b0 avec positionnement basse et haute \u00e9tendue. Tourelle pour 5 objectifs et mont\u00e9 sur des roulements de billes avec click-stop. Objectifs Plan Achromatiques PL 4x\/0.10, 10x\/0.25, S40x\/0.65 et S100x\/1.25 \u00e0 immersion d\u0092huile. Les [&hellip;]<\/p>\n","protected":false},"featured_media":101847,"comment_status":"closed","ping_status":"closed","template":"","meta":{"_acf_changed":false},"product_brand":[],"product_cat":[100420,100361,100418,100029],"product_tag":[100766],"class_list":{"0":"post-10799","1":"product","2":"type-product","3":"status-publish","4":"has-post-thumbnail","6":"product_cat-microscopes-de-recherche","7":"product_cat-microscopes-et-lames","8":"product_cat-microscopes-trinoculaires","9":"product_cat-universite","10":"product_tag-micr","12":"first","13":"instock","14":"taxable","15":"shipping-taxable","16":"purchasable","17":"product-type-simple"},"acf":[],"yoast_head":"<!-- This site is optimized with the Yoast SEO plugin v27.4 - https:\/\/yoast.com\/product\/yoast-seo-wordpress\/ -->\n<title>OX.3035 - Microscope trinoculaire Euromex OX.3035 pour SVT - Coll\u00e8ge, Lyc\u00e9e, Universit\u00e9 - B\u00e9g\u00e9nat<\/title>\n<meta name=\"description\" content=\"Microscope trinoculaire Microscope trinoculaire Microscope trinoculaire Microscope trinoculaire Microscope trinoculaire Microscope trinoculaire\" \/>\n<meta name=\"robots\" content=\"index, follow, max-snippet:-1, max-image-preview:large, max-video-preview:-1\" \/>\n<link rel=\"canonical\" href=\"https:\/\/www.begenat.com\/en\/produit\/microscope-trinoculaire-euromex-ox-3035\/\" \/>\n<meta property=\"og:locale\" content=\"en_US\" \/>\n<meta property=\"og:type\" content=\"article\" \/>\n<meta property=\"og:title\" content=\"OX.3035 - Microscope trinoculaire Euromex OX.3035 pour SVT - Coll\u00e8ge, Lyc\u00e9e, Universit\u00e9 - B\u00e9g\u00e9nat\" \/>\n<meta property=\"og:description\" content=\"Microscope trinoculaire Microscope trinoculaire Microscope trinoculaire Microscope trinoculaire Microscope trinoculaire Microscope trinoculaire\" \/>\n<meta property=\"og:url\" content=\"https:\/\/www.begenat.com\/en\/produit\/microscope-trinoculaire-euromex-ox-3035\/\" \/>\n<meta property=\"og:site_name\" content=\"www.begenat.com\" \/>\n<meta property=\"article:modified_time\" content=\"2026-02-09T17:58:06+00:00\" \/>\n<meta property=\"og:image\" content=\"https:\/\/www.begenat.com\/wp-content\/uploads\/2025\/08\/OX.3015.jpg\" \/>\n\t<meta property=\"og:image:width\" content=\"661\" \/>\n\t<meta property=\"og:image:height\" content=\"800\" \/>\n\t<meta property=\"og:image:type\" content=\"image\/jpeg\" \/>\n<meta name=\"twitter:card\" content=\"summary_large_image\" \/>\n<meta name=\"twitter:label1\" content=\"Est. reading time\" \/>\n\t<meta name=\"twitter:data1\" content=\"1 minute\" \/>\n<script type=\"application\/ld+json\" class=\"yoast-schema-graph\">{\"@context\":\"https:\\\/\\\/schema.org\",\"@graph\":[{\"@type\":\"WebPage\",\"@id\":\"https:\\\/\\\/www.begenat.com\\\/en\\\/produit\\\/microscope-trinoculaire-euromex-ox-3035\\\/\",\"url\":\"https:\\\/\\\/www.begenat.com\\\/en\\\/produit\\\/microscope-trinoculaire-euromex-ox-3035\\\/\",\"name\":\"OX.3035 - Microscope trinoculaire Euromex OX.3035 pour SVT - Coll\u00e8ge, Lyc\u00e9e, Universit\u00e9 - B\u00e9g\u00e9nat\",\"isPartOf\":{\"@id\":\"https:\\\/\\\/www.begenat.com\\\/en\\\/#website\"},\"primaryImageOfPage\":{\"@id\":\"https:\\\/\\\/www.begenat.com\\\/en\\\/produit\\\/microscope-trinoculaire-euromex-ox-3035\\\/#primaryimage\"},\"image\":{\"@id\":\"https:\\\/\\\/www.begenat.com\\\/en\\\/produit\\\/microscope-trinoculaire-euromex-ox-3035\\\/#primaryimage\"},\"thumbnailUrl\":\"https:\\\/\\\/www.begenat.com\\\/wp-content\\\/uploads\\\/2025\\\/08\\\/OX.3015.jpg\",\"datePublished\":\"2025-07-30T14:18:17+00:00\",\"dateModified\":\"2026-02-09T17:58:06+00:00\",\"description\":\"Microscope trinoculaire Microscope trinoculaire Microscope trinoculaire Microscope trinoculaire Microscope trinoculaire Microscope trinoculaire\",\"breadcrumb\":{\"@id\":\"https:\\\/\\\/www.begenat.com\\\/en\\\/produit\\\/microscope-trinoculaire-euromex-ox-3035\\\/#breadcrumb\"},\"inLanguage\":\"en-US\",\"potentialAction\":[{\"@type\":\"ReadAction\",\"target\":[\"https:\\\/\\\/www.begenat.com\\\/en\\\/produit\\\/microscope-trinoculaire-euromex-ox-3035\\\/\"]}]},{\"@type\":\"ImageObject\",\"inLanguage\":\"en-US\",\"@id\":\"https:\\\/\\\/www.begenat.com\\\/en\\\/produit\\\/microscope-trinoculaire-euromex-ox-3035\\\/#primaryimage\",\"url\":\"https:\\\/\\\/www.begenat.com\\\/wp-content\\\/uploads\\\/2025\\\/08\\\/OX.3015.jpg\",\"contentUrl\":\"https:\\\/\\\/www.begenat.com\\\/wp-content\\\/uploads\\\/2025\\\/08\\\/OX.3015.jpg\",\"width\":661,\"height\":800,\"caption\":\"Microscope trinoculaire Euromex\"},{\"@type\":\"BreadcrumbList\",\"@id\":\"https:\\\/\\\/www.begenat.com\\\/en\\\/produit\\\/microscope-trinoculaire-euromex-ox-3035\\\/#breadcrumb\",\"itemListElement\":[{\"@type\":\"ListItem\",\"position\":1,\"name\":\"Home\",\"item\":\"https:\\\/\\\/www.begenat.com\\\/en\\\/\"},{\"@type\":\"ListItem\",\"position\":2,\"name\":\"Shop\",\"item\":\"https:\\\/\\\/www.begenat.com\\\/en\\\/shop\\\/\"},{\"@type\":\"ListItem\",\"position\":3,\"name\":\"Microscope trinoculaire Euromex OX.3035\"}]},{\"@type\":\"WebSite\",\"@id\":\"https:\\\/\\\/www.begenat.com\\\/en\\\/#website\",\"url\":\"https:\\\/\\\/www.begenat.com\\\/en\\\/\",\"name\":\"www.begenat.com\",\"description\":\"\",\"publisher\":{\"@id\":\"https:\\\/\\\/www.begenat.com\\\/en\\\/#organization\"},\"potentialAction\":[{\"@type\":\"SearchAction\",\"target\":{\"@type\":\"EntryPoint\",\"urlTemplate\":\"https:\\\/\\\/www.begenat.com\\\/en\\\/?s={search_term_string}\"},\"query-input\":{\"@type\":\"PropertyValueSpecification\",\"valueRequired\":true,\"valueName\":\"search_term_string\"}}],\"inLanguage\":\"en-US\"},{\"@type\":\"Organization\",\"@id\":\"https:\\\/\\\/www.begenat.com\\\/en\\\/#organization\",\"name\":\"www.begenat.com\",\"url\":\"https:\\\/\\\/www.begenat.com\\\/en\\\/\",\"logo\":{\"@type\":\"ImageObject\",\"inLanguage\":\"en-US\",\"@id\":\"https:\\\/\\\/www.begenat.com\\\/en\\\/#\\\/schema\\\/logo\\\/image\\\/\",\"url\":\"https:\\\/\\\/www.begenat.com\\\/wp-content\\\/uploads\\\/2026\\\/01\\\/logo-petit-1.png\",\"contentUrl\":\"https:\\\/\\\/www.begenat.com\\\/wp-content\\\/uploads\\\/2026\\\/01\\\/logo-petit-1.png\",\"width\":140,\"height\":86,\"caption\":\"www.begenat.com\"},\"image\":{\"@id\":\"https:\\\/\\\/www.begenat.com\\\/en\\\/#\\\/schema\\\/logo\\\/image\\\/\"}}]}<\/script>\n<!-- \/ Yoast SEO plugin. -->","yoast_head_json":{"title":"OX.3035 - Microscope trinoculaire Euromex OX.3035 pour SVT - Coll\u00e8ge, Lyc\u00e9e, Universit\u00e9 - B\u00e9g\u00e9nat","description":"Microscope trinoculaire Microscope trinoculaire Microscope trinoculaire Microscope trinoculaire Microscope trinoculaire Microscope trinoculaire","robots":{"index":"index","follow":"follow","max-snippet":"max-snippet:-1","max-image-preview":"max-image-preview:large","max-video-preview":"max-video-preview:-1"},"canonical":"https:\/\/www.begenat.com\/en\/produit\/microscope-trinoculaire-euromex-ox-3035\/","og_locale":"en_US","og_type":"article","og_title":"OX.3035 - Microscope trinoculaire Euromex OX.3035 pour SVT - Coll\u00e8ge, Lyc\u00e9e, Universit\u00e9 - B\u00e9g\u00e9nat","og_description":"Microscope trinoculaire Microscope trinoculaire Microscope trinoculaire Microscope trinoculaire Microscope trinoculaire Microscope trinoculaire","og_url":"https:\/\/www.begenat.com\/en\/produit\/microscope-trinoculaire-euromex-ox-3035\/","og_site_name":"www.begenat.com","article_modified_time":"2026-02-09T17:58:06+00:00","og_image":[{"width":661,"height":800,"url":"https:\/\/www.begenat.com\/wp-content\/uploads\/2025\/08\/OX.3015.jpg","type":"image\/jpeg"}],"twitter_card":"summary_large_image","twitter_misc":{"Est. reading time":"1 minute"},"schema":{"@context":"https:\/\/schema.org","@graph":[{"@type":"WebPage","@id":"https:\/\/www.begenat.com\/en\/produit\/microscope-trinoculaire-euromex-ox-3035\/","url":"https:\/\/www.begenat.com\/en\/produit\/microscope-trinoculaire-euromex-ox-3035\/","name":"OX.3035 - Microscope trinoculaire Euromex OX.3035 pour SVT - Coll\u00e8ge, Lyc\u00e9e, Universit\u00e9 - B\u00e9g\u00e9nat","isPartOf":{"@id":"https:\/\/www.begenat.com\/en\/#website"},"primaryImageOfPage":{"@id":"https:\/\/www.begenat.com\/en\/produit\/microscope-trinoculaire-euromex-ox-3035\/#primaryimage"},"image":{"@id":"https:\/\/www.begenat.com\/en\/produit\/microscope-trinoculaire-euromex-ox-3035\/#primaryimage"},"thumbnailUrl":"https:\/\/www.begenat.com\/wp-content\/uploads\/2025\/08\/OX.3015.jpg","datePublished":"2025-07-30T14:18:17+00:00","dateModified":"2026-02-09T17:58:06+00:00","description":"Microscope trinoculaire Microscope trinoculaire Microscope trinoculaire Microscope trinoculaire Microscope trinoculaire Microscope trinoculaire","breadcrumb":{"@id":"https:\/\/www.begenat.com\/en\/produit\/microscope-trinoculaire-euromex-ox-3035\/#breadcrumb"},"inLanguage":"en-US","potentialAction":[{"@type":"ReadAction","target":["https:\/\/www.begenat.com\/en\/produit\/microscope-trinoculaire-euromex-ox-3035\/"]}]},{"@type":"ImageObject","inLanguage":"en-US","@id":"https:\/\/www.begenat.com\/en\/produit\/microscope-trinoculaire-euromex-ox-3035\/#primaryimage","url":"https:\/\/www.begenat.com\/wp-content\/uploads\/2025\/08\/OX.3015.jpg","contentUrl":"https:\/\/www.begenat.com\/wp-content\/uploads\/2025\/08\/OX.3015.jpg","width":661,"height":800,"caption":"Microscope trinoculaire Euromex"},{"@type":"BreadcrumbList","@id":"https:\/\/www.begenat.com\/en\/produit\/microscope-trinoculaire-euromex-ox-3035\/#breadcrumb","itemListElement":[{"@type":"ListItem","position":1,"name":"Home","item":"https:\/\/www.begenat.com\/en\/"},{"@type":"ListItem","position":2,"name":"Shop","item":"https:\/\/www.begenat.com\/en\/shop\/"},{"@type":"ListItem","position":3,"name":"Microscope trinoculaire Euromex OX.3035"}]},{"@type":"WebSite","@id":"https:\/\/www.begenat.com\/en\/#website","url":"https:\/\/www.begenat.com\/en\/","name":"www.begenat.com","description":"","publisher":{"@id":"https:\/\/www.begenat.com\/en\/#organization"},"potentialAction":[{"@type":"SearchAction","target":{"@type":"EntryPoint","urlTemplate":"https:\/\/www.begenat.com\/en\/?s={search_term_string}"},"query-input":{"@type":"PropertyValueSpecification","valueRequired":true,"valueName":"search_term_string"}}],"inLanguage":"en-US"},{"@type":"Organization","@id":"https:\/\/www.begenat.com\/en\/#organization","name":"www.begenat.com","url":"https:\/\/www.begenat.com\/en\/","logo":{"@type":"ImageObject","inLanguage":"en-US","@id":"https:\/\/www.begenat.com\/en\/#\/schema\/logo\/image\/","url":"https:\/\/www.begenat.com\/wp-content\/uploads\/2026\/01\/logo-petit-1.png","contentUrl":"https:\/\/www.begenat.com\/wp-content\/uploads\/2026\/01\/logo-petit-1.png","width":140,"height":86,"caption":"www.begenat.com"},"image":{"@id":"https:\/\/www.begenat.com\/en\/#\/schema\/logo\/image\/"}}]}},"_links":{"self":[{"href":"https:\/\/www.begenat.com\/en\/wp-json\/wp\/v2\/product\/10799","targetHints":{"allow":["GET"]}}],"collection":[{"href":"https:\/\/www.begenat.com\/en\/wp-json\/wp\/v2\/product"}],"about":[{"href":"https:\/\/www.begenat.com\/en\/wp-json\/wp\/v2\/types\/product"}],"replies":[{"embeddable":true,"href":"https:\/\/www.begenat.com\/en\/wp-json\/wp\/v2\/comments?post=10799"}],"wp:featuredmedia":[{"embeddable":true,"href":"https:\/\/www.begenat.com\/en\/wp-json\/wp\/v2\/media\/101847"}],"wp:attachment":[{"href":"https:\/\/www.begenat.com\/en\/wp-json\/wp\/v2\/media?parent=10799"}],"wp:term":[{"taxonomy":"product_brand","embeddable":true,"href":"https:\/\/www.begenat.com\/en\/wp-json\/wp\/v2\/product_brand?post=10799"},{"taxonomy":"product_cat","embeddable":true,"href":"https:\/\/www.begenat.com\/en\/wp-json\/wp\/v2\/product_cat?post=10799"},{"taxonomy":"product_tag","embeddable":true,"href":"https:\/\/www.begenat.com\/en\/wp-json\/wp\/v2\/product_tag?post=10799"}],"curies":[{"name":"wp","href":"https:\/\/api.w.org\/{rel}","templated":true}]}}