{"id":10686,"date":"2025-05-05T10:13:03","date_gmt":"2025-05-05T08:13:03","guid":{"rendered":"https:\/\/www.begenat.com\/?post_type=product&#038;p=10686"},"modified":"2026-01-28T10:25:06","modified_gmt":"2026-01-28T09:25:06","slug":"bruches-du-haricot-flacon-de-10-individus-dans-lalcool","status":"publish","type":"product","link":"https:\/\/www.begenat.com\/en\/produit\/bruches-du-haricot-flacon-de-10-individus-dans-lalcool\/","title":{"rendered":"MT148 &#8211; BRUCHES DU HARICOT (flacon de 10 individus dans l\u2019alcool)"},"content":{"rendered":"","protected":false},"excerpt":{"rendered":"","protected":false},"featured_media":0,"comment_status":"closed","ping_status":"closed","template":"","meta":{"_acf_changed":false},"product_brand":[],"product_cat":[100359,100449],"product_tag":[100768],"class_list":{"0":"post-10686","1":"product","2":"type-product","3":"status-publish","5":"product_cat-biologie","6":"product_cat-materiel-et-accessoires","7":"product_tag-alco","9":"first","10":"instock","11":"taxable","12":"shipping-taxable","13":"purchasable","14":"product-type-simple"},"acf":[],"yoast_head":"<!-- This site is optimized with the Yoast SEO plugin v27.4 - https:\/\/yoast.com\/product\/yoast-seo-wordpress\/ -->\n<title>MT148 - BRUCHES DU HARICOT (flacon de 10 individus dans l\u2019alcool) pour SVT - Coll\u00e8ge, Lyc\u00e9e, Universit\u00e9 - B\u00e9g\u00e9nat<\/title>\n<meta name=\"description\" content=\"BRUCHES DU HARICOT (flacon de 10 individus dans l\u2019alcool) BRUCHES DU HARICOT (flacon de 10 individus dans l\u2019alcool) BRUCHES DU HARICOT (flacon de 10 individus dans l\u2019alcool) BRUCHES DU HARICOT (flacon de 10 individus dans l\u2019alcool)\" \/>\n<meta name=\"robots\" content=\"index, follow, max-snippet:-1, max-image-preview:large, max-video-preview:-1\" \/>\n<link rel=\"canonical\" href=\"https:\/\/www.begenat.com\/en\/produit\/bruches-du-haricot-flacon-de-10-individus-dans-lalcool\/\" \/>\n<meta property=\"og:locale\" content=\"en_US\" \/>\n<meta property=\"og:type\" content=\"article\" \/>\n<meta property=\"og:title\" content=\"MT148 - BRUCHES DU HARICOT (flacon de 10 individus dans l\u2019alcool) pour SVT - Coll\u00e8ge, Lyc\u00e9e, Universit\u00e9 - B\u00e9g\u00e9nat\" \/>\n<meta property=\"og:description\" content=\"BRUCHES DU HARICOT (flacon de 10 individus dans l\u2019alcool) BRUCHES DU HARICOT (flacon de 10 individus dans l\u2019alcool) BRUCHES DU HARICOT (flacon de 10 individus dans l\u2019alcool) BRUCHES DU HARICOT (flacon de 10 individus dans l\u2019alcool)\" \/>\n<meta property=\"og:url\" content=\"https:\/\/www.begenat.com\/en\/produit\/bruches-du-haricot-flacon-de-10-individus-dans-lalcool\/\" \/>\n<meta property=\"og:site_name\" content=\"www.begenat.com\" \/>\n<meta property=\"article:modified_time\" content=\"2026-01-28T09:25:06+00:00\" \/>\n<meta name=\"twitter:card\" content=\"summary_large_image\" \/>\n<script type=\"application\/ld+json\" class=\"yoast-schema-graph\">{\"@context\":\"https:\\\/\\\/schema.org\",\"@graph\":[{\"@type\":\"WebPage\",\"@id\":\"https:\\\/\\\/www.begenat.com\\\/en\\\/produit\\\/bruches-du-haricot-flacon-de-10-individus-dans-lalcool\\\/\",\"url\":\"https:\\\/\\\/www.begenat.com\\\/en\\\/produit\\\/bruches-du-haricot-flacon-de-10-individus-dans-lalcool\\\/\",\"name\":\"MT148 - BRUCHES DU HARICOT (flacon de 10 individus dans l\u2019alcool) pour SVT - Coll\u00e8ge, Lyc\u00e9e, Universit\u00e9 - B\u00e9g\u00e9nat\",\"isPartOf\":{\"@id\":\"https:\\\/\\\/www.begenat.com\\\/en\\\/#website\"},\"datePublished\":\"2025-05-05T08:13:03+00:00\",\"dateModified\":\"2026-01-28T09:25:06+00:00\",\"description\":\"BRUCHES DU HARICOT (flacon de 10 individus dans l\u2019alcool) BRUCHES DU HARICOT (flacon de 10 individus dans l\u2019alcool) BRUCHES DU HARICOT (flacon de 10 individus dans l\u2019alcool) BRUCHES DU HARICOT (flacon de 10 individus dans l\u2019alcool)\",\"breadcrumb\":{\"@id\":\"https:\\\/\\\/www.begenat.com\\\/en\\\/produit\\\/bruches-du-haricot-flacon-de-10-individus-dans-lalcool\\\/#breadcrumb\"},\"inLanguage\":\"en-US\",\"potentialAction\":[{\"@type\":\"ReadAction\",\"target\":[\"https:\\\/\\\/www.begenat.com\\\/en\\\/produit\\\/bruches-du-haricot-flacon-de-10-individus-dans-lalcool\\\/\"]}]},{\"@type\":\"BreadcrumbList\",\"@id\":\"https:\\\/\\\/www.begenat.com\\\/en\\\/produit\\\/bruches-du-haricot-flacon-de-10-individus-dans-lalcool\\\/#breadcrumb\",\"itemListElement\":[{\"@type\":\"ListItem\",\"position\":1,\"name\":\"Home\",\"item\":\"https:\\\/\\\/www.begenat.com\\\/en\\\/\"},{\"@type\":\"ListItem\",\"position\":2,\"name\":\"Shop\",\"item\":\"https:\\\/\\\/www.begenat.com\\\/en\\\/shop\\\/\"},{\"@type\":\"ListItem\",\"position\":3,\"name\":\"BRUCHES DU HARICOT (flacon de 10 individus dans l\u2019alcool)\"}]},{\"@type\":\"WebSite\",\"@id\":\"https:\\\/\\\/www.begenat.com\\\/en\\\/#website\",\"url\":\"https:\\\/\\\/www.begenat.com\\\/en\\\/\",\"name\":\"www.begenat.com\",\"description\":\"\",\"publisher\":{\"@id\":\"https:\\\/\\\/www.begenat.com\\\/en\\\/#organization\"},\"potentialAction\":[{\"@type\":\"SearchAction\",\"target\":{\"@type\":\"EntryPoint\",\"urlTemplate\":\"https:\\\/\\\/www.begenat.com\\\/en\\\/?s={search_term_string}\"},\"query-input\":{\"@type\":\"PropertyValueSpecification\",\"valueRequired\":true,\"valueName\":\"search_term_string\"}}],\"inLanguage\":\"en-US\"},{\"@type\":\"Organization\",\"@id\":\"https:\\\/\\\/www.begenat.com\\\/en\\\/#organization\",\"name\":\"www.begenat.com\",\"url\":\"https:\\\/\\\/www.begenat.com\\\/en\\\/\",\"logo\":{\"@type\":\"ImageObject\",\"inLanguage\":\"en-US\",\"@id\":\"https:\\\/\\\/www.begenat.com\\\/en\\\/#\\\/schema\\\/logo\\\/image\\\/\",\"url\":\"https:\\\/\\\/www.begenat.com\\\/wp-content\\\/uploads\\\/2026\\\/01\\\/logo-petit-1.png\",\"contentUrl\":\"https:\\\/\\\/www.begenat.com\\\/wp-content\\\/uploads\\\/2026\\\/01\\\/logo-petit-1.png\",\"width\":140,\"height\":86,\"caption\":\"www.begenat.com\"},\"image\":{\"@id\":\"https:\\\/\\\/www.begenat.com\\\/en\\\/#\\\/schema\\\/logo\\\/image\\\/\"}}]}<\/script>\n<!-- \/ Yoast SEO plugin. -->","yoast_head_json":{"title":"MT148 - BRUCHES DU HARICOT (flacon de 10 individus dans l\u2019alcool) pour SVT - Coll\u00e8ge, Lyc\u00e9e, Universit\u00e9 - B\u00e9g\u00e9nat","description":"BRUCHES DU HARICOT (flacon de 10 individus dans l\u2019alcool) BRUCHES DU HARICOT (flacon de 10 individus dans l\u2019alcool) BRUCHES DU HARICOT (flacon de 10 individus dans l\u2019alcool) BRUCHES DU HARICOT (flacon de 10 individus dans l\u2019alcool)","robots":{"index":"index","follow":"follow","max-snippet":"max-snippet:-1","max-image-preview":"max-image-preview:large","max-video-preview":"max-video-preview:-1"},"canonical":"https:\/\/www.begenat.com\/en\/produit\/bruches-du-haricot-flacon-de-10-individus-dans-lalcool\/","og_locale":"en_US","og_type":"article","og_title":"MT148 - BRUCHES DU HARICOT (flacon de 10 individus dans l\u2019alcool) pour SVT - Coll\u00e8ge, Lyc\u00e9e, Universit\u00e9 - B\u00e9g\u00e9nat","og_description":"BRUCHES DU HARICOT (flacon de 10 individus dans l\u2019alcool) BRUCHES DU HARICOT (flacon de 10 individus dans l\u2019alcool) BRUCHES DU HARICOT (flacon de 10 individus dans l\u2019alcool) BRUCHES DU HARICOT (flacon de 10 individus dans l\u2019alcool)","og_url":"https:\/\/www.begenat.com\/en\/produit\/bruches-du-haricot-flacon-de-10-individus-dans-lalcool\/","og_site_name":"www.begenat.com","article_modified_time":"2026-01-28T09:25:06+00:00","twitter_card":"summary_large_image","schema":{"@context":"https:\/\/schema.org","@graph":[{"@type":"WebPage","@id":"https:\/\/www.begenat.com\/en\/produit\/bruches-du-haricot-flacon-de-10-individus-dans-lalcool\/","url":"https:\/\/www.begenat.com\/en\/produit\/bruches-du-haricot-flacon-de-10-individus-dans-lalcool\/","name":"MT148 - BRUCHES DU HARICOT (flacon de 10 individus dans l\u2019alcool) pour SVT - Coll\u00e8ge, Lyc\u00e9e, Universit\u00e9 - B\u00e9g\u00e9nat","isPartOf":{"@id":"https:\/\/www.begenat.com\/en\/#website"},"datePublished":"2025-05-05T08:13:03+00:00","dateModified":"2026-01-28T09:25:06+00:00","description":"BRUCHES DU HARICOT (flacon de 10 individus dans l\u2019alcool) BRUCHES DU HARICOT (flacon de 10 individus dans l\u2019alcool) BRUCHES DU HARICOT (flacon de 10 individus dans l\u2019alcool) BRUCHES DU HARICOT (flacon de 10 individus dans l\u2019alcool)","breadcrumb":{"@id":"https:\/\/www.begenat.com\/en\/produit\/bruches-du-haricot-flacon-de-10-individus-dans-lalcool\/#breadcrumb"},"inLanguage":"en-US","potentialAction":[{"@type":"ReadAction","target":["https:\/\/www.begenat.com\/en\/produit\/bruches-du-haricot-flacon-de-10-individus-dans-lalcool\/"]}]},{"@type":"BreadcrumbList","@id":"https:\/\/www.begenat.com\/en\/produit\/bruches-du-haricot-flacon-de-10-individus-dans-lalcool\/#breadcrumb","itemListElement":[{"@type":"ListItem","position":1,"name":"Home","item":"https:\/\/www.begenat.com\/en\/"},{"@type":"ListItem","position":2,"name":"Shop","item":"https:\/\/www.begenat.com\/en\/shop\/"},{"@type":"ListItem","position":3,"name":"BRUCHES DU HARICOT (flacon de 10 individus dans l\u2019alcool)"}]},{"@type":"WebSite","@id":"https:\/\/www.begenat.com\/en\/#website","url":"https:\/\/www.begenat.com\/en\/","name":"www.begenat.com","description":"","publisher":{"@id":"https:\/\/www.begenat.com\/en\/#organization"},"potentialAction":[{"@type":"SearchAction","target":{"@type":"EntryPoint","urlTemplate":"https:\/\/www.begenat.com\/en\/?s={search_term_string}"},"query-input":{"@type":"PropertyValueSpecification","valueRequired":true,"valueName":"search_term_string"}}],"inLanguage":"en-US"},{"@type":"Organization","@id":"https:\/\/www.begenat.com\/en\/#organization","name":"www.begenat.com","url":"https:\/\/www.begenat.com\/en\/","logo":{"@type":"ImageObject","inLanguage":"en-US","@id":"https:\/\/www.begenat.com\/en\/#\/schema\/logo\/image\/","url":"https:\/\/www.begenat.com\/wp-content\/uploads\/2026\/01\/logo-petit-1.png","contentUrl":"https:\/\/www.begenat.com\/wp-content\/uploads\/2026\/01\/logo-petit-1.png","width":140,"height":86,"caption":"www.begenat.com"},"image":{"@id":"https:\/\/www.begenat.com\/en\/#\/schema\/logo\/image\/"}}]}},"_links":{"self":[{"href":"https:\/\/www.begenat.com\/en\/wp-json\/wp\/v2\/product\/10686","targetHints":{"allow":["GET"]}}],"collection":[{"href":"https:\/\/www.begenat.com\/en\/wp-json\/wp\/v2\/product"}],"about":[{"href":"https:\/\/www.begenat.com\/en\/wp-json\/wp\/v2\/types\/product"}],"replies":[{"embeddable":true,"href":"https:\/\/www.begenat.com\/en\/wp-json\/wp\/v2\/comments?post=10686"}],"wp:attachment":[{"href":"https:\/\/www.begenat.com\/en\/wp-json\/wp\/v2\/media?parent=10686"}],"wp:term":[{"taxonomy":"product_brand","embeddable":true,"href":"https:\/\/www.begenat.com\/en\/wp-json\/wp\/v2\/product_brand?post=10686"},{"taxonomy":"product_cat","embeddable":true,"href":"https:\/\/www.begenat.com\/en\/wp-json\/wp\/v2\/product_cat?post=10686"},{"taxonomy":"product_tag","embeddable":true,"href":"https:\/\/www.begenat.com\/en\/wp-json\/wp\/v2\/product_tag?post=10686"}],"curies":[{"name":"wp","href":"https:\/\/api.w.org\/{rel}","templated":true}]}}