{"id":102138,"date":"2025-11-03T11:11:56","date_gmt":"2025-11-03T10:11:56","guid":{"rendered":"https:\/\/www.begenat.com\/?post_type=product&#038;p=102138"},"modified":"2026-01-28T13:59:36","modified_gmt":"2026-01-28T12:59:36","slug":"modele-anatomique-de-la-cellule","status":"publish","type":"product","link":"https:\/\/www.begenat.com\/en\/produit\/modele-anatomique-de-la-cellule\/","title":{"rendered":"MB003 &#8211; Mod\u00e8le anatomique de la cellule"},"content":{"rendered":"\n<p>dimension : 10x25x5 cm, poids : 1,4 kg<\/p>\n\n\n\n<p><\/p>\n","protected":false},"excerpt":{"rendered":"<p>Lorem ipsum dolor sit amet, consectetur adipiscing elit. Mauris nec ultricies nisl. Duis pulvinar purus nec felis tempor, non dignissim orci pulvinar. Donec aliquam hendrerit ultricies. Donec tristique tincidunt mi, efficitur venenatis nibh aliquam sed. In varius sit amet ipsum at fringilla. Pellentesque nec congue ex, eu euismod velit. Nullam ornare ac felis quis molestie. Sed tincidunt, tortor sed pulvinar sodales, purus turpis posuere mi, aliquam tristique elit elit quis tortor. Pellentesque tincidunt justo vitae gravida iaculis. Nulla sed aliquet eros. Nulla libero diam, tristique ultricies gravida ut, imperdiet id quam. Cras a auctor dolor.<\/p>\n<p>Quisque gravida dignissim orci non venenatis. Suspendisse interdum justo ante, ac gravida turpis dictum dapibus. Nam commodo dignissim lacinia. Phasellus faucibus maximus enim, a porttitor justo iaculis a. Pellentesque habitant morbi tristique senectus et netus et malesuada fames ac turpis egestas. In eget ante purus. Curabitur semper neque purus, at consectetur ex volutpat nec. Praesent porttitor ac urna a ultricies. Quisque et porttitor sem, maximus ultrices lorem. Etiam ornare urna ac ligula vestibulum mollis.<\/p>\n","protected":false},"featured_media":102139,"comment_status":"closed","ping_status":"closed","template":"","meta":{"_acf_changed":false},"product_brand":[],"product_cat":[],"product_tag":[100765],"class_list":{"0":"post-102138","1":"product","2":"type-product","3":"status-publish","4":"has-post-thumbnail","6":"product_tag-dida","8":"first","9":"instock","10":"taxable","11":"shipping-taxable","12":"purchasable","13":"product-type-simple"},"acf":[],"yoast_head":"<!-- This site is optimized with the Yoast SEO plugin v27.5 - https:\/\/yoast.com\/product\/yoast-seo-wordpress\/ -->\n<title>MB003 - Mod\u00e8le anatomique de la cellule pour SVT - Coll\u00e8ge, Lyc\u00e9e, Universit\u00e9 - B\u00e9g\u00e9nat<\/title>\n<meta name=\"description\" content=\"MB003 - Mod\u00e8le anatomique de la cellule pour enseignement SVT. Livraison sous 48h en France m\u00e9tropolitaine !\" \/>\n<meta name=\"robots\" content=\"index, follow, max-snippet:-1, max-image-preview:large, max-video-preview:-1\" \/>\n<link rel=\"canonical\" href=\"https:\/\/www.begenat.com\/en\/produit\/modele-anatomique-de-la-cellule\/\" \/>\n<meta property=\"og:locale\" content=\"en_US\" \/>\n<meta property=\"og:type\" content=\"article\" \/>\n<meta property=\"og:title\" content=\"MB003 - Mod\u00e8le anatomique de la cellule pour SVT - Coll\u00e8ge, Lyc\u00e9e, Universit\u00e9 - B\u00e9g\u00e9nat\" \/>\n<meta property=\"og:description\" content=\"MB003 - Mod\u00e8le anatomique de la cellule pour enseignement SVT. Livraison sous 48h en France m\u00e9tropolitaine !\" \/>\n<meta property=\"og:url\" content=\"https:\/\/www.begenat.com\/en\/produit\/modele-anatomique-de-la-cellule\/\" \/>\n<meta property=\"og:site_name\" content=\"www.begenat.com\" \/>\n<meta property=\"article:modified_time\" content=\"2026-01-28T12:59:36+00:00\" \/>\n<meta property=\"og:image\" content=\"https:\/\/www.begenat.com\/wp-content\/uploads\/2025\/11\/MB003_modele_cellule_vegetale-e1762791124248.webp\" \/>\n\t<meta property=\"og:image:width\" content=\"680\" \/>\n\t<meta property=\"og:image:height\" content=\"680\" \/>\n\t<meta property=\"og:image:type\" content=\"image\/webp\" \/>\n<meta name=\"twitter:card\" content=\"summary_large_image\" \/>\n<meta name=\"twitter:label1\" content=\"Est. reading time\" \/>\n\t<meta name=\"twitter:data1\" content=\"1 minute\" \/>\n<script type=\"application\/ld+json\" class=\"yoast-schema-graph\">{\"@context\":\"https:\\\/\\\/schema.org\",\"@graph\":[{\"@type\":\"WebPage\",\"@id\":\"https:\\\/\\\/www.begenat.com\\\/en\\\/produit\\\/modele-anatomique-de-la-cellule\\\/\",\"url\":\"https:\\\/\\\/www.begenat.com\\\/en\\\/produit\\\/modele-anatomique-de-la-cellule\\\/\",\"name\":\"MB003 - Mod\u00e8le anatomique de la cellule pour SVT - Coll\u00e8ge, Lyc\u00e9e, Universit\u00e9 - B\u00e9g\u00e9nat\",\"isPartOf\":{\"@id\":\"https:\\\/\\\/www.begenat.com\\\/en\\\/#website\"},\"primaryImageOfPage\":{\"@id\":\"https:\\\/\\\/www.begenat.com\\\/en\\\/produit\\\/modele-anatomique-de-la-cellule\\\/#primaryimage\"},\"image\":{\"@id\":\"https:\\\/\\\/www.begenat.com\\\/en\\\/produit\\\/modele-anatomique-de-la-cellule\\\/#primaryimage\"},\"thumbnailUrl\":\"https:\\\/\\\/www.begenat.com\\\/wp-content\\\/uploads\\\/2025\\\/11\\\/MB003_modele_cellule_vegetale-e1762791124248.webp\",\"datePublished\":\"2025-11-03T10:11:56+00:00\",\"dateModified\":\"2026-01-28T12:59:36+00:00\",\"description\":\"MB003 - Mod\u00e8le anatomique de la cellule pour enseignement SVT. Livraison sous 48h en France m\u00e9tropolitaine !\",\"breadcrumb\":{\"@id\":\"https:\\\/\\\/www.begenat.com\\\/en\\\/produit\\\/modele-anatomique-de-la-cellule\\\/#breadcrumb\"},\"inLanguage\":\"en-US\",\"potentialAction\":[{\"@type\":\"ReadAction\",\"target\":[\"https:\\\/\\\/www.begenat.com\\\/en\\\/produit\\\/modele-anatomique-de-la-cellule\\\/\"]}]},{\"@type\":\"ImageObject\",\"inLanguage\":\"en-US\",\"@id\":\"https:\\\/\\\/www.begenat.com\\\/en\\\/produit\\\/modele-anatomique-de-la-cellule\\\/#primaryimage\",\"url\":\"https:\\\/\\\/www.begenat.com\\\/wp-content\\\/uploads\\\/2025\\\/11\\\/MB003_modele_cellule_vegetale-e1762791124248.webp\",\"contentUrl\":\"https:\\\/\\\/www.begenat.com\\\/wp-content\\\/uploads\\\/2025\\\/11\\\/MB003_modele_cellule_vegetale-e1762791124248.webp\",\"width\":680,\"height\":680,\"caption\":\"mod\u00e8le anatomique de la cellule\"},{\"@type\":\"BreadcrumbList\",\"@id\":\"https:\\\/\\\/www.begenat.com\\\/en\\\/produit\\\/modele-anatomique-de-la-cellule\\\/#breadcrumb\",\"itemListElement\":[{\"@type\":\"ListItem\",\"position\":1,\"name\":\"Home\",\"item\":\"https:\\\/\\\/www.begenat.com\\\/en\\\/\"},{\"@type\":\"ListItem\",\"position\":2,\"name\":\"Shop\",\"item\":\"https:\\\/\\\/www.begenat.com\\\/en\\\/shop\\\/\"},{\"@type\":\"ListItem\",\"position\":3,\"name\":\"mod\u00e8le anatomique de la cellule\"}]},{\"@type\":\"WebSite\",\"@id\":\"https:\\\/\\\/www.begenat.com\\\/en\\\/#website\",\"url\":\"https:\\\/\\\/www.begenat.com\\\/en\\\/\",\"name\":\"www.begenat.com\",\"description\":\"\",\"publisher\":{\"@id\":\"https:\\\/\\\/www.begenat.com\\\/en\\\/#organization\"},\"potentialAction\":[{\"@type\":\"SearchAction\",\"target\":{\"@type\":\"EntryPoint\",\"urlTemplate\":\"https:\\\/\\\/www.begenat.com\\\/en\\\/?s={search_term_string}\"},\"query-input\":{\"@type\":\"PropertyValueSpecification\",\"valueRequired\":true,\"valueName\":\"search_term_string\"}}],\"inLanguage\":\"en-US\"},{\"@type\":\"Organization\",\"@id\":\"https:\\\/\\\/www.begenat.com\\\/en\\\/#organization\",\"name\":\"www.begenat.com\",\"url\":\"https:\\\/\\\/www.begenat.com\\\/en\\\/\",\"logo\":{\"@type\":\"ImageObject\",\"inLanguage\":\"en-US\",\"@id\":\"https:\\\/\\\/www.begenat.com\\\/en\\\/#\\\/schema\\\/logo\\\/image\\\/\",\"url\":\"https:\\\/\\\/www.begenat.com\\\/wp-content\\\/uploads\\\/2026\\\/01\\\/logo-petit-1.png\",\"contentUrl\":\"https:\\\/\\\/www.begenat.com\\\/wp-content\\\/uploads\\\/2026\\\/01\\\/logo-petit-1.png\",\"width\":140,\"height\":86,\"caption\":\"www.begenat.com\"},\"image\":{\"@id\":\"https:\\\/\\\/www.begenat.com\\\/en\\\/#\\\/schema\\\/logo\\\/image\\\/\"}}]}<\/script>\n<!-- \/ Yoast SEO plugin. -->","yoast_head_json":{"title":"MB003 - Mod\u00e8le anatomique de la cellule pour SVT - Coll\u00e8ge, Lyc\u00e9e, Universit\u00e9 - B\u00e9g\u00e9nat","description":"MB003 - Mod\u00e8le anatomique de la cellule pour enseignement SVT. Livraison sous 48h en France m\u00e9tropolitaine !","robots":{"index":"index","follow":"follow","max-snippet":"max-snippet:-1","max-image-preview":"max-image-preview:large","max-video-preview":"max-video-preview:-1"},"canonical":"https:\/\/www.begenat.com\/en\/produit\/modele-anatomique-de-la-cellule\/","og_locale":"en_US","og_type":"article","og_title":"MB003 - Mod\u00e8le anatomique de la cellule pour SVT - Coll\u00e8ge, Lyc\u00e9e, Universit\u00e9 - B\u00e9g\u00e9nat","og_description":"MB003 - Mod\u00e8le anatomique de la cellule pour enseignement SVT. Livraison sous 48h en France m\u00e9tropolitaine !","og_url":"https:\/\/www.begenat.com\/en\/produit\/modele-anatomique-de-la-cellule\/","og_site_name":"www.begenat.com","article_modified_time":"2026-01-28T12:59:36+00:00","og_image":[{"width":680,"height":680,"url":"https:\/\/www.begenat.com\/wp-content\/uploads\/2025\/11\/MB003_modele_cellule_vegetale-e1762791124248.webp","type":"image\/webp"}],"twitter_card":"summary_large_image","twitter_misc":{"Est. reading time":"1 minute"},"schema":{"@context":"https:\/\/schema.org","@graph":[{"@type":"WebPage","@id":"https:\/\/www.begenat.com\/en\/produit\/modele-anatomique-de-la-cellule\/","url":"https:\/\/www.begenat.com\/en\/produit\/modele-anatomique-de-la-cellule\/","name":"MB003 - Mod\u00e8le anatomique de la cellule pour SVT - Coll\u00e8ge, Lyc\u00e9e, Universit\u00e9 - B\u00e9g\u00e9nat","isPartOf":{"@id":"https:\/\/www.begenat.com\/en\/#website"},"primaryImageOfPage":{"@id":"https:\/\/www.begenat.com\/en\/produit\/modele-anatomique-de-la-cellule\/#primaryimage"},"image":{"@id":"https:\/\/www.begenat.com\/en\/produit\/modele-anatomique-de-la-cellule\/#primaryimage"},"thumbnailUrl":"https:\/\/www.begenat.com\/wp-content\/uploads\/2025\/11\/MB003_modele_cellule_vegetale-e1762791124248.webp","datePublished":"2025-11-03T10:11:56+00:00","dateModified":"2026-01-28T12:59:36+00:00","description":"MB003 - Mod\u00e8le anatomique de la cellule pour enseignement SVT. Livraison sous 48h en France m\u00e9tropolitaine !","breadcrumb":{"@id":"https:\/\/www.begenat.com\/en\/produit\/modele-anatomique-de-la-cellule\/#breadcrumb"},"inLanguage":"en-US","potentialAction":[{"@type":"ReadAction","target":["https:\/\/www.begenat.com\/en\/produit\/modele-anatomique-de-la-cellule\/"]}]},{"@type":"ImageObject","inLanguage":"en-US","@id":"https:\/\/www.begenat.com\/en\/produit\/modele-anatomique-de-la-cellule\/#primaryimage","url":"https:\/\/www.begenat.com\/wp-content\/uploads\/2025\/11\/MB003_modele_cellule_vegetale-e1762791124248.webp","contentUrl":"https:\/\/www.begenat.com\/wp-content\/uploads\/2025\/11\/MB003_modele_cellule_vegetale-e1762791124248.webp","width":680,"height":680,"caption":"mod\u00e8le anatomique de la cellule"},{"@type":"BreadcrumbList","@id":"https:\/\/www.begenat.com\/en\/produit\/modele-anatomique-de-la-cellule\/#breadcrumb","itemListElement":[{"@type":"ListItem","position":1,"name":"Home","item":"https:\/\/www.begenat.com\/en\/"},{"@type":"ListItem","position":2,"name":"Shop","item":"https:\/\/www.begenat.com\/en\/shop\/"},{"@type":"ListItem","position":3,"name":"mod\u00e8le anatomique de la cellule"}]},{"@type":"WebSite","@id":"https:\/\/www.begenat.com\/en\/#website","url":"https:\/\/www.begenat.com\/en\/","name":"www.begenat.com","description":"","publisher":{"@id":"https:\/\/www.begenat.com\/en\/#organization"},"potentialAction":[{"@type":"SearchAction","target":{"@type":"EntryPoint","urlTemplate":"https:\/\/www.begenat.com\/en\/?s={search_term_string}"},"query-input":{"@type":"PropertyValueSpecification","valueRequired":true,"valueName":"search_term_string"}}],"inLanguage":"en-US"},{"@type":"Organization","@id":"https:\/\/www.begenat.com\/en\/#organization","name":"www.begenat.com","url":"https:\/\/www.begenat.com\/en\/","logo":{"@type":"ImageObject","inLanguage":"en-US","@id":"https:\/\/www.begenat.com\/en\/#\/schema\/logo\/image\/","url":"https:\/\/www.begenat.com\/wp-content\/uploads\/2026\/01\/logo-petit-1.png","contentUrl":"https:\/\/www.begenat.com\/wp-content\/uploads\/2026\/01\/logo-petit-1.png","width":140,"height":86,"caption":"www.begenat.com"},"image":{"@id":"https:\/\/www.begenat.com\/en\/#\/schema\/logo\/image\/"}}]}},"_links":{"self":[{"href":"https:\/\/www.begenat.com\/en\/wp-json\/wp\/v2\/product\/102138","targetHints":{"allow":["GET"]}}],"collection":[{"href":"https:\/\/www.begenat.com\/en\/wp-json\/wp\/v2\/product"}],"about":[{"href":"https:\/\/www.begenat.com\/en\/wp-json\/wp\/v2\/types\/product"}],"replies":[{"embeddable":true,"href":"https:\/\/www.begenat.com\/en\/wp-json\/wp\/v2\/comments?post=102138"}],"wp:featuredmedia":[{"embeddable":true,"href":"https:\/\/www.begenat.com\/en\/wp-json\/wp\/v2\/media\/102139"}],"wp:attachment":[{"href":"https:\/\/www.begenat.com\/en\/wp-json\/wp\/v2\/media?parent=102138"}],"wp:term":[{"taxonomy":"product_brand","embeddable":true,"href":"https:\/\/www.begenat.com\/en\/wp-json\/wp\/v2\/product_brand?post=102138"},{"taxonomy":"product_cat","embeddable":true,"href":"https:\/\/www.begenat.com\/en\/wp-json\/wp\/v2\/product_cat?post=102138"},{"taxonomy":"product_tag","embeddable":true,"href":"https:\/\/www.begenat.com\/en\/wp-json\/wp\/v2\/product_tag?post=102138"}],"curies":[{"name":"wp","href":"https:\/\/api.w.org\/{rel}","templated":true}]}}