{"id":10128,"date":"2024-01-14T19:50:42","date_gmt":"2024-01-14T18:50:42","guid":{"rendered":"https:\/\/www.begenat.com\/?post_type=product&#038;p=10128"},"modified":"2025-08-14T09:50:47","modified_gmt":"2025-08-14T07:50:47","slug":"entraineur-de-suture-sous-forme-de-coussin","status":"publish","type":"product","link":"https:\/\/www.begenat.com\/en\/produit\/entraineur-de-suture-sous-forme-de-coussin\/","title":{"rendered":"ENTRA\u00ceNEUR DE SUTURE SOUS FORME DE COUSSIN"},"content":{"rendered":"<p>Cet entra\u00eeneur de suture a la forme d\u2019un coussin rectangulaire et permet l\u2019apprentissage des techniques chirurgicales de suture et de nouage dans des conditions r\u00e9alistes.<\/p>\n<ul>\n<li>L\u2019entra\u00eeneur de suture se compose d\u2019une mousse sp\u00e9ciale et d\u2019une \u00ab\u00a0peau artificielle\u00a0\u00bb en PVC souple.<\/li>\n<li>L\u2019entra\u00eeneur de suture est dot\u00e9 d\u2019une plaie pr\u00e9d\u00e9coup\u00e9e qui peut \u00eatre cousue encore et encore. Si n\u00e9cessaire, des plaies suppl\u00e9mentaires peuvent \u00eatre ajout\u00e9es.<\/li>\n<\/ul>\n","protected":false},"excerpt":{"rendered":"<p>Cet entra\u00eeneur de suture a la forme d\u2019un coussin rectangulaire et permet l\u2019apprentissage des techniques chirurgicales de suture et de nouage dans des conditions r\u00e9alistes. L\u2019entra\u00eeneur de suture se compose d\u2019une mousse sp\u00e9ciale et d\u2019une \u00ab\u00a0peau artificielle\u00a0\u00bb en PVC souple. L\u2019entra\u00eeneur de suture est dot\u00e9 d\u2019une plaie pr\u00e9d\u00e9coup\u00e9e qui peut \u00eatre cousue encore et encore. [&hellip;]<\/p>\n","protected":false},"featured_media":101831,"comment_status":"closed","ping_status":"closed","template":"","meta":{"_acf_changed":false},"product_brand":[],"product_cat":[100430],"product_tag":[],"class_list":{"0":"post-10128","1":"product","2":"type-product","3":"status-publish","4":"has-post-thumbnail","6":"product_cat-medecine-humaine","8":"first","9":"instock","10":"taxable","11":"shipping-taxable","12":"purchasable","13":"product-type-simple"},"acf":[],"yoast_head":"<!-- This site is optimized with the Yoast SEO plugin v27.4 - https:\/\/yoast.com\/product\/yoast-seo-wordpress\/ -->\n<title>ENTRA\u00ceNEUR DE SUTURE SOUS FORME DE COUSSIN pour SVT - Coll\u00e8ge, Lyc\u00e9e, Universit\u00e9 - B\u00e9g\u00e9nat<\/title>\n<meta name=\"description\" content=\"entra\u00eeneur de suture pour entra\u00eenement \u00e0 la suture et au nouage chirurgical peau artificielle avec plaie pr\u00e9d\u00e9coup\u00e9e entra\u00eeneur de suture\" \/>\n<meta name=\"robots\" content=\"index, follow, max-snippet:-1, max-image-preview:large, max-video-preview:-1\" \/>\n<link rel=\"canonical\" href=\"https:\/\/www.begenat.com\/en\/produit\/entraineur-de-suture-sous-forme-de-coussin\/\" \/>\n<meta property=\"og:locale\" content=\"en_US\" \/>\n<meta property=\"og:type\" content=\"article\" \/>\n<meta property=\"og:title\" content=\"ENTRA\u00ceNEUR DE SUTURE SOUS FORME DE COUSSIN pour SVT - Coll\u00e8ge, Lyc\u00e9e, Universit\u00e9 - B\u00e9g\u00e9nat\" \/>\n<meta property=\"og:description\" content=\"entra\u00eeneur de suture pour entra\u00eenement \u00e0 la suture et au nouage chirurgical peau artificielle avec plaie pr\u00e9d\u00e9coup\u00e9e entra\u00eeneur de suture\" \/>\n<meta property=\"og:url\" content=\"https:\/\/www.begenat.com\/en\/produit\/entraineur-de-suture-sous-forme-de-coussin\/\" \/>\n<meta property=\"og:site_name\" content=\"www.begenat.com\" \/>\n<meta property=\"article:modified_time\" content=\"2025-08-14T07:50:47+00:00\" \/>\n<meta name=\"twitter:card\" content=\"summary_large_image\" \/>\n<meta name=\"twitter:label1\" content=\"Est. reading time\" \/>\n\t<meta name=\"twitter:data1\" content=\"1 minute\" \/>\n<script type=\"application\/ld+json\" class=\"yoast-schema-graph\">{\"@context\":\"https:\\\/\\\/schema.org\",\"@graph\":[{\"@type\":\"WebPage\",\"@id\":\"https:\\\/\\\/www.begenat.com\\\/en\\\/produit\\\/entraineur-de-suture-sous-forme-de-coussin\\\/\",\"url\":\"https:\\\/\\\/www.begenat.com\\\/en\\\/produit\\\/entraineur-de-suture-sous-forme-de-coussin\\\/\",\"name\":\"ENTRA\u00ceNEUR DE SUTURE SOUS FORME DE COUSSIN pour SVT - Coll\u00e8ge, Lyc\u00e9e, Universit\u00e9 - B\u00e9g\u00e9nat\",\"isPartOf\":{\"@id\":\"https:\\\/\\\/www.begenat.com\\\/en\\\/#website\"},\"primaryImageOfPage\":{\"@id\":\"https:\\\/\\\/www.begenat.com\\\/en\\\/produit\\\/entraineur-de-suture-sous-forme-de-coussin\\\/#primaryimage\"},\"image\":{\"@id\":\"https:\\\/\\\/www.begenat.com\\\/en\\\/produit\\\/entraineur-de-suture-sous-forme-de-coussin\\\/#primaryimage\"},\"thumbnailUrl\":\"https:\\\/\\\/www.begenat.com\\\/wp-content\\\/uploads\\\/2025\\\/08\\\/entraineur-suture.jpg\",\"datePublished\":\"2024-01-14T18:50:42+00:00\",\"dateModified\":\"2025-08-14T07:50:47+00:00\",\"description\":\"entra\u00eeneur de suture pour entra\u00eenement \u00e0 la suture et au nouage chirurgical peau artificielle avec plaie pr\u00e9d\u00e9coup\u00e9e entra\u00eeneur de suture\",\"breadcrumb\":{\"@id\":\"https:\\\/\\\/www.begenat.com\\\/en\\\/produit\\\/entraineur-de-suture-sous-forme-de-coussin\\\/#breadcrumb\"},\"inLanguage\":\"en-US\",\"potentialAction\":[{\"@type\":\"ReadAction\",\"target\":[\"https:\\\/\\\/www.begenat.com\\\/en\\\/produit\\\/entraineur-de-suture-sous-forme-de-coussin\\\/\"]}]},{\"@type\":\"ImageObject\",\"inLanguage\":\"en-US\",\"@id\":\"https:\\\/\\\/www.begenat.com\\\/en\\\/produit\\\/entraineur-de-suture-sous-forme-de-coussin\\\/#primaryimage\",\"url\":\"https:\\\/\\\/www.begenat.com\\\/wp-content\\\/uploads\\\/2025\\\/08\\\/entraineur-suture.jpg\",\"contentUrl\":\"https:\\\/\\\/www.begenat.com\\\/wp-content\\\/uploads\\\/2025\\\/08\\\/entraineur-suture.jpg\",\"width\":900,\"height\":900,\"caption\":\"entraineur suture et nouage bras\"},{\"@type\":\"BreadcrumbList\",\"@id\":\"https:\\\/\\\/www.begenat.com\\\/en\\\/produit\\\/entraineur-de-suture-sous-forme-de-coussin\\\/#breadcrumb\",\"itemListElement\":[{\"@type\":\"ListItem\",\"position\":1,\"name\":\"Home\",\"item\":\"https:\\\/\\\/www.begenat.com\\\/en\\\/\"},{\"@type\":\"ListItem\",\"position\":2,\"name\":\"Shop\",\"item\":\"https:\\\/\\\/www.begenat.com\\\/en\\\/shop\\\/\"},{\"@type\":\"ListItem\",\"position\":3,\"name\":\"ENTRA\u00ceNEUR DE SUTURE SOUS FORME DE COUSSIN\"}]},{\"@type\":\"WebSite\",\"@id\":\"https:\\\/\\\/www.begenat.com\\\/en\\\/#website\",\"url\":\"https:\\\/\\\/www.begenat.com\\\/en\\\/\",\"name\":\"www.begenat.com\",\"description\":\"\",\"publisher\":{\"@id\":\"https:\\\/\\\/www.begenat.com\\\/en\\\/#organization\"},\"potentialAction\":[{\"@type\":\"SearchAction\",\"target\":{\"@type\":\"EntryPoint\",\"urlTemplate\":\"https:\\\/\\\/www.begenat.com\\\/en\\\/?s={search_term_string}\"},\"query-input\":{\"@type\":\"PropertyValueSpecification\",\"valueRequired\":true,\"valueName\":\"search_term_string\"}}],\"inLanguage\":\"en-US\"},{\"@type\":\"Organization\",\"@id\":\"https:\\\/\\\/www.begenat.com\\\/en\\\/#organization\",\"name\":\"www.begenat.com\",\"url\":\"https:\\\/\\\/www.begenat.com\\\/en\\\/\",\"logo\":{\"@type\":\"ImageObject\",\"inLanguage\":\"en-US\",\"@id\":\"https:\\\/\\\/www.begenat.com\\\/en\\\/#\\\/schema\\\/logo\\\/image\\\/\",\"url\":\"https:\\\/\\\/www.begenat.com\\\/wp-content\\\/uploads\\\/2026\\\/01\\\/logo-petit-1.png\",\"contentUrl\":\"https:\\\/\\\/www.begenat.com\\\/wp-content\\\/uploads\\\/2026\\\/01\\\/logo-petit-1.png\",\"width\":140,\"height\":86,\"caption\":\"www.begenat.com\"},\"image\":{\"@id\":\"https:\\\/\\\/www.begenat.com\\\/en\\\/#\\\/schema\\\/logo\\\/image\\\/\"}}]}<\/script>\n<!-- \/ Yoast SEO plugin. -->","yoast_head_json":{"title":"ENTRA\u00ceNEUR DE SUTURE SOUS FORME DE COUSSIN pour SVT - Coll\u00e8ge, Lyc\u00e9e, Universit\u00e9 - B\u00e9g\u00e9nat","description":"entra\u00eeneur de suture pour entra\u00eenement \u00e0 la suture et au nouage chirurgical peau artificielle avec plaie pr\u00e9d\u00e9coup\u00e9e entra\u00eeneur de suture","robots":{"index":"index","follow":"follow","max-snippet":"max-snippet:-1","max-image-preview":"max-image-preview:large","max-video-preview":"max-video-preview:-1"},"canonical":"https:\/\/www.begenat.com\/en\/produit\/entraineur-de-suture-sous-forme-de-coussin\/","og_locale":"en_US","og_type":"article","og_title":"ENTRA\u00ceNEUR DE SUTURE SOUS FORME DE COUSSIN pour SVT - Coll\u00e8ge, Lyc\u00e9e, Universit\u00e9 - B\u00e9g\u00e9nat","og_description":"entra\u00eeneur de suture pour entra\u00eenement \u00e0 la suture et au nouage chirurgical peau artificielle avec plaie pr\u00e9d\u00e9coup\u00e9e entra\u00eeneur de suture","og_url":"https:\/\/www.begenat.com\/en\/produit\/entraineur-de-suture-sous-forme-de-coussin\/","og_site_name":"www.begenat.com","article_modified_time":"2025-08-14T07:50:47+00:00","twitter_card":"summary_large_image","twitter_misc":{"Est. reading time":"1 minute"},"schema":{"@context":"https:\/\/schema.org","@graph":[{"@type":"WebPage","@id":"https:\/\/www.begenat.com\/en\/produit\/entraineur-de-suture-sous-forme-de-coussin\/","url":"https:\/\/www.begenat.com\/en\/produit\/entraineur-de-suture-sous-forme-de-coussin\/","name":"ENTRA\u00ceNEUR DE SUTURE SOUS FORME DE COUSSIN pour SVT - Coll\u00e8ge, Lyc\u00e9e, Universit\u00e9 - B\u00e9g\u00e9nat","isPartOf":{"@id":"https:\/\/www.begenat.com\/en\/#website"},"primaryImageOfPage":{"@id":"https:\/\/www.begenat.com\/en\/produit\/entraineur-de-suture-sous-forme-de-coussin\/#primaryimage"},"image":{"@id":"https:\/\/www.begenat.com\/en\/produit\/entraineur-de-suture-sous-forme-de-coussin\/#primaryimage"},"thumbnailUrl":"https:\/\/www.begenat.com\/wp-content\/uploads\/2025\/08\/entraineur-suture.jpg","datePublished":"2024-01-14T18:50:42+00:00","dateModified":"2025-08-14T07:50:47+00:00","description":"entra\u00eeneur de suture pour entra\u00eenement \u00e0 la suture et au nouage chirurgical peau artificielle avec plaie pr\u00e9d\u00e9coup\u00e9e entra\u00eeneur de suture","breadcrumb":{"@id":"https:\/\/www.begenat.com\/en\/produit\/entraineur-de-suture-sous-forme-de-coussin\/#breadcrumb"},"inLanguage":"en-US","potentialAction":[{"@type":"ReadAction","target":["https:\/\/www.begenat.com\/en\/produit\/entraineur-de-suture-sous-forme-de-coussin\/"]}]},{"@type":"ImageObject","inLanguage":"en-US","@id":"https:\/\/www.begenat.com\/en\/produit\/entraineur-de-suture-sous-forme-de-coussin\/#primaryimage","url":"https:\/\/www.begenat.com\/wp-content\/uploads\/2025\/08\/entraineur-suture.jpg","contentUrl":"https:\/\/www.begenat.com\/wp-content\/uploads\/2025\/08\/entraineur-suture.jpg","width":900,"height":900,"caption":"entraineur suture et nouage bras"},{"@type":"BreadcrumbList","@id":"https:\/\/www.begenat.com\/en\/produit\/entraineur-de-suture-sous-forme-de-coussin\/#breadcrumb","itemListElement":[{"@type":"ListItem","position":1,"name":"Home","item":"https:\/\/www.begenat.com\/en\/"},{"@type":"ListItem","position":2,"name":"Shop","item":"https:\/\/www.begenat.com\/en\/shop\/"},{"@type":"ListItem","position":3,"name":"ENTRA\u00ceNEUR DE SUTURE SOUS FORME DE COUSSIN"}]},{"@type":"WebSite","@id":"https:\/\/www.begenat.com\/en\/#website","url":"https:\/\/www.begenat.com\/en\/","name":"www.begenat.com","description":"","publisher":{"@id":"https:\/\/www.begenat.com\/en\/#organization"},"potentialAction":[{"@type":"SearchAction","target":{"@type":"EntryPoint","urlTemplate":"https:\/\/www.begenat.com\/en\/?s={search_term_string}"},"query-input":{"@type":"PropertyValueSpecification","valueRequired":true,"valueName":"search_term_string"}}],"inLanguage":"en-US"},{"@type":"Organization","@id":"https:\/\/www.begenat.com\/en\/#organization","name":"www.begenat.com","url":"https:\/\/www.begenat.com\/en\/","logo":{"@type":"ImageObject","inLanguage":"en-US","@id":"https:\/\/www.begenat.com\/en\/#\/schema\/logo\/image\/","url":"https:\/\/www.begenat.com\/wp-content\/uploads\/2026\/01\/logo-petit-1.png","contentUrl":"https:\/\/www.begenat.com\/wp-content\/uploads\/2026\/01\/logo-petit-1.png","width":140,"height":86,"caption":"www.begenat.com"},"image":{"@id":"https:\/\/www.begenat.com\/en\/#\/schema\/logo\/image\/"}}]}},"_links":{"self":[{"href":"https:\/\/www.begenat.com\/en\/wp-json\/wp\/v2\/product\/10128","targetHints":{"allow":["GET"]}}],"collection":[{"href":"https:\/\/www.begenat.com\/en\/wp-json\/wp\/v2\/product"}],"about":[{"href":"https:\/\/www.begenat.com\/en\/wp-json\/wp\/v2\/types\/product"}],"replies":[{"embeddable":true,"href":"https:\/\/www.begenat.com\/en\/wp-json\/wp\/v2\/comments?post=10128"}],"wp:featuredmedia":[{"embeddable":true,"href":"https:\/\/www.begenat.com\/en\/wp-json\/wp\/v2\/media\/101831"}],"wp:attachment":[{"href":"https:\/\/www.begenat.com\/en\/wp-json\/wp\/v2\/media?parent=10128"}],"wp:term":[{"taxonomy":"product_brand","embeddable":true,"href":"https:\/\/www.begenat.com\/en\/wp-json\/wp\/v2\/product_brand?post=10128"},{"taxonomy":"product_cat","embeddable":true,"href":"https:\/\/www.begenat.com\/en\/wp-json\/wp\/v2\/product_cat?post=10128"},{"taxonomy":"product_tag","embeddable":true,"href":"https:\/\/www.begenat.com\/en\/wp-json\/wp\/v2\/product_tag?post=10128"}],"curies":[{"name":"wp","href":"https:\/\/api.w.org\/{rel}","templated":true}]}}