{"id":10120,"date":"2024-01-14T19:18:43","date_gmt":"2024-01-14T18:18:43","guid":{"rendered":"https:\/\/www.begenat.com\/?post_type=product&#038;p=10120"},"modified":"2025-08-14T09:50:46","modified_gmt":"2025-08-14T07:50:46","slug":"bras-dinjection-pour-injection","status":"publish","type":"product","link":"https:\/\/www.begenat.com\/en\/produit\/bras-dinjection-pour-injection\/","title":{"rendered":"BRAS D\u2019INJECTION POUR INJECTION"},"content":{"rendered":"<p>Le bras d\u2019injection est un mod\u00e8le de simulation pour l\u2019entra\u00eenement \u00e0 l\u2019injection et \u00e0 la ponction veineuse. Le bras d\u2019injection est fabriqu\u00e9 \u00e0 partir de PVC souple similaire \u00e0 la peau. Le bras \u00e0 injection offre une r\u00e9sistance r\u00e9aliste lors de l\u2019injection\/ponction. Ce bras d\u2019injection est r\u00e9sistant aux d\u00e9sinfectants et est lavable. Le bras contient 2 tubes \u2013 ces \u00ab veines \u00bb peuvent \u00eatre remplies de sang artificiel.<\/p>\n","protected":false},"excerpt":{"rendered":"<p>Le bras d\u2019injection est un mod\u00e8le de simulation pour l\u2019entra\u00eenement \u00e0 l\u2019injection et \u00e0 la ponction veineuse. Le bras d\u2019injection est fabriqu\u00e9 \u00e0 partir de PVC souple similaire \u00e0 la peau. Le bras \u00e0 injection offre une r\u00e9sistance r\u00e9aliste lors de l\u2019injection\/ponction. Ce bras d\u2019injection est r\u00e9sistant aux d\u00e9sinfectants et est lavable. Le bras contient [&hellip;]<\/p>\n","protected":false},"featured_media":101825,"comment_status":"closed","ping_status":"closed","template":"","meta":{"_acf_changed":false},"product_brand":[],"product_cat":[100430,100369],"product_tag":[],"class_list":{"0":"post-10120","1":"product","2":"type-product","3":"status-publish","4":"has-post-thumbnail","6":"product_cat-medecine-humaine","7":"product_cat-modeles-anatomiques-et-posters","9":"first","10":"instock","11":"taxable","12":"shipping-taxable","13":"purchasable","14":"product-type-simple"},"acf":[],"yoast_head":"<!-- This site is optimized with the Yoast SEO plugin v27.4 - https:\/\/yoast.com\/product\/yoast-seo-wordpress\/ -->\n<title>BRAS D\u2019INJECTION POUR INJECTION pour SVT - Coll\u00e8ge, Lyc\u00e9e, Universit\u00e9 - B\u00e9g\u00e9nat<\/title>\n<meta name=\"description\" content=\"mod\u00e8le de simulation pour l\u2019entra\u00eenement \u00e0 l\u2019injection et \u00e0 la ponction veineuse. Le bras d\u2019injection est fabriqu\u00e9 \u00e0 partir de PVC souple et lavable.\" \/>\n<meta name=\"robots\" content=\"index, follow, max-snippet:-1, max-image-preview:large, max-video-preview:-1\" \/>\n<link rel=\"canonical\" href=\"https:\/\/www.begenat.com\/en\/produit\/bras-dinjection-pour-injection\/\" \/>\n<meta property=\"og:locale\" content=\"en_US\" \/>\n<meta property=\"og:type\" content=\"article\" \/>\n<meta property=\"og:title\" content=\"BRAS D\u2019INJECTION POUR INJECTION pour SVT - Coll\u00e8ge, Lyc\u00e9e, Universit\u00e9 - B\u00e9g\u00e9nat\" \/>\n<meta property=\"og:description\" content=\"mod\u00e8le de simulation pour l\u2019entra\u00eenement \u00e0 l\u2019injection et \u00e0 la ponction veineuse. Le bras d\u2019injection est fabriqu\u00e9 \u00e0 partir de PVC souple et lavable.\" \/>\n<meta property=\"og:url\" content=\"https:\/\/www.begenat.com\/en\/produit\/bras-dinjection-pour-injection\/\" \/>\n<meta property=\"og:site_name\" content=\"www.begenat.com\" \/>\n<meta property=\"article:modified_time\" content=\"2025-08-14T07:50:46+00:00\" \/>\n<meta name=\"twitter:card\" content=\"summary_large_image\" \/>\n<meta name=\"twitter:label1\" content=\"Est. reading time\" \/>\n\t<meta name=\"twitter:data1\" content=\"1 minute\" \/>\n<script type=\"application\/ld+json\" class=\"yoast-schema-graph\">{\"@context\":\"https:\\\/\\\/schema.org\",\"@graph\":[{\"@type\":\"WebPage\",\"@id\":\"https:\\\/\\\/www.begenat.com\\\/en\\\/produit\\\/bras-dinjection-pour-injection\\\/\",\"url\":\"https:\\\/\\\/www.begenat.com\\\/en\\\/produit\\\/bras-dinjection-pour-injection\\\/\",\"name\":\"BRAS D\u2019INJECTION POUR INJECTION pour SVT - Coll\u00e8ge, Lyc\u00e9e, Universit\u00e9 - B\u00e9g\u00e9nat\",\"isPartOf\":{\"@id\":\"https:\\\/\\\/www.begenat.com\\\/en\\\/#website\"},\"primaryImageOfPage\":{\"@id\":\"https:\\\/\\\/www.begenat.com\\\/en\\\/produit\\\/bras-dinjection-pour-injection\\\/#primaryimage\"},\"image\":{\"@id\":\"https:\\\/\\\/www.begenat.com\\\/en\\\/produit\\\/bras-dinjection-pour-injection\\\/#primaryimage\"},\"thumbnailUrl\":\"https:\\\/\\\/www.begenat.com\\\/wp-content\\\/uploads\\\/2025\\\/08\\\/bras-injection.jpg\",\"datePublished\":\"2024-01-14T18:18:43+00:00\",\"dateModified\":\"2025-08-14T07:50:46+00:00\",\"description\":\"mod\u00e8le de simulation pour l\u2019entra\u00eenement \u00e0 l\u2019injection et \u00e0 la ponction veineuse. Le bras d\u2019injection est fabriqu\u00e9 \u00e0 partir de PVC souple et lavable.\",\"breadcrumb\":{\"@id\":\"https:\\\/\\\/www.begenat.com\\\/en\\\/produit\\\/bras-dinjection-pour-injection\\\/#breadcrumb\"},\"inLanguage\":\"en-US\",\"potentialAction\":[{\"@type\":\"ReadAction\",\"target\":[\"https:\\\/\\\/www.begenat.com\\\/en\\\/produit\\\/bras-dinjection-pour-injection\\\/\"]}]},{\"@type\":\"ImageObject\",\"inLanguage\":\"en-US\",\"@id\":\"https:\\\/\\\/www.begenat.com\\\/en\\\/produit\\\/bras-dinjection-pour-injection\\\/#primaryimage\",\"url\":\"https:\\\/\\\/www.begenat.com\\\/wp-content\\\/uploads\\\/2025\\\/08\\\/bras-injection.jpg\",\"contentUrl\":\"https:\\\/\\\/www.begenat.com\\\/wp-content\\\/uploads\\\/2025\\\/08\\\/bras-injection.jpg\",\"width\":900,\"height\":900,\"caption\":\"bras injection et ponction veineuse\"},{\"@type\":\"BreadcrumbList\",\"@id\":\"https:\\\/\\\/www.begenat.com\\\/en\\\/produit\\\/bras-dinjection-pour-injection\\\/#breadcrumb\",\"itemListElement\":[{\"@type\":\"ListItem\",\"position\":1,\"name\":\"Home\",\"item\":\"https:\\\/\\\/www.begenat.com\\\/en\\\/\"},{\"@type\":\"ListItem\",\"position\":2,\"name\":\"Shop\",\"item\":\"https:\\\/\\\/www.begenat.com\\\/en\\\/shop\\\/\"},{\"@type\":\"ListItem\",\"position\":3,\"name\":\"BRAS D\u2019INJECTION POUR INJECTION\"}]},{\"@type\":\"WebSite\",\"@id\":\"https:\\\/\\\/www.begenat.com\\\/en\\\/#website\",\"url\":\"https:\\\/\\\/www.begenat.com\\\/en\\\/\",\"name\":\"www.begenat.com\",\"description\":\"\",\"publisher\":{\"@id\":\"https:\\\/\\\/www.begenat.com\\\/en\\\/#organization\"},\"potentialAction\":[{\"@type\":\"SearchAction\",\"target\":{\"@type\":\"EntryPoint\",\"urlTemplate\":\"https:\\\/\\\/www.begenat.com\\\/en\\\/?s={search_term_string}\"},\"query-input\":{\"@type\":\"PropertyValueSpecification\",\"valueRequired\":true,\"valueName\":\"search_term_string\"}}],\"inLanguage\":\"en-US\"},{\"@type\":\"Organization\",\"@id\":\"https:\\\/\\\/www.begenat.com\\\/en\\\/#organization\",\"name\":\"www.begenat.com\",\"url\":\"https:\\\/\\\/www.begenat.com\\\/en\\\/\",\"logo\":{\"@type\":\"ImageObject\",\"inLanguage\":\"en-US\",\"@id\":\"https:\\\/\\\/www.begenat.com\\\/en\\\/#\\\/schema\\\/logo\\\/image\\\/\",\"url\":\"https:\\\/\\\/www.begenat.com\\\/wp-content\\\/uploads\\\/2026\\\/01\\\/logo-petit-1.png\",\"contentUrl\":\"https:\\\/\\\/www.begenat.com\\\/wp-content\\\/uploads\\\/2026\\\/01\\\/logo-petit-1.png\",\"width\":140,\"height\":86,\"caption\":\"www.begenat.com\"},\"image\":{\"@id\":\"https:\\\/\\\/www.begenat.com\\\/en\\\/#\\\/schema\\\/logo\\\/image\\\/\"}}]}<\/script>\n<!-- \/ Yoast SEO plugin. -->","yoast_head_json":{"title":"BRAS D\u2019INJECTION POUR INJECTION pour SVT - Coll\u00e8ge, Lyc\u00e9e, Universit\u00e9 - B\u00e9g\u00e9nat","description":"mod\u00e8le de simulation pour l\u2019entra\u00eenement \u00e0 l\u2019injection et \u00e0 la ponction veineuse. Le bras d\u2019injection est fabriqu\u00e9 \u00e0 partir de PVC souple et lavable.","robots":{"index":"index","follow":"follow","max-snippet":"max-snippet:-1","max-image-preview":"max-image-preview:large","max-video-preview":"max-video-preview:-1"},"canonical":"https:\/\/www.begenat.com\/en\/produit\/bras-dinjection-pour-injection\/","og_locale":"en_US","og_type":"article","og_title":"BRAS D\u2019INJECTION POUR INJECTION pour SVT - Coll\u00e8ge, Lyc\u00e9e, Universit\u00e9 - B\u00e9g\u00e9nat","og_description":"mod\u00e8le de simulation pour l\u2019entra\u00eenement \u00e0 l\u2019injection et \u00e0 la ponction veineuse. Le bras d\u2019injection est fabriqu\u00e9 \u00e0 partir de PVC souple et lavable.","og_url":"https:\/\/www.begenat.com\/en\/produit\/bras-dinjection-pour-injection\/","og_site_name":"www.begenat.com","article_modified_time":"2025-08-14T07:50:46+00:00","twitter_card":"summary_large_image","twitter_misc":{"Est. reading time":"1 minute"},"schema":{"@context":"https:\/\/schema.org","@graph":[{"@type":"WebPage","@id":"https:\/\/www.begenat.com\/en\/produit\/bras-dinjection-pour-injection\/","url":"https:\/\/www.begenat.com\/en\/produit\/bras-dinjection-pour-injection\/","name":"BRAS D\u2019INJECTION POUR INJECTION pour SVT - Coll\u00e8ge, Lyc\u00e9e, Universit\u00e9 - B\u00e9g\u00e9nat","isPartOf":{"@id":"https:\/\/www.begenat.com\/en\/#website"},"primaryImageOfPage":{"@id":"https:\/\/www.begenat.com\/en\/produit\/bras-dinjection-pour-injection\/#primaryimage"},"image":{"@id":"https:\/\/www.begenat.com\/en\/produit\/bras-dinjection-pour-injection\/#primaryimage"},"thumbnailUrl":"https:\/\/www.begenat.com\/wp-content\/uploads\/2025\/08\/bras-injection.jpg","datePublished":"2024-01-14T18:18:43+00:00","dateModified":"2025-08-14T07:50:46+00:00","description":"mod\u00e8le de simulation pour l\u2019entra\u00eenement \u00e0 l\u2019injection et \u00e0 la ponction veineuse. Le bras d\u2019injection est fabriqu\u00e9 \u00e0 partir de PVC souple et lavable.","breadcrumb":{"@id":"https:\/\/www.begenat.com\/en\/produit\/bras-dinjection-pour-injection\/#breadcrumb"},"inLanguage":"en-US","potentialAction":[{"@type":"ReadAction","target":["https:\/\/www.begenat.com\/en\/produit\/bras-dinjection-pour-injection\/"]}]},{"@type":"ImageObject","inLanguage":"en-US","@id":"https:\/\/www.begenat.com\/en\/produit\/bras-dinjection-pour-injection\/#primaryimage","url":"https:\/\/www.begenat.com\/wp-content\/uploads\/2025\/08\/bras-injection.jpg","contentUrl":"https:\/\/www.begenat.com\/wp-content\/uploads\/2025\/08\/bras-injection.jpg","width":900,"height":900,"caption":"bras injection et ponction veineuse"},{"@type":"BreadcrumbList","@id":"https:\/\/www.begenat.com\/en\/produit\/bras-dinjection-pour-injection\/#breadcrumb","itemListElement":[{"@type":"ListItem","position":1,"name":"Home","item":"https:\/\/www.begenat.com\/en\/"},{"@type":"ListItem","position":2,"name":"Shop","item":"https:\/\/www.begenat.com\/en\/shop\/"},{"@type":"ListItem","position":3,"name":"BRAS D\u2019INJECTION POUR INJECTION"}]},{"@type":"WebSite","@id":"https:\/\/www.begenat.com\/en\/#website","url":"https:\/\/www.begenat.com\/en\/","name":"www.begenat.com","description":"","publisher":{"@id":"https:\/\/www.begenat.com\/en\/#organization"},"potentialAction":[{"@type":"SearchAction","target":{"@type":"EntryPoint","urlTemplate":"https:\/\/www.begenat.com\/en\/?s={search_term_string}"},"query-input":{"@type":"PropertyValueSpecification","valueRequired":true,"valueName":"search_term_string"}}],"inLanguage":"en-US"},{"@type":"Organization","@id":"https:\/\/www.begenat.com\/en\/#organization","name":"www.begenat.com","url":"https:\/\/www.begenat.com\/en\/","logo":{"@type":"ImageObject","inLanguage":"en-US","@id":"https:\/\/www.begenat.com\/en\/#\/schema\/logo\/image\/","url":"https:\/\/www.begenat.com\/wp-content\/uploads\/2026\/01\/logo-petit-1.png","contentUrl":"https:\/\/www.begenat.com\/wp-content\/uploads\/2026\/01\/logo-petit-1.png","width":140,"height":86,"caption":"www.begenat.com"},"image":{"@id":"https:\/\/www.begenat.com\/en\/#\/schema\/logo\/image\/"}}]}},"_links":{"self":[{"href":"https:\/\/www.begenat.com\/en\/wp-json\/wp\/v2\/product\/10120","targetHints":{"allow":["GET"]}}],"collection":[{"href":"https:\/\/www.begenat.com\/en\/wp-json\/wp\/v2\/product"}],"about":[{"href":"https:\/\/www.begenat.com\/en\/wp-json\/wp\/v2\/types\/product"}],"replies":[{"embeddable":true,"href":"https:\/\/www.begenat.com\/en\/wp-json\/wp\/v2\/comments?post=10120"}],"wp:featuredmedia":[{"embeddable":true,"href":"https:\/\/www.begenat.com\/en\/wp-json\/wp\/v2\/media\/101825"}],"wp:attachment":[{"href":"https:\/\/www.begenat.com\/en\/wp-json\/wp\/v2\/media?parent=10120"}],"wp:term":[{"taxonomy":"product_brand","embeddable":true,"href":"https:\/\/www.begenat.com\/en\/wp-json\/wp\/v2\/product_brand?post=10120"},{"taxonomy":"product_cat","embeddable":true,"href":"https:\/\/www.begenat.com\/en\/wp-json\/wp\/v2\/product_cat?post=10120"},{"taxonomy":"product_tag","embeddable":true,"href":"https:\/\/www.begenat.com\/en\/wp-json\/wp\/v2\/product_tag?post=10120"}],"curies":[{"name":"wp","href":"https:\/\/api.w.org\/{rel}","templated":true}]}}